{"id":107,"date":"2022-03-08T09:06:09","date_gmt":"2022-03-08T09:06:09","guid":{"rendered":"https:\/\/digitalzwomen.erasmus.site\/?page_id=107"},"modified":"2022-11-27T19:50:55","modified_gmt":"2022-11-27T19:50:55","slug":"project-partners","status":"publish","type":"page","link":"https:\/\/digitalzwomen.erasmus.site\/cs\/project-partners\/","title":{"rendered":"Partnerstv\u00ed"},"content":{"rendered":"<p><\/p>\n<p style=\"text-align: center;\"><img fetchpriority=\"high\" decoding=\"async\" class=\"alignnone size-medium wp-image-109\" src=\"https:\/\/digitalzwomen.erasmus.site\/wp-content\/uploads\/2022\/03\/EA-300x300.png\" alt=\"\" width=\"300\" height=\"300\" srcset=\"https:\/\/digitalzwomen.erasmus.site\/wp-content\/uploads\/2022\/03\/EA.png 300w, https:\/\/digitalzwomen.erasmus.site\/wp-content\/uploads\/2022\/03\/EA-150x150.png 150w\" sizes=\"(max-width: 300px) 100vw, 300px\" \/><\/p>\n<h3><\/h3>\n<h3 style=\"text-align: center;\">Koordin\u00e1tor projektu: Educational Association, z. s &#8211; \u010cesk\u00e1 republika<\/h3>\n<p>Educational Association, z. s je neziskov\u00e9 ob\u010dansk\u00e9 sdru\u017een\u00ed, jeho\u017e c\u00edlem je rozvoj otev\u0159en\u00e9 vzd\u011bl\u00e1vac\u00ed spole\u010dnosti, informa\u010dn\u00ed, poradensk\u00e9 a konzulta\u010dn\u00ed \u010dinnosti v r\u00e1mci celo\u017eivotn\u00edho vzd\u011bl\u00e1v\u00e1n\u00ed. C\u00edlem je napom\u00e1hat lep\u0161\u00edmu porozum\u011bn\u00ed praktik, politik\u00e1m a syst\u00e9m\u016fm ve vzd\u011bl\u00e1v\u00e1n\u00ed a odborn\u00e9 p\u0159\u00edprav\u011b, a to nap\u0159\u00ed\u010d zem\u011bmi. S v\u00edce ne\u017e t\u0159in\u00e1ctiletou zku\u0161enost\u00ed s \u00fa\u010dast\u00ed v projektech financovan\u00fdch z fond\u016f EU Educational Association, z.s. jako celek podpo\u0159ilo nebo se pod\u00edlelo na v\u00edce ne\u017e 11 projektech, v\u010detn\u011b projekt\u016f v oblasti odborn\u00e9ho vzd\u011bl\u00e1v\u00e1n\u00ed a p\u0159\u00edpravy. V\u0161echny tyto projekty jsou zam\u011b\u0159eny na vzd\u011bl\u00e1vac\u00ed a \u0161kolic\u00ed aktivity a aktivity v oblasti \u0159\u00edzen\u00ed kvality. Abychom zajistili dopad ka\u017ed\u00e9ho projektu spolupr\u00e1ce, \u00fazce spolupracujeme zejm\u00e9na s m\u00edstn\u00edmi partnery, tj. \u0161kolami v oblasti odborn\u00e9ho vzd\u011bl\u00e1v\u00e1n\u00ed a p\u0159\u00edpravy, dal\u0161\u00edch poskytovatel\u016f vzd\u011bl\u00e1v\u00e1n\u00ed a soci\u00e1ln\u00edch partner\u016f.<br \/>\nV sou\u010dasn\u00e9 dob\u011b p\u016fsob\u00ed Educational Association, z. s zejm\u00e9na v kl\u00ed\u010dov\u00fdch oblastech jako je hodnocen\u00ed z\u00e1kladn\u00edch a pr\u016f\u0159ezov\u00fdch dovednost\u00ed, zejm\u00e9na podnikavosti, soci\u00e1ln\u00edch, ob\u010dansk\u00fdch, interkulturn\u00edch kompetenc\u00ed, podpora kritick\u00e9ho my\u0161len\u00ed, digit\u00e1ln\u00edch dovednost\u00ed a medi\u00e1ln\u00ed gramotnosti.<\/p>\n<p>Webov\u00e9 str\u00e1nky: <a href=\"http:\/\/educationalassociation.eu\/en\" target=\"_blank\" rel=\"noopener\">www.educationalassociation.eu\/en<\/a><br \/>\nKontakt: <a href=\"mailto:educational.as@gmail.com\">educational.as@gmail.com<\/a><\/p>\n<hr \/>\n<p style=\"text-align: center;\"><img decoding=\"async\" class=\"size-medium wp-image-113 aligncenter\" src=\"https:\/\/digitalzwomen.erasmus.site\/wp-content\/uploads\/2022\/03\/mindshift-300x300.png\" alt=\"\" width=\"300\" height=\"300\" srcset=\"https:\/\/digitalzwomen.erasmus.site\/wp-content\/uploads\/2022\/03\/mindshift.png 300w, https:\/\/digitalzwomen.erasmus.site\/wp-content\/uploads\/2022\/03\/mindshift-150x150.png 150w\" sizes=\"(max-width: 300px) 100vw, 300px\" \/><\/p>\n<h3 style=\"text-align: center;\">Mindshift Talent Advisory &#8211; Portugalsko<\/h3>\n<p>Mindshift je poradensk\u00e1 spole\u010dnost specializuj\u00edc\u00ed se na lidsk\u00e9 zdroje, kter\u00e1 investuje do v\u00fdkonnosti a zvy\u0161ov\u00e1n\u00ed kvalifikace lid\u00ed a sna\u017e\u00ed se zv\u00fd\u0161it digit\u00e1ln\u00ed a mezilidskou vysp\u011blost organizac\u00ed a spole\u010dnosti.<br \/>\nNa n\u00e1rodn\u00ed \u00farovni je jedn\u00edm z hlavn\u00edch partner\u016f MINDSHIFT spole\u010dnost The Key Talent Portugal, HR Tech Consulting specializuj\u00edc\u00ed se na spole\u010denskou p\u0159ita\u017elivost a hodnocen\u00ed talent\u016f, kter\u00e1 vyv\u00edj\u00ed platformy, jako jsou Panorama a AplyGo, kter\u00e9 umo\u017e\u0148uj\u00ed optimalizovat, implementovat a \u0159\u00eddit digit\u00e1ln\u00ed, agiln\u00ed a atraktivn\u00ed HR procesy zalo\u017een\u00e9 na anal\u00fdze dat.<br \/>\nNa evropsk\u00e9 \u00farovni jsme strategick\u00fdm partnerem pro rozvoj projekt\u016f nadn\u00e1rodn\u00ed spolupr\u00e1ce zam\u011b\u0159en\u00fdch na vytv\u00e1\u0159en\u00ed inovativn\u00edch \u0159e\u0161en\u00ed v oblasti vzd\u011bl\u00e1v\u00e1n\u00ed ml\u00e1de\u017ee a dosp\u011bl\u00fdch, a to v \u0161esti kl\u00ed\u010dov\u00fdch oblastech: zvy\u0161ov\u00e1n\u00ed kvalifikace a rekvalifikace, inkluze a zam\u011bstnatelnost, udr\u017eiteln\u00fd rozvoj, pos\u00edlen\u00ed postaven\u00ed \u017een, podnik\u00e1n\u00ed a kreativita a digit\u00e1ln\u00ed talenty.<br \/>\nSpole\u010dnost Mindshift se siln\u011b anga\u017euje v dodr\u017eov\u00e1n\u00ed z\u00e1sad spole\u010densk\u00e9 odpov\u011bdnosti a Agendy 2030 pro udr\u017eiteln\u00fd rozvoj a sdru\u017euje t\u00fdm zam\u011bstnanc\u016f s r\u016fzn\u00fdm vzd\u011bl\u00e1n\u00edm a profesn\u00edmi zku\u0161enostmi.<\/p>\n<p>Webov\u00e9 str\u00e1nky: <a href=\"https:\/\/www.mindshift.pt\/\" target=\"_blank\" rel=\"noopener\">www.mindshift.pt\/<\/a><br \/>\nKontakt: <a href=\"mailto:geral@mindshift.pt\">geral@mindshift.pt <\/a><\/p>\n<hr \/>\n<p style=\"text-align: center;\"><img decoding=\"async\" class=\"alignnone wp-image-110 size-medium\" src=\"https:\/\/digitalzwomen.erasmus.site\/wp-content\/uploads\/2022\/03\/silver-300x300.png\" alt=\"\" width=\"300\" height=\"300\" srcset=\"https:\/\/digitalzwomen.erasmus.site\/wp-content\/uploads\/2022\/03\/silver.png 300w, https:\/\/digitalzwomen.erasmus.site\/wp-content\/uploads\/2022\/03\/silver-150x150.png 150w\" sizes=\"(max-width: 300px) 100vw, 300px\" \/><\/p>\n<h3 style=\"text-align: center;\">Coop\u00e9rative d&#8217;Activit\u00e9 et d&#8217;Emploi dans les Services A la Personne et la Silver Economie &#8211; Francie<\/h3>\n<p>S<\/p>\n<p>SILVER SAP je CAE (Coop\u00e9rative d&#8217;Activit\u00e9 et de l&#8217;Emploi\/Obchodn\u00ed a zam\u011bstnaneck\u00e9 dru\u017estvo), kter\u00e9 se specializuje na sektor slu\u017eeb pro lidi a st\u0159\u00edbrnou ekonomiku.<br \/>\nDru\u017estevn\u00ed identita Silversap je definov\u00e1na: uzn\u00e1n\u00edm d\u016fstojnosti pr\u00e1ce, pr\u00e1vem na vzd\u011bl\u00e1v\u00e1n\u00ed, kreativitou a iniciativou, odpov\u011bdnost\u00ed ve spole\u010dn\u00e9m projektu, transparentnost\u00ed a legitimitou \u0159\u00edd\u00edc\u00edch a rozhodovac\u00edch org\u00e1n\u016f.<\/p>\n<p>Co d\u011bl\u00e1me ?<br \/>\nMentoring<br \/>\n&#8211; N\u00e1sledn\u00e1 \u010dinnost<br \/>\n&#8211; \u0160kolen\u00ed<br \/>\n&#8211; Rada<br \/>\nVeden\u00ed<br \/>\n&#8211; \u00da\u010detnictv\u00ed<br \/>\n&#8211; N\u00e1stroj pro spolupr\u00e1ci<br \/>\n&#8211; Spr\u00e1vn\u00ed postupy<br \/>\nS\u00ed\u0165<br \/>\n&#8211; Dynamika v\u00fdm\u011bny<br \/>\n&#8211; Sd\u00edlen\u00ed zku\u0161enost\u00ed<br \/>\n&#8211; Analytick\u00e9 skupiny<\/p>\n<p>Webov\u00e9 str\u00e1nky: <a href=\"http:\/\/silversap.com\" target=\"_blank\" rel=\"noopener\">www.silversap.com<\/a><\/p>\n<hr \/>\n<p style=\"text-align: center;\"><img loading=\"lazy\" decoding=\"async\" class=\"alignnone wp-image-112 size-medium\" src=\"https:\/\/digitalzwomen.erasmus.site\/wp-content\/uploads\/2022\/03\/cwep-300x300.png\" alt=\"\" width=\"300\" height=\"300\" srcset=\"https:\/\/digitalzwomen.erasmus.site\/wp-content\/uploads\/2022\/03\/cwep.png 300w, https:\/\/digitalzwomen.erasmus.site\/wp-content\/uploads\/2022\/03\/cwep-150x150.png 150w\" sizes=\"(max-width: 300px) 100vw, 300px\" \/><\/p>\n<h3 style=\"text-align: center;\">Stowarzyszenie Centrum Wspierania Edukacji i Przedsi\u0119biorczo\u015bci (CWEP) &#8211; Polsko<\/h3>\n<p>Centrum Wspierania Edukacji i Przedsi\u0119biorczo\u015bci p\u016fsob\u00ed od roku 2004 a vykon\u00e1v\u00e1 \u010dinnosti souvisej\u00edc\u00ed s podporou a propagac\u00ed modern\u00edho vzd\u011bl\u00e1v\u00e1n\u00ed a podnik\u00e1n\u00ed, v\u011bdeck\u00fdm v\u00fdzkumem a poradenstv\u00edm, po\u0159\u00e1d\u00e1n\u00edm \u0161kolen\u00ed, vydavatelskou, marketingovou, poradenskou a reklamn\u00ed \u010dinnost\u00ed. Sdru\u017een\u00ed poskytuje slu\u017eby podporuj\u00edc\u00ed vzd\u011bl\u00e1v\u00e1n\u00ed prost\u0159ednictv\u00edm realizace nadn\u00e1rodn\u00edch vzd\u011bl\u00e1vac\u00edch projekt\u016f zam\u011b\u0159en\u00fdch na mlad\u00e9 lidi a organizace \u0161kolen\u00ed. Realizuje tak\u00e9 poradenskou podporu pro firmy p\u016fsob\u00edc\u00ed v Podkarpatsk\u00e9 Rusi a Malopolsku a realizuje investi\u010dn\u00ed projekty zam\u011b\u0159en\u00e9 na zkvalitn\u011bn\u00ed slu\u017eeb podpory podnik\u00e1n\u00ed. Sdru\u017een\u00ed je aktivn\u00ed v oblasti v\u011bdy, co\u017e se projevuje anga\u017eovanost\u00ed ve v\u00fdzkumn\u00fdch projektech a prov\u00e1d\u011bn\u00edm vlastn\u00edch anal\u00fdz spole\u010dnosti.<\/p>\n<p>Webov\u00e9 str\u00e1nky: <a href=\"https:\/\/www.cwep.eu\" target=\"_blank\" rel=\"noopener\">www.cwep.eu<\/a><\/p>\n<hr \/>\n<p style=\"text-align: center;\"><img loading=\"lazy\" decoding=\"async\" class=\"alignnone wp-image-114 size-medium\" src=\"https:\/\/digitalzwomen.erasmus.site\/wp-content\/uploads\/2022\/03\/inthecity-300x300.png\" alt=\"\" width=\"300\" height=\"300\" srcset=\"https:\/\/digitalzwomen.erasmus.site\/wp-content\/uploads\/2022\/03\/inthecity.png 300w, https:\/\/digitalzwomen.erasmus.site\/wp-content\/uploads\/2022\/03\/inthecity-150x150.png 150w\" sizes=\"(max-width: 300px) 100vw, 300px\" \/><\/p>\n<h3 style=\"text-align: center;\">Inthecity Project Development &#8211; Nizozemsko<\/h3>\n<p>Inthecity Project Development je kreativn\u00ed multimedi\u00e1ln\u00ed agentura. Jej\u00ed t\u00fdm &#8222;digit\u00e1ln\u00edch vyprav\u011b\u010d\u016f&#8220; zahrnuje uzn\u00e1van\u00e9 a osv\u011bd\u010den\u00e9 odborn\u00e9 znalosti v oblasti filmov\u00e9 tvorby, animace, webov\u00e9ho designu a v\u00fdvoje, produkce vide\u00ed z akc\u00ed a soci\u00e1ln\u00edch m\u00e9di\u00ed. Specializac\u00ed spole\u010dnosti je objevov\u00e1n\u00ed rozmanit\u00fdch z\u00e1\u017eitk\u016f z re\u00e1ln\u00e9ho \u017eivota a o\u017eivov\u00e1n\u00ed t\u011bchto p\u0159\u00edb\u011bh\u016f, aby mohly oslovit \u0161irok\u00e9 publikum s origin\u00e1ln\u00edm poselstv\u00edm a duchem z\u00e1\u017eitku.<\/p>\n<p>Contact person: Reneta Palova &#8211; <a href=\"mailto:reneta.palova@gmail.com\">reneta.palova@gmail.com<\/a><\/p>\n<p>Webov\u00e9 str\u00e1nky: <a href=\"http:\/\/www.inthecitystudio.com\" target=\"_blank\" rel=\"noopener\">www.inthecitystudio.com<\/a><\/p>\n<hr \/>\n<p style=\"text-align: center;\"><img loading=\"lazy\" decoding=\"async\" class=\"alignnone wp-image-115 size-medium\" src=\"https:\/\/digitalzwomen.erasmus.site\/wp-content\/uploads\/2022\/03\/coneqt-300x300.png\" alt=\"\" width=\"300\" height=\"300\" srcset=\"https:\/\/digitalzwomen.erasmus.site\/wp-content\/uploads\/2022\/03\/coneqt.png 300w, https:\/\/digitalzwomen.erasmus.site\/wp-content\/uploads\/2022\/03\/coneqt-150x150.png 150w\" sizes=\"(max-width: 300px) 100vw, 300px\" \/><\/p>\n<h3 style=\"text-align: center;\">Coneqt &#8211; D\u00e1nsko<\/h3>\n<p>Nem\u016f\u017eeme zm\u011bnit sv\u011bt, ale m\u016f\u017eeme zm\u011bnit zp\u016fsob, jak\u00fdm v n\u011bm lid\u00e9 \u017eij\u00ed. Prost\u0159ednictv\u00edm vzd\u011bl\u00e1v\u00e1n\u00ed, a\u0165 u\u017e form\u00e1ln\u00edho nebo neform\u00e1ln\u00edho, m\u016f\u017eeme p\u0159isp\u011bt ke zm\u011bn\u011b, kterou pot\u0159ebujeme v rychle se rozv\u00edjej\u00edc\u00edm sv\u011bt\u011b, a proto je t\u0159eba, aby se vzd\u011bl\u00e1v\u00e1n\u00ed neust\u00e1le rozv\u00edjelo a obnovovalo. Spole\u010dnost Coneqt navrhuje vzd\u011bl\u00e1vac\u00ed koncepty, kter\u00e9 p\u0159in\u00e1\u0161ej\u00ed hodnotu lidem a jejich prost\u0159ed\u00ed a podporuj\u00ed spole\u010denskou \u010dinnost.<\/p>\n<p>Webov\u00e9 str\u00e1nky: <a href=\"http:\/\/www.coneqt.dk\/\">www.coneqt.dk<\/a><\/p>\n<hr \/>\n<p style=\"text-align: center;\"><img loading=\"lazy\" decoding=\"async\" class=\"alignnone wp-image-116 size-medium\" src=\"https:\/\/digitalzwomen.erasmus.site\/wp-content\/uploads\/2022\/03\/foundation-300x300.png\" alt=\"\" width=\"300\" height=\"300\" srcset=\"https:\/\/digitalzwomen.erasmus.site\/wp-content\/uploads\/2022\/03\/foundation.png 300w, https:\/\/digitalzwomen.erasmus.site\/wp-content\/uploads\/2022\/03\/foundation-150x150.png 150w\" sizes=\"(max-width: 300px) 100vw, 300px\" \/><\/p>\n<h3 style=\"text-align: center;\">Found.ation &#8211; \u0158ecko<\/h3>\n<p>Found.ation je p\u0159edn\u00ed start-upov\u00e1 platforma pro technologicky orientovan\u00e9 produkty a slu\u017eby, akceler\u00e1tor digit\u00e1ln\u00ed transformace pro firmy a centrum technologick\u00e9ho vzd\u011bl\u00e1v\u00e1n\u00ed, kter\u00e9 si od po\u010d\u00e1tku sv\u00e9 existence vybudovalo vedouc\u00ed postaven\u00ed v oblasti inovac\u00ed a start-up\u016f. Cenn\u00e9 rady a p\u0159\u00edstup k rozs\u00e1hl\u00e9 s\u00edti kl\u00ed\u010dov\u00fdch hr\u00e1\u010d\u016f v inova\u010dn\u00edm ekosyst\u00e9mu, jako jsou mento\u0159i a investo\u0159i poskytla zna\u010dn\u00e9mu po\u010dtu za\u010d\u00ednaj\u00edc\u00edch podnik\u016f. D\u00edky tomu, \u017ee mezi jej\u00edmi partnery jsou n\u011bkter\u00e9 z nejv\u011bt\u0161\u00edch \u0159eck\u00fdch organizac\u00ed a spole\u010dnost\u00ed Found.ation aktivn\u011b a \u00fasp\u011b\u0161n\u011b p\u0159isp\u00edv\u00e1 k tomu, aby jim pomohla \u0159e\u0161it v\u00fdzvy digit\u00e1ln\u00ed transformace, p\u016fsob\u00ed jako pomocn\u00edk a poradce prost\u0159ednictv\u00edm realizace konkr\u00e9tn\u00edch opat\u0159en\u00ed, kter\u00e1 usnad\u0148uj\u00ed p\u0159izp\u016fsoben\u00ed mentality zam\u011bstnavatel\u016f, zlep\u0161uj\u00ed vyu\u017e\u00edv\u00e1n\u00ed technologi\u00ed a digit\u00e1ln\u00edch n\u00e1stroj\u016f a posiluj\u00ed strategick\u00e9 dovednosti, aby mohli dos\u00e1hnout sv\u00fdch profesn\u00edch c\u00edl\u016f.<br \/>\nKontaktn\u00ed informace:<br \/>\nEvrystheos 2<br \/>\nK. Petralona 118 54 Athens, Greece<br \/>\n+30 210 34 50 606<br \/>\n<a href=\"mailto:info@thefoundation.gr\">info@thefoundation.gr<\/a><br \/>\nWebov\u00e9 str\u00e1nky: <a href=\"http:\/\/www.thefoundation.gr\/\" target=\"_blank\" rel=\"noopener\">www.thefoundation.gr\/<\/a><\/p>\n<hr \/>\n<p style=\"text-align: center;\"><img loading=\"lazy\" decoding=\"async\" class=\"alignnone wp-image-111 size-medium\" src=\"https:\/\/digitalzwomen.erasmus.site\/wp-content\/uploads\/2022\/03\/idp-300x300.png\" alt=\"\" width=\"300\" height=\"300\" srcset=\"https:\/\/digitalzwomen.erasmus.site\/wp-content\/uploads\/2022\/03\/idp.png 300w, https:\/\/digitalzwomen.erasmus.site\/wp-content\/uploads\/2022\/03\/idp-150x150.png 150w\" sizes=\"(max-width: 300px) 100vw, 300px\" \/><\/p>\n<h3 style=\"text-align: center;\">IDP &#8211; It\u00e1lie<\/h3>\n<p>IDP sas je italsk\u00fd mal\u00fd a st\u0159edn\u00ed podnik s v\u00edce ne\u017e 25 lety mezin\u00e1rodn\u00edch zku\u0161enost\u00ed. Od roku 1999 IDP sas vyv\u00edj\u00ed a realizuje specializovan\u00e9 vzd\u011bl\u00e1vac\u00ed kurzy zam\u011b\u0159en\u00e9 na problematiku EU pro studenty v odborn\u00e9m vzd\u011bl\u00e1v\u00e1n\u00ed a p\u0159\u00edprav\u011b a pro dosp\u011bl\u00e9 studenty. Vy\u0161kolila v\u00edce ne\u017e 3 500 (mlad\u00fdch) odborn\u00edk\u016f v r\u00e1mci v\u00edce ne\u017e 120 kurz\u016f a 8 500 hodin prezen\u010dn\u00ed v\u00fduky v angli\u010dtin\u011b, ital\u0161tin\u011b a francouz\u0161tin\u011b. IDP sas uspo\u0159\u00e1dal 43 ro\u010dn\u00edk\u016f MasterClass o rozvoji podnik\u00e1n\u00ed v r\u00e1mci politik a program\u016f EU a za posledn\u00edch 7 let vytvo\u0159il v\u00edce ne\u017e 40 kurz\u016f a modul\u016f v r\u00e1mci projekt\u016f Erasmus a H2020, kter\u00e9 byly ov\u011b\u0159eny v\u00edce ne\u017e 350 c\u00edlov\u00fdmi skupinami. IDP sas poskytuje tak\u00e9 slu\u017eby v oblasti podnik\u00e1n\u00ed, managementu, internacionalizace a financov\u00e1n\u00ed ze zdroj\u016f EU. M\u00e1 prokazateln\u00e9 v\u00fdsledky v oblasti finan\u010dn\u00edho \u0159\u00edzen\u00ed, zaji\u0161t\u011bn\u00ed kvality a projektov\u00e9ho managementu a spolehlivou mezin\u00e1rodn\u00ed pozici jako poskytovatel slu\u017eeb pro Komisi EU, OSN a OIF.<\/p>\n<p>Webov\u00e9 str\u00e1nky: <a href=\"https:\/\/idpeuropa.com\/\" target=\"_blank\" rel=\"noopener\">www.idpeuropa.com\/<\/a><\/p>","protected":false},"excerpt":{"rendered":"<p>Koordin\u00e1tor projektu: Educational Association, z. s &#8211; \u010cesk\u00e1 republika Educational Association, z. s je neziskov\u00e9 ob\u010dansk\u00e9 sdru\u017een\u00ed, jeho\u017e c\u00edlem je rozvoj otev\u0159en\u00e9 vzd\u011bl\u00e1vac\u00ed spole\u010dnosti, informa\u010dn\u00ed, poradensk\u00e9 a konzulta\u010dn\u00ed \u010dinnosti v r\u00e1mci celo\u017eivotn\u00edho vzd\u011bl\u00e1v\u00e1n\u00ed. C\u00edlem je napom\u00e1hat lep\u0161\u00edmu porozum\u011bn\u00ed praktik, politik\u00e1m a syst\u00e9m\u016fm ve vzd\u011bl\u00e1v\u00e1n\u00ed a odborn\u00e9 p\u0159\u00edprav\u011b, a to nap\u0159\u00ed\u010d zem\u011bmi. S v\u00edce ne\u017e t\u0159in\u00e1ctiletou&hellip;&nbsp;<\/p>\n","protected":false},"author":1,"featured_media":0,"parent":0,"menu_order":0,"comment_status":"closed","ping_status":"closed","template":"","meta":{"neve_meta_sidebar":"","neve_meta_container":"","neve_meta_enable_content_width":"off","neve_meta_content_width":100,"neve_meta_title_alignment":"","neve_meta_author_avatar":"","neve_post_elements_order":"","neve_meta_disable_header":"","neve_meta_disable_footer":"","neve_meta_disable_title":"","footnotes":""},"class_list":["post-107","page","type-page","status-publish","hentry"],"_links":{"self":[{"href":"https:\/\/digitalzwomen.erasmus.site\/cs\/wp-json\/wp\/v2\/pages\/107","targetHints":{"allow":["GET"]}}],"collection":[{"href":"https:\/\/digitalzwomen.erasmus.site\/cs\/wp-json\/wp\/v2\/pages"}],"about":[{"href":"https:\/\/digitalzwomen.erasmus.site\/cs\/wp-json\/wp\/v2\/types\/page"}],"author":[{"embeddable":true,"href":"https:\/\/digitalzwomen.erasmus.site\/cs\/wp-json\/wp\/v2\/users\/1"}],"replies":[{"embeddable":true,"href":"https:\/\/digitalzwomen.erasmus.site\/cs\/wp-json\/wp\/v2\/comments?post=107"}],"version-history":[{"count":14,"href":"https:\/\/digitalzwomen.erasmus.site\/cs\/wp-json\/wp\/v2\/pages\/107\/revisions"}],"predecessor-version":[{"id":327,"href":"https:\/\/digitalzwomen.erasmus.site\/cs\/wp-json\/wp\/v2\/pages\/107\/revisions\/327"}],"wp:attachment":[{"href":"https:\/\/digitalzwomen.erasmus.site\/cs\/wp-json\/wp\/v2\/media?parent=107"}],"curies":[{"name":"wp","href":"https:\/\/api.w.org\/{rel}","templated":true}]}}