{"id":12,"date":"2022-03-07T20:06:40","date_gmt":"2022-03-07T20:06:40","guid":{"rendered":"https:\/\/digitalzwomen.erasmus.site\/?page_id=12"},"modified":"2024-01-19T14:20:50","modified_gmt":"2024-01-19T14:20:50","slug":"home","status":"publish","type":"page","link":"https:\/\/digitalzwomen.erasmus.site\/cs\/","title":{"rendered":"Domovsk\u00e1 str\u00e1nka"},"content":{"rendered":"\t\t<div data-elementor-type=\"wp-page\" data-elementor-id=\"12\" class=\"elementor elementor-12\">\n\t\t\t\t\t\t<section class=\"elementor-section elementor-top-section elementor-element elementor-element-bd7280f elementor-section-height-full elementor-section-boxed elementor-section-height-default elementor-section-items-middle\" data-id=\"bd7280f\" data-element_type=\"section\" data-e-type=\"section\" data-settings=\"{&quot;background_background&quot;:&quot;classic&quot;}\">\n\t\t\t\t\t\t\t<div class=\"elementor-background-overlay\"><\/div>\n\t\t\t\t\t\t\t<div class=\"elementor-container elementor-column-gap-default\">\n\t\t\t\t\t<div class=\"elementor-column elementor-col-100 elementor-top-column elementor-element elementor-element-2a20ec5\" data-id=\"2a20ec5\" data-element_type=\"column\" data-e-type=\"column\">\n\t\t\t<div class=\"elementor-widget-wrap elementor-element-populated\">\n\t\t\t\t\t\t<div class=\"elementor-element elementor-element-3c49be3 elementor-widget elementor-widget-heading\" data-id=\"3c49be3\" data-element_type=\"widget\" data-e-type=\"widget\" data-widget_type=\"heading.default\">\n\t\t\t\t<div class=\"elementor-widget-container\">\n\t\t\t\t\t<h2 class=\"elementor-heading-title elementor-size-xl\">Digit\u00e1ln\u00ed \u017eeny generace Z -  Pos\u00edlen\u00ed postaven\u00ed \u017een z generace Z pomoc\u00ed digit\u00e1ln\u00edch podnikatelsk\u00fdch dovednost\u00ed<\/h2>\t\t\t\t<\/div>\n\t\t\t\t<\/div>\n\t\t\t\t<div class=\"elementor-element elementor-element-9448345 elementor-widget elementor-widget-text-editor\" data-id=\"9448345\" data-element_type=\"widget\" data-e-type=\"widget\" data-widget_type=\"text-editor.default\">\n\t\t\t\t<div class=\"elementor-widget-container\">\n\t\t\t\t\t\t\t\t\t<p><\/p><p><\/p><p><strong>\u010c\u00edslo projektu:<\/strong> 2021-1-CZ01-KA220-VET-000024882<br \/><strong>Doba realizace projektu:<\/strong> 01.01.2022 &#8211; 31.12.2023<\/p><p><\/p><p><\/p><p><\/p><p><\/p><p><\/p><p><\/p>\t\t\t\t\t\t\t\t<\/div>\n\t\t\t\t<\/div>\n\t\t\t\t\t<\/div>\n\t\t<\/div>\n\t\t\t\t\t<\/div>\n\t\t<\/section>\n\t\t\t\t<section class=\"elementor-section elementor-top-section elementor-element elementor-element-08e40c5 elementor-section-boxed elementor-section-height-default elementor-section-height-default\" data-id=\"08e40c5\" data-element_type=\"section\" data-e-type=\"section\">\n\t\t\t\t\t\t<div class=\"elementor-container elementor-column-gap-default\">\n\t\t\t\t\t<div class=\"elementor-column elementor-col-50 elementor-top-column elementor-element elementor-element-42ba57d\" data-id=\"42ba57d\" data-element_type=\"column\" data-e-type=\"column\">\n\t\t\t<div class=\"elementor-widget-wrap elementor-element-populated\">\n\t\t\t\t\t\t<div class=\"elementor-element elementor-element-2c56e32 elementor-widget elementor-widget-menu-anchor\" data-id=\"2c56e32\" data-element_type=\"widget\" data-e-type=\"widget\" data-widget_type=\"menu-anchor.default\">\n\t\t\t\t<div class=\"elementor-widget-container\">\n\t\t\t\t\t\t\t<div class=\"elementor-menu-anchor\" id=\"about\"><\/div>\n\t\t\t\t\t\t<\/div>\n\t\t\t\t<\/div>\n\t\t\t\t<div class=\"elementor-element elementor-element-7f728e8 elementor-widget elementor-widget-heading\" data-id=\"7f728e8\" data-element_type=\"widget\" data-e-type=\"widget\" data-widget_type=\"heading.default\">\n\t\t\t\t<div class=\"elementor-widget-container\">\n\t\t\t\t\t<h2 class=\"elementor-heading-title elementor-size-default\">O projektu<\/h2>\t\t\t\t<\/div>\n\t\t\t\t<\/div>\n\t\t\t\t<div class=\"elementor-element elementor-element-c4b4077 elementor-widget elementor-widget-text-editor\" data-id=\"c4b4077\" data-element_type=\"widget\" data-e-type=\"widget\" data-widget_type=\"text-editor.default\">\n\t\t\t\t<div class=\"elementor-widget-container\">\n\t\t\t\t\t\t\t\t\t<p><\/p><p><\/p><p>C\u00edlem projektu Digit\u00e1ln\u00ed \u017eeny generace Z je poskytnout \u017een\u00e1m z generace Z digit\u00e1ln\u00ed podnikatelsk\u00e9 dovednosti a pomoci jim tak vyu\u017e\u00edt p\u0159\u00edle\u017eitost\u00ed, kter\u00e9 p\u0159in\u00e1\u0161\u00ed digit\u00e1ln\u00ed transformace a prosperovat ve sv\u011bt\u011b pr\u00e1ce, kter\u00fd se digitalizuje pom\u011brn\u011b rychle, a to t\u00edm sp\u00ed\u0161e, \u017ee se pot\u00fdk\u00e1me s pandemickou kriz\u00ed.<\/p><p><\/p><p><\/p><p><\/p><p><\/p><p><\/p><p><\/p>\t\t\t\t\t\t\t\t<\/div>\n\t\t\t\t<\/div>\n\t\t\t\t\t<\/div>\n\t\t<\/div>\n\t\t\t\t<div class=\"elementor-column elementor-col-50 elementor-top-column elementor-element elementor-element-29eac65\" data-id=\"29eac65\" data-element_type=\"column\" data-e-type=\"column\">\n\t\t\t<div class=\"elementor-widget-wrap elementor-element-populated\">\n\t\t\t\t\t\t<div class=\"elementor-element elementor-element-2b12a6d elementor-widget elementor-widget-image\" data-id=\"2b12a6d\" data-element_type=\"widget\" data-e-type=\"widget\" data-widget_type=\"image.default\">\n\t\t\t\t<div class=\"elementor-widget-container\">\n\t\t\t\t\t\t\t\t\t\t\t\t\t\t\t<img fetchpriority=\"high\" decoding=\"async\" width=\"1024\" height=\"683\" src=\"https:\/\/digitalzwomen.erasmus.site\/wp-content\/uploads\/2022\/03\/concentrated-young-lady-working-with-laptop-home-1024x683.jpg\" class=\"attachment-large size-large wp-image-59\" alt=\"\" srcset=\"https:\/\/digitalzwomen.erasmus.site\/wp-content\/uploads\/2022\/03\/concentrated-young-lady-working-with-laptop-home-1024x683.jpg 1024w, https:\/\/digitalzwomen.erasmus.site\/wp-content\/uploads\/2022\/03\/concentrated-young-lady-working-with-laptop-home-300x200.jpg 300w, https:\/\/digitalzwomen.erasmus.site\/wp-content\/uploads\/2022\/03\/concentrated-young-lady-working-with-laptop-home-768x513.jpg 768w, https:\/\/digitalzwomen.erasmus.site\/wp-content\/uploads\/2022\/03\/concentrated-young-lady-working-with-laptop-home-1536x1025.jpg 1536w, https:\/\/digitalzwomen.erasmus.site\/wp-content\/uploads\/2022\/03\/concentrated-young-lady-working-with-laptop-home-2048x1367.jpg 2048w\" sizes=\"(max-width: 1024px) 100vw, 1024px\" \/>\t\t\t\t\t\t\t\t\t\t\t\t\t\t\t<\/div>\n\t\t\t\t<\/div>\n\t\t\t\t\t<\/div>\n\t\t<\/div>\n\t\t\t\t\t<\/div>\n\t\t<\/section>\n\t\t\t\t<section class=\"elementor-section elementor-top-section elementor-element elementor-element-989c373 elementor-section-boxed elementor-section-height-default elementor-section-height-default\" data-id=\"989c373\" data-element_type=\"section\" data-e-type=\"section\">\n\t\t\t\t\t\t<div class=\"elementor-container elementor-column-gap-default\">\n\t\t\t\t\t<div class=\"elementor-column elementor-col-50 elementor-top-column elementor-element elementor-element-8f489f1\" data-id=\"8f489f1\" data-element_type=\"column\" data-e-type=\"column\">\n\t\t\t<div class=\"elementor-widget-wrap elementor-element-populated\">\n\t\t\t\t\t\t<div class=\"elementor-element elementor-element-ac3f60b elementor-widget elementor-widget-image\" data-id=\"ac3f60b\" data-element_type=\"widget\" data-e-type=\"widget\" data-widget_type=\"image.default\">\n\t\t\t\t<div class=\"elementor-widget-container\">\n\t\t\t\t\t\t\t\t\t\t\t\t\t\t\t<img decoding=\"async\" width=\"1024\" height=\"713\" src=\"https:\/\/digitalzwomen.erasmus.site\/wp-content\/uploads\/2022\/03\/happy-woman-with-phone-1024x713.jpg\" class=\"attachment-large size-large wp-image-82\" alt=\"\" srcset=\"https:\/\/digitalzwomen.erasmus.site\/wp-content\/uploads\/2022\/03\/happy-woman-with-phone-1024x713.jpg 1024w, https:\/\/digitalzwomen.erasmus.site\/wp-content\/uploads\/2022\/03\/happy-woman-with-phone-300x209.jpg 300w, https:\/\/digitalzwomen.erasmus.site\/wp-content\/uploads\/2022\/03\/happy-woman-with-phone-768x535.jpg 768w, https:\/\/digitalzwomen.erasmus.site\/wp-content\/uploads\/2022\/03\/happy-woman-with-phone-1536x1069.jpg 1536w, https:\/\/digitalzwomen.erasmus.site\/wp-content\/uploads\/2022\/03\/happy-woman-with-phone-2048x1425.jpg 2048w\" sizes=\"(max-width: 1024px) 100vw, 1024px\" \/>\t\t\t\t\t\t\t\t\t\t\t\t\t\t\t<\/div>\n\t\t\t\t<\/div>\n\t\t\t\t\t<\/div>\n\t\t<\/div>\n\t\t\t\t<div class=\"elementor-column elementor-col-50 elementor-top-column elementor-element elementor-element-9921ee5\" data-id=\"9921ee5\" data-element_type=\"column\" data-e-type=\"column\">\n\t\t\t<div class=\"elementor-widget-wrap elementor-element-populated\">\n\t\t\t\t\t\t<div class=\"elementor-element elementor-element-5a2fa10 elementor-widget elementor-widget-heading\" data-id=\"5a2fa10\" data-element_type=\"widget\" data-e-type=\"widget\" data-widget_type=\"heading.default\">\n\t\t\t\t<div class=\"elementor-widget-container\">\n\t\t\t\t\t<h2 class=\"elementor-heading-title elementor-size-default\">C\u00edle<\/h2>\t\t\t\t<\/div>\n\t\t\t\t<\/div>\n\t\t\t\t<div class=\"elementor-element elementor-element-7bb62d5 elementor-widget elementor-widget-text-editor\" data-id=\"7bb62d5\" data-element_type=\"widget\" data-e-type=\"widget\" data-widget_type=\"text-editor.default\">\n\t\t\t\t<div class=\"elementor-widget-container\">\n\t\t\t\t\t\t\t\t\t<p>C\u00edlem projektu Digit\u00e1ln\u00ed \u017eeny generace Z a jeho partnerstv\u00ed je: <\/p><ul><li>identifikovat vzory, kter\u00e9 budou slou\u017eit jako dobr\u00e9, etick\u00e9 a spolehliv\u00e9 p\u0159\u00edklady digit\u00e1ln\u00edch podnikatelek a jejich pr\u00e1ce; <\/li><li>vyvinout a otestovat na m\u00edru \u0161it\u00fd vzd\u011bl\u00e1vac\u00ed program o digit\u00e1ln\u00edm podnik\u00e1n\u00ed pro \u017eeny z generace Z, jako\u017e i pokyny a tipy na podporu odborn\u00edk\u016f v oblasti odborn\u00e9ho vzd\u011bl\u00e1v\u00e1n\u00ed a p\u0159\u00edpravy p\u0159i usnad\u0148ov\u00e1n\u00ed \u0161kolen\u00ed v uveden\u00fdch t\u00e9matech;<\/li><li>vyvinout vzd\u011bl\u00e1vac\u00ed hub, kter\u00fd \u017een\u00e1m z generace Z a odborn\u00edk\u016fm v odborn\u00e9m vzd\u011bl\u00e1v\u00e1n\u00ed a p\u0159\u00edprav\u011b, kte\u0159\u00ed s nimi pracuj\u00ed, poskytne interaktivn\u00ed, komplexn\u00ed a voln\u011b p\u0159\u00edstupn\u00e9 vzd\u011bl\u00e1vac\u00ed p\u0159\u00edle\u017eitosti.<\/li><\/ul>\t\t\t\t\t\t\t\t<\/div>\n\t\t\t\t<\/div>\n\t\t\t\t\t<\/div>\n\t\t<\/div>\n\t\t\t\t\t<\/div>\n\t\t<\/section>\n\t\t\t\t<section class=\"elementor-section elementor-top-section elementor-element elementor-element-b362a30 elementor-section-boxed elementor-section-height-default elementor-section-height-default\" data-id=\"b362a30\" data-element_type=\"section\" data-e-type=\"section\">\n\t\t\t\t\t\t<div class=\"elementor-container elementor-column-gap-default\">\n\t\t\t\t\t<div class=\"elementor-column elementor-col-100 elementor-top-column elementor-element elementor-element-361a7b1\" data-id=\"361a7b1\" data-element_type=\"column\" data-e-type=\"column\">\n\t\t\t<div class=\"elementor-widget-wrap elementor-element-populated\">\n\t\t\t\t\t\t<div class=\"elementor-element elementor-element-cbd7ef3 elementor-widget elementor-widget-menu-anchor\" data-id=\"cbd7ef3\" data-element_type=\"widget\" data-e-type=\"widget\" data-widget_type=\"menu-anchor.default\">\n\t\t\t\t<div class=\"elementor-widget-container\">\n\t\t\t\t\t\t\t<div class=\"elementor-menu-anchor\" id=\"results\"><\/div>\n\t\t\t\t\t\t<\/div>\n\t\t\t\t<\/div>\n\t\t\t\t<div class=\"elementor-element elementor-element-3d1c9c1 elementor-widget elementor-widget-heading\" data-id=\"3d1c9c1\" data-element_type=\"widget\" data-e-type=\"widget\" data-widget_type=\"heading.default\">\n\t\t\t\t<div class=\"elementor-widget-container\">\n\t\t\t\t\t<h2 class=\"elementor-heading-title elementor-size-default\">V\u00fdsledky projektu<\/h2>\t\t\t\t<\/div>\n\t\t\t\t<\/div>\n\t\t\t\t\t<\/div>\n\t\t<\/div>\n\t\t\t\t\t<\/div>\n\t\t<\/section>\n\t\t\t\t<section class=\"elementor-section elementor-top-section elementor-element elementor-element-b3a9482 elementor-section-boxed elementor-section-height-default elementor-section-height-default\" data-id=\"b3a9482\" data-element_type=\"section\" data-e-type=\"section\">\n\t\t\t\t\t\t<div class=\"elementor-container elementor-column-gap-default\">\n\t\t\t\t\t<div class=\"elementor-column elementor-col-33 elementor-top-column elementor-element elementor-element-7e93f67\" data-id=\"7e93f67\" data-element_type=\"column\" data-e-type=\"column\">\n\t\t\t<div class=\"elementor-widget-wrap elementor-element-populated\">\n\t\t\t\t\t\t<div class=\"elementor-element elementor-element-0362739 elementor-widget elementor-widget-image\" data-id=\"0362739\" data-element_type=\"widget\" data-e-type=\"widget\" data-widget_type=\"image.default\">\n\t\t\t\t<div class=\"elementor-widget-container\">\n\t\t\t\t\t\t\t\t\t\t\t\t\t\t\t<img decoding=\"async\" width=\"150\" height=\"150\" src=\"https:\/\/digitalzwomen.erasmus.site\/wp-content\/uploads\/2023\/12\/pr1.png\" class=\"attachment-thumbnail size-thumbnail wp-image-527\" alt=\"\" \/>\t\t\t\t\t\t\t\t\t\t\t\t\t\t\t<\/div>\n\t\t\t\t<\/div>\n\t\t\t\t<div class=\"elementor-element elementor-element-cf698de elementor-widget elementor-widget-text-editor\" data-id=\"cf698de\" data-element_type=\"widget\" data-e-type=\"widget\" data-widget_type=\"text-editor.default\">\n\t\t\t\t<div class=\"elementor-widget-container\">\n\t\t\t\t\t\t\t\t\t<p>1. E-sb\u00edrka inspirativn\u00edch p\u0159\u00edb\u011bh\u016f p\u0159edstavuj\u00edc\u00ed vzory a osv\u011bd\u010den\u00e9 postupy v oblasti digit\u00e1ln\u00edho podnik\u00e1n\u00ed \u017een z generace Z, a to prost\u0159ednictv\u00edm vizu\u00e1ln\u00edch infografik, videouk\u00e1zek z rozhovor\u016f a zvukov\u00fdch podcast\u016f;<\/p>\t\t\t\t\t\t\t\t<\/div>\n\t\t\t\t<\/div>\n\t\t\t\t\t<\/div>\n\t\t<\/div>\n\t\t\t\t<div class=\"elementor-column elementor-col-33 elementor-top-column elementor-element elementor-element-7b35246\" data-id=\"7b35246\" data-element_type=\"column\" data-e-type=\"column\">\n\t\t\t<div class=\"elementor-widget-wrap elementor-element-populated\">\n\t\t\t\t\t\t<div class=\"elementor-element elementor-element-3dae011 elementor-widget elementor-widget-image\" data-id=\"3dae011\" data-element_type=\"widget\" data-e-type=\"widget\" data-widget_type=\"image.default\">\n\t\t\t\t<div class=\"elementor-widget-container\">\n\t\t\t\t\t\t\t\t\t\t\t\t\t\t\t<img loading=\"lazy\" decoding=\"async\" width=\"150\" height=\"150\" src=\"https:\/\/digitalzwomen.erasmus.site\/wp-content\/uploads\/2023\/12\/pr2.png\" class=\"attachment-large size-large wp-image-520\" alt=\"\" \/>\t\t\t\t\t\t\t\t\t\t\t\t\t\t\t<\/div>\n\t\t\t\t<\/div>\n\t\t\t\t<div class=\"elementor-element elementor-element-0b2710c elementor-widget elementor-widget-text-editor\" data-id=\"0b2710c\" data-element_type=\"widget\" data-e-type=\"widget\" data-widget_type=\"text-editor.default\">\n\t\t\t\t<div class=\"elementor-widget-container\">\n\t\t\t\t\t\t\t\t\t<p>2. Cesta za vzd\u011bl\u00e1n\u00edm pro DIGIT\u00c1LN\u00cd \u017dENY generace Z, tvo\u0159en\u00e1 bro\u017eurami pro \u017eeny z generace Z a v\u00fdukov\u00fdch program\u016f pro odborn\u00edky\/mentory v oblasti odborn\u00e9ho vzd\u011bl\u00e1v\u00e1n\u00ed a p\u0159\u00edpravy, nab\u00edz\u00ed soubor komplexn\u00edch vzd\u011bl\u00e1vac\u00edch modul\u016f rozd\u011blen\u00fdch do dvou oblast\u00ed:<br \/>a) z\u00e1klady digit\u00e1ln\u00edho podnik\u00e1n\u00ed (typy digit\u00e1ln\u00edch podnik\u016f, kl\u00ed\u010dov\u00e9 platformy pro digit\u00e1ln\u00ed podnik\u00e1n\u00ed, kl\u00ed\u010dov\u00e9 kompetence, vyv\u00e1\u017eenost \u017eivotn\u00edch rol\u00ed);<br \/>b) z\u00e1klady rozvoje digit\u00e1ln\u00edho podnik\u00e1n\u00ed (\u0159\u00edzen\u00ed inovac\u00ed, podnikatelsk\u00e9 n\u00e1pady,<br \/>v\u00fdvoj produktu\/slu\u017eby, tvorba podnikatelsk\u00e9ho pl\u00e1nu, prototypov\u00e1n\u00ed a testovac\u00ed techniky digit\u00e1ln\u00edho podnik\u00e1n\u00ed, marketingov\u00e1 strategie a tvorba digit\u00e1ln\u00edho obsahu, strategie a \u0159\u00edzen\u00ed zpen\u011b\u017een\u00ed digit\u00e1ln\u00edho podnik\u00e1n\u00ed); <\/p>\t\t\t\t\t\t\t\t<\/div>\n\t\t\t\t<\/div>\n\t\t\t\t\t<\/div>\n\t\t<\/div>\n\t\t\t\t<div class=\"elementor-column elementor-col-33 elementor-top-column elementor-element elementor-element-bce8cc6\" data-id=\"bce8cc6\" data-element_type=\"column\" data-e-type=\"column\">\n\t\t\t<div class=\"elementor-widget-wrap elementor-element-populated\">\n\t\t\t\t\t\t<div class=\"elementor-element elementor-element-b92bb8b elementor-widget elementor-widget-image\" data-id=\"b92bb8b\" data-element_type=\"widget\" data-e-type=\"widget\" data-widget_type=\"image.default\">\n\t\t\t\t<div class=\"elementor-widget-container\">\n\t\t\t\t\t\t\t\t\t\t\t\t\t\t\t<img loading=\"lazy\" decoding=\"async\" width=\"150\" height=\"150\" src=\"https:\/\/digitalzwomen.erasmus.site\/wp-content\/uploads\/2022\/03\/Result-3-150x150.png\" class=\"attachment-thumbnail size-thumbnail wp-image-126\" alt=\"\" \/>\t\t\t\t\t\t\t\t\t\t\t\t\t\t\t<\/div>\n\t\t\t\t<\/div>\n\t\t\t\t<div class=\"elementor-element elementor-element-f5c16d7 elementor-widget elementor-widget-text-editor\" data-id=\"f5c16d7\" data-element_type=\"widget\" data-e-type=\"widget\" data-widget_type=\"text-editor.default\">\n\t\t\t\t<div class=\"elementor-widget-container\">\n\t\t\t\t\t\t\t\t\t<p>3. Online Hub a soubor n\u00e1stroj\u016f, kter\u00e9 organizuj\u00ed cestu u\u010den\u00ed do komplexn\u00ed a interaktivn\u00ed vzd\u011bl\u00e1vac\u00ed zku\u0161enosti, p\u0159id\u00e1vaj\u00ed interaktivn\u00ed cvi\u010den\u00ed (nap\u0159. aktivizuj\u00edc\u00ed karty, kv\u00edzy), inspirovan\u00e9 strategiemi u\u010den\u00ed zalo\u017een\u00fdmi na h\u0159e, k obsahu, kter\u00fd byl vytvo\u0159en d\u0159\u00edve, aby usnadnil jak sebe\u0159\u00edzen\u00e9 u\u010den\u00ed, tak facilitaci face-to-face, e-learning a b-learning \u0161kolen\u00ed na uveden\u00e1 t\u00e9mata; k vytvo\u0159en\u00ed souboru n\u00e1stroj\u016f budou pou\u017eity digit\u00e1ln\u00ed n\u00e1stroje a online platforma s otev\u0159en\u00fdm p\u0159\u00edstupem.<\/p>\t\t\t\t\t\t\t\t<\/div>\n\t\t\t\t<\/div>\n\t\t\t\t\t<\/div>\n\t\t<\/div>\n\t\t\t\t\t<\/div>\n\t\t<\/section>\n\t\t\t\t<section class=\"elementor-section elementor-top-section elementor-element elementor-element-ab2c2ef elementor-section-content-middle elementor-section-boxed elementor-section-height-default elementor-section-height-default\" data-id=\"ab2c2ef\" data-element_type=\"section\" data-e-type=\"section\">\n\t\t\t\t\t\t<div class=\"elementor-container elementor-column-gap-default\">\n\t\t\t\t\t<div class=\"elementor-column elementor-col-50 elementor-top-column elementor-element elementor-element-bd53005\" data-id=\"bd53005\" data-element_type=\"column\" data-e-type=\"column\">\n\t\t\t<div class=\"elementor-widget-wrap\">\n\t\t\t\t\t\t\t<\/div>\n\t\t<\/div>\n\t\t\t\t<div class=\"elementor-column elementor-col-50 elementor-top-column elementor-element elementor-element-8dd37ee\" data-id=\"8dd37ee\" data-element_type=\"column\" data-e-type=\"column\">\n\t\t\t<div class=\"elementor-widget-wrap\">\n\t\t\t\t\t\t\t<\/div>\n\t\t<\/div>\n\t\t\t\t\t<\/div>\n\t\t<\/section>\n\t\t\t\t<section class=\"elementor-section elementor-top-section elementor-element elementor-element-828626e elementor-section-content-middle elementor-section-boxed elementor-section-height-default elementor-section-height-default\" data-id=\"828626e\" data-element_type=\"section\" data-e-type=\"section\">\n\t\t\t\t\t\t<div class=\"elementor-container elementor-column-gap-default\">\n\t\t\t\t\t<div class=\"elementor-column elementor-col-50 elementor-top-column elementor-element elementor-element-e2710be\" data-id=\"e2710be\" data-element_type=\"column\" data-e-type=\"column\">\n\t\t\t<div class=\"elementor-widget-wrap\">\n\t\t\t\t\t\t\t<\/div>\n\t\t<\/div>\n\t\t\t\t<div class=\"elementor-column elementor-col-50 elementor-top-column elementor-element elementor-element-26b00eb\" data-id=\"26b00eb\" data-element_type=\"column\" data-e-type=\"column\">\n\t\t\t<div class=\"elementor-widget-wrap\">\n\t\t\t\t\t\t\t<\/div>\n\t\t<\/div>\n\t\t\t\t\t<\/div>\n\t\t<\/section>\n\t\t\t\t<\/div>\n\t\t","protected":false},"excerpt":{"rendered":"<p>Digit\u00e1ln\u00ed \u017eeny generace Z &#8211; Pos\u00edlen\u00ed postaven\u00ed \u017een z generace Z pomoc\u00ed digit\u00e1ln\u00edch podnikatelsk\u00fdch dovednost\u00ed \u010c\u00edslo projektu: 2021-1-CZ01-KA220-VET-000024882Doba realizace projektu: 01.01.2022 &#8211; 31.12.2023 O projektu C\u00edlem projektu Digit\u00e1ln\u00ed \u017eeny generace Z je poskytnout \u017een\u00e1m z generace Z digit\u00e1ln\u00ed podnikatelsk\u00e9 dovednosti a pomoci jim tak vyu\u017e\u00edt p\u0159\u00edle\u017eitost\u00ed, kter\u00e9 p\u0159in\u00e1\u0161\u00ed digit\u00e1ln\u00ed transformace a prosperovat ve sv\u011bt\u011b pr\u00e1ce,&hellip;&nbsp;<\/p>\n","protected":false},"author":1,"featured_media":0,"parent":0,"menu_order":0,"comment_status":"closed","ping_status":"closed","template":"elementor_header_footer","meta":{"neve_meta_sidebar":"","neve_meta_container":"","neve_meta_enable_content_width":"off","neve_meta_content_width":100,"neve_meta_title_alignment":"","neve_meta_author_avatar":"","neve_post_elements_order":"","neve_meta_disable_header":"","neve_meta_disable_footer":"","neve_meta_disable_title":"","footnotes":""},"class_list":["post-12","page","type-page","status-publish","hentry"],"_links":{"self":[{"href":"https:\/\/digitalzwomen.erasmus.site\/cs\/wp-json\/wp\/v2\/pages\/12","targetHints":{"allow":["GET"]}}],"collection":[{"href":"https:\/\/digitalzwomen.erasmus.site\/cs\/wp-json\/wp\/v2\/pages"}],"about":[{"href":"https:\/\/digitalzwomen.erasmus.site\/cs\/wp-json\/wp\/v2\/types\/page"}],"author":[{"embeddable":true,"href":"https:\/\/digitalzwomen.erasmus.site\/cs\/wp-json\/wp\/v2\/users\/1"}],"replies":[{"embeddable":true,"href":"https:\/\/digitalzwomen.erasmus.site\/cs\/wp-json\/wp\/v2\/comments?post=12"}],"version-history":[{"count":211,"href":"https:\/\/digitalzwomen.erasmus.site\/cs\/wp-json\/wp\/v2\/pages\/12\/revisions"}],"predecessor-version":[{"id":540,"href":"https:\/\/digitalzwomen.erasmus.site\/cs\/wp-json\/wp\/v2\/pages\/12\/revisions\/540"}],"wp:attachment":[{"href":"https:\/\/digitalzwomen.erasmus.site\/cs\/wp-json\/wp\/v2\/media?parent=12"}],"curies":[{"name":"wp","href":"https:\/\/api.w.org\/{rel}","templated":true}]}}