{"id":107,"date":"2022-03-08T09:06:09","date_gmt":"2022-03-08T09:06:09","guid":{"rendered":"https:\/\/digitalzwomen.erasmus.site\/?page_id=107"},"modified":"2022-11-27T19:50:55","modified_gmt":"2022-11-27T19:50:55","slug":"project-partners","status":"publish","type":"page","link":"https:\/\/digitalzwomen.erasmus.site\/dk\/project-partners\/","title":{"rendered":"Partnerskabet"},"content":{"rendered":"<p><\/p>\n<p style=\"text-align: center;\"><img fetchpriority=\"high\" decoding=\"async\" class=\"alignnone size-medium wp-image-109\" src=\"https:\/\/digitalzwomen.erasmus.site\/wp-content\/uploads\/2022\/03\/EA-300x300.png\" alt=\"\" width=\"300\" height=\"300\" srcset=\"https:\/\/digitalzwomen.erasmus.site\/wp-content\/uploads\/2022\/03\/EA.png 300w, https:\/\/digitalzwomen.erasmus.site\/wp-content\/uploads\/2022\/03\/EA-150x150.png 150w\" sizes=\"(max-width: 300px) 100vw, 300px\" \/><\/p>\n<h3><\/h3>\n<h3 style=\"text-align: center;\">Projekt koordinator: Educational Association, z. s &#8211; Czech Republic<\/h3>\n<p>Educational Association, z. s. er en almennyttig borgerforening, som har til form\u00e5l at udvikle det \u00e5bne uddannelsessamfund, informations-, h\u00f8rings- og vejledningsaktiviteter inden for rammerne af den livslange l\u00e6ring. M\u00e5let er at hj\u00e6lpe med en bedre forst\u00e5else af praksis, politikker og systemer inden for uddannelse og tr\u00e6ning p\u00e5 tv\u00e6rs af lande. Med mere end 13 \u00e5rs erfaring med deltagelse i EU-finansierede projekter, Uddannelsesforbund, z.s. som helhed har promoveret eller deltaget i over 11 projekter, herunder projekter inden for erhvervsuddannelsesomr\u00e5det. Alle disse projekter er fokuseret p\u00e5 uddannelses- og tr\u00e6ningsaktiviteter og kvalitetsstyringsaktiviteter. For at sikre effekten af \u200b\u200bethvert samarbejdsprojekt arbejder vi s\u00e6rligt i t\u00e6t samarbejde med lokale partnere, der repr\u00e6senterer en r\u00e6kke EUD-skoler, andre uddannelsesudbydere og arbejdsmarkedets parter.<br \/>\nI \u00f8jeblikket er Uddannelsesforeningens centrale indsatsomr\u00e5der projektudbuddet inden for omr\u00e5devurdering af grundl\u00e6ggende og tv\u00e6rg\u00e5ende f\u00e6rdigheder, is\u00e6r iv\u00e6rks\u00e6tteri, socialt, civilt, interkulturelt og kompetencer, st\u00f8tte til kritisk t\u00e6nkning, digitale f\u00e6rdigheder og mediekendskab.<\/p>\n<p>Hjemmeside: <a href=\"http:\/\/educationalassociation.eu\/en\" target=\"_blank\" rel=\"noopener\">www.educationalassociation.eu\/en<\/a><br \/>\nContact: <a href=\"mailto:educational.as@gmail.com\">educational.as@gmail.com<\/a><\/p>\n<hr \/>\n<p style=\"text-align: center;\"><img decoding=\"async\" class=\"size-medium wp-image-113 aligncenter\" src=\"https:\/\/digitalzwomen.erasmus.site\/wp-content\/uploads\/2022\/03\/mindshift-300x300.png\" alt=\"\" width=\"300\" height=\"300\" srcset=\"https:\/\/digitalzwomen.erasmus.site\/wp-content\/uploads\/2022\/03\/mindshift.png 300w, https:\/\/digitalzwomen.erasmus.site\/wp-content\/uploads\/2022\/03\/mindshift-150x150.png 150w\" sizes=\"(max-width: 300px) 100vw, 300px\" \/><\/p>\n<h3 style=\"text-align: center;\">Mindshift Talent Advisory &#8211; Portugal<\/h3>\n<p>Mindshift er en konsulentvirksomhed specialiseret i Human Resources, der investerer i ydeevne og opkvalificering af menneskers kompetencer, der s\u00f8ger at booste den digitale og interpersonelle modenhed i organisationer og samfund.<br \/>\nP\u00e5 nationalt plan har MINDSHIFT som en af \u200b\u200bsine hovedpartnere The Key Talent Portugal, en HR Tech Consulting specialiseret i Social Attraction og Talent Assessment, der udvikler platforme, s\u00e5som Panorama og AplyGo, der g\u00f8r det muligt at optimere, implementere og administrere digitale, agile og attraktive HR-processer baseret p\u00e5 dataanalyse.<br \/>\nP\u00e5 europ\u00e6isk plan er vi en strategisk partner for udviklingen af \u200b\u200btransnationale samarbejdsprojekter, der sigter mod at skabe innovative l\u00f8sninger inden for ungdoms- og voksenuddannelse inden for seks n\u00f8gleomr\u00e5der: opkvalificering og omskoling, inklusion og besk\u00e6ftigelsesegnethed, b\u00e6redygtig udvikling, kvinders empowerment, iv\u00e6rks\u00e6tteri og kreativitet og digitalt talent.<br \/>\nMindshift er st\u00e6rkt forpligtet til principperne om socialt ansvar og 2030-dagsordenen for b\u00e6redygtig udvikling, og samler et team af medarbejdere med forskellig baggrund og professionel erfaring.<\/p>\n<p>Hjemmeside: <a href=\"https:\/\/www.mindshift.pt\/\" target=\"_blank\" rel=\"noopener\">www.mindshift.pt\/<\/a><br \/>\nContact: <a href=\"mailto:geral@mindshift.pt\">geral@mindshift.pt <\/a><\/p>\n<hr \/>\n<p style=\"text-align: center;\"><img decoding=\"async\" class=\"alignnone wp-image-110 size-medium\" src=\"https:\/\/digitalzwomen.erasmus.site\/wp-content\/uploads\/2022\/03\/silver-300x300.png\" alt=\"\" width=\"300\" height=\"300\" srcset=\"https:\/\/digitalzwomen.erasmus.site\/wp-content\/uploads\/2022\/03\/silver.png 300w, https:\/\/digitalzwomen.erasmus.site\/wp-content\/uploads\/2022\/03\/silver-150x150.png 150w\" sizes=\"(max-width: 300px) 100vw, 300px\" \/><\/p>\n<h3 style=\"text-align: center;\">Coop\u00e9rative d&#8217;Activit\u00e9 et d&#8217;Emploi dans les Services A la Personne et la Silver Economie &#8211; France<\/h3>\n<p>SILVER SAP er en CAE (Coop\u00e9rative d&#8217;Activit\u00e9 et de l&#8217;Emploi), specialiseret i sektoren for Human Services og Silver Economy.<br \/>\nSilversaps samarbejdsidentitet er defineret af: anerkendelse af arbejdets v\u00e6rdighed, retten til uddannelse, kreativitet og initiativ, ansvar i et f\u00e6lles projekt, gennemsigtighed og legitimitet af ledelses- og beslutningsorganer.<\/p>\n<p>Hvad g\u00f8r vi ?<br \/>\nMentorskab<br \/>\n\u2022 Opf\u00f8lgning<br \/>\n\u2022 Tr\u00e6ninger<br \/>\n\u2022 R\u00e5dgivning<br \/>\nLedelse<br \/>\n\u2022 Regnskab<br \/>\n\u2022 Samarbejdsv\u00e6rkt\u00f8j<br \/>\n\u2022 Administrative procedurer<br \/>\nNetv\u00e6rk<br \/>\n\u2022 Udvekslingsdynamik<br \/>\n\u2022 Erfaringsdeling<br \/>\n\u2022 Analysegrupper<\/p>\n<p>Hjemmeside: <a href=\"http:\/\/silversap.com\" target=\"_blank\" rel=\"noopener\">www.silversap.com<\/a><\/p>\n<hr \/>\n<p style=\"text-align: center;\"><img loading=\"lazy\" decoding=\"async\" class=\"alignnone wp-image-112 size-medium\" src=\"https:\/\/digitalzwomen.erasmus.site\/wp-content\/uploads\/2022\/03\/cwep-300x300.png\" alt=\"\" width=\"300\" height=\"300\" srcset=\"https:\/\/digitalzwomen.erasmus.site\/wp-content\/uploads\/2022\/03\/cwep.png 300w, https:\/\/digitalzwomen.erasmus.site\/wp-content\/uploads\/2022\/03\/cwep-150x150.png 150w\" sizes=\"(max-width: 300px) 100vw, 300px\" \/><\/p>\n<h3 style=\"text-align: center;\">Stowarzyszenie Centrum Wspierania Edukacji i Przedsi\u0119biorczo\u015bci (CWEP) &#8211; Poland<\/h3>\n<p>Siden 2004 har Centrum Wspierania Edukacji i Przedsi\u0119biorczo\u015bcidriver drevet aktiviteter relateret til st\u00f8tte og fremmelse af moderne uddannelse og entrepren\u00f8rskab, videnskabelig forskning og r\u00e5dgivning, udf\u00f8rt tr\u00e6ning, publicering, marketing, r\u00e5dgivning og reklameaktiviteter. Foreningen leverer tjenester til st\u00f8tte for uddannelse gennem implementering af tv\u00e6rnationale uddannelsesprojekter rettet mod unge og tilrettel\u00e6ggelse af tr\u00e6ning. Det driver ogs\u00e5 en konsulentst\u00f8tte til virksomheder, der opererer i Subcarpathian-regionen og Lesser Poland-regionen og implementerer investeringsprojekter, der sigter mod at forbedre kvaliteten af \u200b\u200bvirksomhedsst\u00f8ttetjenester. Foreningen er aktiv p\u00e5 det naturvidenskabelige omr\u00e5de, udtrykt i engagementet i forskningsprojekter og udf\u00f8rer egne analyser af samfundet.<\/p>\n<p>Hjemmeside: <a href=\"https:\/\/www.cwep.eu\" target=\"_blank\" rel=\"noopener\">www.cwep.eu<\/a><\/p>\n<hr \/>\n<p style=\"text-align: center;\"><img loading=\"lazy\" decoding=\"async\" class=\"alignnone wp-image-114 size-medium\" src=\"https:\/\/digitalzwomen.erasmus.site\/wp-content\/uploads\/2022\/03\/inthecity-300x300.png\" alt=\"\" width=\"300\" height=\"300\" srcset=\"https:\/\/digitalzwomen.erasmus.site\/wp-content\/uploads\/2022\/03\/inthecity.png 300w, https:\/\/digitalzwomen.erasmus.site\/wp-content\/uploads\/2022\/03\/inthecity-150x150.png 150w\" sizes=\"(max-width: 300px) 100vw, 300px\" \/><\/p>\n<h3 style=\"text-align: center;\">Inthecity Project Development &#8211; Netherlands<\/h3>\n<p>Inthecity Project Development er et kreativt multimediebureau. Dens team af &#8220;digitale historiefort\u00e6llere&#8221; inkorporerer anerkendt og dokumenteret ekspertise inden for filmproduktion, animation, webdesign og udvikling, begivenhedsvideoproduktion og sociale medier. Virksomhedens specialisering er at opdage forskellige virkelige oplevelser og bringe historierne til live, s\u00e5 de kan n\u00e5 et bredt publikum med det originale budskab og \u00e5nden i oplevelsen.<\/p>\n<p>Contact person: Reneta Palova &#8211; <a href=\"mailto:reneta.palova@gmail.com\">reneta.palova@gmail.com<\/a><br \/>\nHjemmeside: <a href=\"http:\/\/www.inthecitystudio.com\" target=\"_blank\" rel=\"noopener\">www.inthecitystudio.com<\/a><\/p>\n<hr \/>\n<p style=\"text-align: center;\"><img loading=\"lazy\" decoding=\"async\" class=\"alignnone wp-image-115 size-medium\" src=\"https:\/\/digitalzwomen.erasmus.site\/wp-content\/uploads\/2022\/03\/coneqt-300x300.png\" alt=\"\" width=\"300\" height=\"300\" srcset=\"https:\/\/digitalzwomen.erasmus.site\/wp-content\/uploads\/2022\/03\/coneqt.png 300w, https:\/\/digitalzwomen.erasmus.site\/wp-content\/uploads\/2022\/03\/coneqt-150x150.png 150w\" sizes=\"(max-width: 300px) 100vw, 300px\" \/><\/p>\n<h3 style=\"text-align: center;\">Coneqt &#8211; Denmark<\/h3>\n<p>Vi kan ikke \u00e6ndre verden, men det vi kan g\u00f8re, er at \u00e6ndre den m\u00e5de, som mennesker lever i den. Gennem dannelse, det v\u00e6re sig i en formel eller uformel kontekst, kan skabe den forandring, som vi har brug for at se i en verden i hastig udvikling. Derfor skal vi v\u00e6re i stand til l\u00f8bende at udvikle og forny os selv. Coneqt designer l\u00e6ringskoncepter, som giver v\u00e6rdi til mennesker og deres milj\u00f8er og som underst\u00f8tter social handling.<\/p>\n<p>Hjemmeside: <a href=\"http:\/\/www.coneqt.dk\/\">www.coneqt.dk<\/a><\/p>\n<hr \/>\n<p style=\"text-align: center;\"><img loading=\"lazy\" decoding=\"async\" class=\"alignnone wp-image-116 size-medium\" src=\"https:\/\/digitalzwomen.erasmus.site\/wp-content\/uploads\/2022\/03\/foundation-300x300.png\" alt=\"\" width=\"300\" height=\"300\" srcset=\"https:\/\/digitalzwomen.erasmus.site\/wp-content\/uploads\/2022\/03\/foundation.png 300w, https:\/\/digitalzwomen.erasmus.site\/wp-content\/uploads\/2022\/03\/foundation-150x150.png 150w\" sizes=\"(max-width: 300px) 100vw, 300px\" \/><\/p>\n<h3 style=\"text-align: center;\">Found.ation &#8211; Greece<\/h3>\n<p>Found.ation er en f\u00f8rende start-up-aktiverende platform for teknologiorienterede produkter og tjenester, en digital transformationsaccelerator for virksomheder og et teknologisk uddannelsescenter, der har etableret en f\u00f8rende position inden for innovation og opstart siden dets tidlige stadier. Det har givet et betydeligt antal nystartede virksomheder v\u00e6rdifuld r\u00e5dgivning og adgang til et stort netv\u00e6rk af n\u00f8gleakt\u00f8rer i innovations\u00f8kosystemet, s\u00e5som mentorer og investorer. Med nogle af Gr\u00e6kenlands st\u00f8rste organisationer og virksomheder blandt sine partnere, har Found.ation aktivt og succesfuldt bidraget til at hj\u00e6lpe dem med at tackle digitale transformationsudfordringer ved at fungere som en muligg\u00f8rer og r\u00e5dgiver gennem implementering af konkrete handlinger, der letter tilpasningen af \u200b\u200barbejdsgivernes mentalitet , forbedring af brugen af \u200b\u200bteknologi og digitale v\u00e6rkt\u00f8jer og forbedring af strategiske f\u00e6rdigheder for at n\u00e5 deres professionelle m\u00e5l.<\/p>\n<p>Kontaktoplysninger:<br \/>\nEvrystheos 2<br \/>\nK. Petralona 118 54 Athens, Greece<br \/>\n+30 210 34 50 606<br \/>\n<a href=\"mailto:info@thefoundation.gr\">info@thefoundation.gr<\/a><\/p>\n<p>Hjemmeside: <a href=\"http:\/\/www.thefoundation.gr\/\" target=\"_blank\" rel=\"noopener\">www.thefoundation.gr\/<\/a><\/p>\n<hr \/>\n<p style=\"text-align: center;\"><img loading=\"lazy\" decoding=\"async\" class=\"alignnone wp-image-111 size-medium\" src=\"https:\/\/digitalzwomen.erasmus.site\/wp-content\/uploads\/2022\/03\/idp-300x300.png\" alt=\"\" width=\"300\" height=\"300\" srcset=\"https:\/\/digitalzwomen.erasmus.site\/wp-content\/uploads\/2022\/03\/idp.png 300w, https:\/\/digitalzwomen.erasmus.site\/wp-content\/uploads\/2022\/03\/idp-150x150.png 150w\" sizes=\"(max-width: 300px) 100vw, 300px\" \/><\/p>\n<h3 style=\"text-align: center;\">IDP &#8211; Italy<\/h3>\n<p>IDP sas er en italiensk SMV med 25+ \u00e5rs international erfaring. Siden 1999 har IDP sas udviklet og gennemf\u00f8rt specialiserede uddannelseskurser for erhvervsuddannelse og voksne elever med fokus p\u00e5 EU-relaterede emner. Det uddannede mere end 3.500 (unge) fagfolk med mere end 120 kurser og 8.500 timers ansigt-til-ansigt tr\u00e6ning leveret p\u00e5 engelsk, italiensk og fransk. IDP sas afholdt 43 udgaver af MasterClass om iv\u00e6rks\u00e6tterudvikling inden for rammerne af EU&#8217;s politikker og programmer og har i de sidste 7 \u00e5r udviklet 40+ kurser og moduler inden for rammerne af Erasmus- og H2020-projekter, valideret med mere end 350 m\u00e5lgrupper. IDP sas leverer ogs\u00e5 tjenester inden for iv\u00e6rks\u00e6tteri, ledelse, internationalisering og EU-finansiering. Det har en dokumenteret track record inden for \u00f8konomistyring, kvalitetssikring og projektledelse og p\u00e5lidelig international status som tjenesteudbyder for EU-Kommissionen, FN og OIF.<\/p>\n<p>Hjemmeside: <a href=\"https:\/\/idpeuropa.com\/\" target=\"_blank\" rel=\"noopener\">www.idpeuropa.com\/<\/a><\/p>","protected":false},"excerpt":{"rendered":"<p>Projekt koordinator: Educational Association, z. s &#8211; Czech Republic Educational Association, z. s. er en almennyttig borgerforening, som har til form\u00e5l at udvikle det \u00e5bne uddannelsessamfund, informations-, h\u00f8rings- og vejledningsaktiviteter inden for rammerne af den livslange l\u00e6ring. M\u00e5let er at hj\u00e6lpe med en bedre forst\u00e5else af praksis, politikker og systemer inden for uddannelse og tr\u00e6ning&hellip;&nbsp;<\/p>\n","protected":false},"author":1,"featured_media":0,"parent":0,"menu_order":0,"comment_status":"closed","ping_status":"closed","template":"","meta":{"neve_meta_sidebar":"","neve_meta_container":"","neve_meta_enable_content_width":"off","neve_meta_content_width":100,"neve_meta_title_alignment":"","neve_meta_author_avatar":"","neve_post_elements_order":"","neve_meta_disable_header":"","neve_meta_disable_footer":"","neve_meta_disable_title":"","footnotes":""},"class_list":["post-107","page","type-page","status-publish","hentry"],"_links":{"self":[{"href":"https:\/\/digitalzwomen.erasmus.site\/dk\/wp-json\/wp\/v2\/pages\/107","targetHints":{"allow":["GET"]}}],"collection":[{"href":"https:\/\/digitalzwomen.erasmus.site\/dk\/wp-json\/wp\/v2\/pages"}],"about":[{"href":"https:\/\/digitalzwomen.erasmus.site\/dk\/wp-json\/wp\/v2\/types\/page"}],"author":[{"embeddable":true,"href":"https:\/\/digitalzwomen.erasmus.site\/dk\/wp-json\/wp\/v2\/users\/1"}],"replies":[{"embeddable":true,"href":"https:\/\/digitalzwomen.erasmus.site\/dk\/wp-json\/wp\/v2\/comments?post=107"}],"version-history":[{"count":14,"href":"https:\/\/digitalzwomen.erasmus.site\/dk\/wp-json\/wp\/v2\/pages\/107\/revisions"}],"predecessor-version":[{"id":327,"href":"https:\/\/digitalzwomen.erasmus.site\/dk\/wp-json\/wp\/v2\/pages\/107\/revisions\/327"}],"wp:attachment":[{"href":"https:\/\/digitalzwomen.erasmus.site\/dk\/wp-json\/wp\/v2\/media?parent=107"}],"curies":[{"name":"wp","href":"https:\/\/api.w.org\/{rel}","templated":true}]}}