{"id":12,"date":"2022-03-07T20:06:40","date_gmt":"2022-03-07T20:06:40","guid":{"rendered":"https:\/\/digitalzwomen.erasmus.site\/?page_id=12"},"modified":"2024-01-19T14:20:50","modified_gmt":"2024-01-19T14:20:50","slug":"home","status":"publish","type":"page","link":"https:\/\/digitalzwomen.erasmus.site\/dk\/","title":{"rendered":"Hjem"},"content":{"rendered":"\t\t<div data-elementor-type=\"wp-page\" data-elementor-id=\"12\" class=\"elementor elementor-12\">\n\t\t\t\t\t\t<section class=\"elementor-section elementor-top-section elementor-element elementor-element-bd7280f elementor-section-height-full elementor-section-boxed elementor-section-height-default elementor-section-items-middle\" data-id=\"bd7280f\" data-element_type=\"section\" data-e-type=\"section\" data-settings=\"{&quot;background_background&quot;:&quot;classic&quot;}\">\n\t\t\t\t\t\t\t<div class=\"elementor-background-overlay\"><\/div>\n\t\t\t\t\t\t\t<div class=\"elementor-container elementor-column-gap-default\">\n\t\t\t\t\t<div class=\"elementor-column elementor-col-100 elementor-top-column elementor-element elementor-element-2a20ec5\" data-id=\"2a20ec5\" data-element_type=\"column\" data-e-type=\"column\">\n\t\t\t<div class=\"elementor-widget-wrap elementor-element-populated\">\n\t\t\t\t\t\t<div class=\"elementor-element elementor-element-3c49be3 elementor-widget elementor-widget-heading\" data-id=\"3c49be3\" data-element_type=\"widget\" data-e-type=\"widget\" data-widget_type=\"heading.default\">\n\t\t\t\t<div class=\"elementor-widget-container\">\n\t\t\t\t\t<h2 class=\"elementor-heading-title elementor-size-xl\">DIGITAL Z-WOMEN: Empower Gen-Z women with digital entrepreneurship skills<\/h2>\t\t\t\t<\/div>\n\t\t\t\t<\/div>\n\t\t\t\t<div class=\"elementor-element elementor-element-9448345 elementor-widget elementor-widget-text-editor\" data-id=\"9448345\" data-element_type=\"widget\" data-e-type=\"widget\" data-widget_type=\"text-editor.default\">\n\t\t\t\t<div class=\"elementor-widget-container\">\n\t\t\t\t\t\t\t\t\t<p><\/p><p><\/p><p><\/p><p><\/p><p><\/p><p><\/p><p><\/p><p><strong>Projektnummer:<\/strong> 2021-1-CZ01-KA220-VET-000024882<br \/><strong>Projektets Varighed:<\/strong> 01.01.2022 &#8211; 01.01.2024<\/p><p><\/p>\t\t\t\t\t\t\t\t<\/div>\n\t\t\t\t<\/div>\n\t\t\t\t\t<\/div>\n\t\t<\/div>\n\t\t\t\t\t<\/div>\n\t\t<\/section>\n\t\t\t\t<section class=\"elementor-section elementor-top-section elementor-element elementor-element-08e40c5 elementor-section-boxed elementor-section-height-default elementor-section-height-default\" data-id=\"08e40c5\" data-element_type=\"section\" data-e-type=\"section\">\n\t\t\t\t\t\t<div class=\"elementor-container elementor-column-gap-default\">\n\t\t\t\t\t<div class=\"elementor-column elementor-col-50 elementor-top-column elementor-element elementor-element-42ba57d\" data-id=\"42ba57d\" data-element_type=\"column\" data-e-type=\"column\">\n\t\t\t<div class=\"elementor-widget-wrap elementor-element-populated\">\n\t\t\t\t\t\t<div class=\"elementor-element elementor-element-2c56e32 elementor-widget elementor-widget-menu-anchor\" data-id=\"2c56e32\" data-element_type=\"widget\" data-e-type=\"widget\" data-widget_type=\"menu-anchor.default\">\n\t\t\t\t<div class=\"elementor-widget-container\">\n\t\t\t\t\t\t\t<div class=\"elementor-menu-anchor\" id=\"about\"><\/div>\n\t\t\t\t\t\t<\/div>\n\t\t\t\t<\/div>\n\t\t\t\t<div class=\"elementor-element elementor-element-7f728e8 elementor-widget elementor-widget-heading\" data-id=\"7f728e8\" data-element_type=\"widget\" data-e-type=\"widget\" data-widget_type=\"heading.default\">\n\t\t\t\t<div class=\"elementor-widget-container\">\n\t\t\t\t\t<h2 class=\"elementor-heading-title elementor-size-default\">Om projektet<\/h2>\t\t\t\t<\/div>\n\t\t\t\t<\/div>\n\t\t\t\t<div class=\"elementor-element elementor-element-c4b4077 elementor-widget elementor-widget-text-editor\" data-id=\"c4b4077\" data-element_type=\"widget\" data-e-type=\"widget\" data-widget_type=\"text-editor.default\">\n\t\t\t\t<div class=\"elementor-widget-container\">\n\t\t\t\t\t\t\t\t\t<p><\/p><p><\/p><p><\/p><p><\/p><p><\/p><p><\/p><p><\/p><p>DIGITAL Z-WOMEN er designet til at styrke kvinder fra Generation Z med digitale iv\u00e6rks\u00e6tterevner, hj\u00e6lpe dem med at drage fordel af de muligheder, digital transformation giver og trives i en arbejdsverden, der bliver digital ret hurtigt, endnu mere i den pandemiske n\u00f8dsituation, vi besk\u00e6ftiger sig med.<\/p><p><\/p>\t\t\t\t\t\t\t\t<\/div>\n\t\t\t\t<\/div>\n\t\t\t\t\t<\/div>\n\t\t<\/div>\n\t\t\t\t<div class=\"elementor-column elementor-col-50 elementor-top-column elementor-element elementor-element-29eac65\" data-id=\"29eac65\" data-element_type=\"column\" data-e-type=\"column\">\n\t\t\t<div class=\"elementor-widget-wrap elementor-element-populated\">\n\t\t\t\t\t\t<div class=\"elementor-element elementor-element-2b12a6d elementor-widget elementor-widget-image\" data-id=\"2b12a6d\" data-element_type=\"widget\" data-e-type=\"widget\" data-widget_type=\"image.default\">\n\t\t\t\t<div class=\"elementor-widget-container\">\n\t\t\t\t\t\t\t\t\t\t\t\t\t\t\t<img fetchpriority=\"high\" decoding=\"async\" width=\"1024\" height=\"683\" src=\"https:\/\/digitalzwomen.erasmus.site\/wp-content\/uploads\/2022\/03\/concentrated-young-lady-working-with-laptop-home-1024x683.jpg\" class=\"attachment-large size-large wp-image-59\" alt=\"\" srcset=\"https:\/\/digitalzwomen.erasmus.site\/wp-content\/uploads\/2022\/03\/concentrated-young-lady-working-with-laptop-home-1024x683.jpg 1024w, https:\/\/digitalzwomen.erasmus.site\/wp-content\/uploads\/2022\/03\/concentrated-young-lady-working-with-laptop-home-300x200.jpg 300w, https:\/\/digitalzwomen.erasmus.site\/wp-content\/uploads\/2022\/03\/concentrated-young-lady-working-with-laptop-home-768x513.jpg 768w, https:\/\/digitalzwomen.erasmus.site\/wp-content\/uploads\/2022\/03\/concentrated-young-lady-working-with-laptop-home-1536x1025.jpg 1536w, https:\/\/digitalzwomen.erasmus.site\/wp-content\/uploads\/2022\/03\/concentrated-young-lady-working-with-laptop-home-2048x1367.jpg 2048w\" sizes=\"(max-width: 1024px) 100vw, 1024px\" \/>\t\t\t\t\t\t\t\t\t\t\t\t\t\t\t<\/div>\n\t\t\t\t<\/div>\n\t\t\t\t\t<\/div>\n\t\t<\/div>\n\t\t\t\t\t<\/div>\n\t\t<\/section>\n\t\t\t\t<section class=\"elementor-section elementor-top-section elementor-element elementor-element-989c373 elementor-section-boxed elementor-section-height-default elementor-section-height-default\" data-id=\"989c373\" data-element_type=\"section\" data-e-type=\"section\">\n\t\t\t\t\t\t<div class=\"elementor-container elementor-column-gap-default\">\n\t\t\t\t\t<div class=\"elementor-column elementor-col-50 elementor-top-column elementor-element elementor-element-8f489f1\" data-id=\"8f489f1\" data-element_type=\"column\" data-e-type=\"column\">\n\t\t\t<div class=\"elementor-widget-wrap elementor-element-populated\">\n\t\t\t\t\t\t<div class=\"elementor-element elementor-element-ac3f60b elementor-widget elementor-widget-image\" data-id=\"ac3f60b\" data-element_type=\"widget\" data-e-type=\"widget\" data-widget_type=\"image.default\">\n\t\t\t\t<div class=\"elementor-widget-container\">\n\t\t\t\t\t\t\t\t\t\t\t\t\t\t\t<img decoding=\"async\" width=\"1024\" height=\"713\" src=\"https:\/\/digitalzwomen.erasmus.site\/wp-content\/uploads\/2022\/03\/happy-woman-with-phone-1024x713.jpg\" class=\"attachment-large size-large wp-image-82\" alt=\"\" srcset=\"https:\/\/digitalzwomen.erasmus.site\/wp-content\/uploads\/2022\/03\/happy-woman-with-phone-1024x713.jpg 1024w, https:\/\/digitalzwomen.erasmus.site\/wp-content\/uploads\/2022\/03\/happy-woman-with-phone-300x209.jpg 300w, https:\/\/digitalzwomen.erasmus.site\/wp-content\/uploads\/2022\/03\/happy-woman-with-phone-768x535.jpg 768w, https:\/\/digitalzwomen.erasmus.site\/wp-content\/uploads\/2022\/03\/happy-woman-with-phone-1536x1069.jpg 1536w, https:\/\/digitalzwomen.erasmus.site\/wp-content\/uploads\/2022\/03\/happy-woman-with-phone-2048x1425.jpg 2048w\" sizes=\"(max-width: 1024px) 100vw, 1024px\" \/>\t\t\t\t\t\t\t\t\t\t\t\t\t\t\t<\/div>\n\t\t\t\t<\/div>\n\t\t\t\t\t<\/div>\n\t\t<\/div>\n\t\t\t\t<div class=\"elementor-column elementor-col-50 elementor-top-column elementor-element elementor-element-9921ee5\" data-id=\"9921ee5\" data-element_type=\"column\" data-e-type=\"column\">\n\t\t\t<div class=\"elementor-widget-wrap elementor-element-populated\">\n\t\t\t\t\t\t<div class=\"elementor-element elementor-element-5a2fa10 elementor-widget elementor-widget-heading\" data-id=\"5a2fa10\" data-element_type=\"widget\" data-e-type=\"widget\" data-widget_type=\"heading.default\">\n\t\t\t\t<div class=\"elementor-widget-container\">\n\t\t\t\t\t<h2 class=\"elementor-heading-title elementor-size-default\">Form\u00e5l<\/h2>\t\t\t\t<\/div>\n\t\t\t\t<\/div>\n\t\t\t\t<div class=\"elementor-element elementor-element-7bb62d5 elementor-widget elementor-widget-text-editor\" data-id=\"7bb62d5\" data-element_type=\"widget\" data-e-type=\"widget\" data-widget_type=\"text-editor.default\">\n\t\t\t\t<div class=\"elementor-widget-container\">\n\t\t\t\t\t\t\t\t\t<p>Form\u00e5let med DIGITAL Z-WOMEN-projektet og dets partnerskab er at:<\/p><ul><li>identificere rollemodeller, der kan tjene som gode eksempler p\u00e5 etiske og p\u00e5lidelige digitale iv\u00e6rks\u00e6ttere og det arbejde, de udf\u00f8rer;<\/li><li>udvikle og afpr\u00f8ve en skr\u00e6ddersyet uddannelsessti om digitalt iv\u00e6rks\u00e6tteri for Gen-Z kvinder, samt retningslinjer og tips til at st\u00f8tte VET-professionelle i at facilitere tr\u00e6ning om de n\u00e6vnte emner;<\/li><li>udvikle et l\u00e6ringscenter, der giver Gen-Z-kvinder og de VET-professionelle, der arbejder med dem, interaktive, omfattende og \u00e5bne l\u00e6ringsmuligheder.<\/li><\/ul>\t\t\t\t\t\t\t\t<\/div>\n\t\t\t\t<\/div>\n\t\t\t\t\t<\/div>\n\t\t<\/div>\n\t\t\t\t\t<\/div>\n\t\t<\/section>\n\t\t\t\t<section class=\"elementor-section elementor-top-section elementor-element elementor-element-b362a30 elementor-section-boxed elementor-section-height-default elementor-section-height-default\" data-id=\"b362a30\" data-element_type=\"section\" data-e-type=\"section\">\n\t\t\t\t\t\t<div class=\"elementor-container elementor-column-gap-default\">\n\t\t\t\t\t<div class=\"elementor-column elementor-col-100 elementor-top-column elementor-element elementor-element-361a7b1\" data-id=\"361a7b1\" data-element_type=\"column\" data-e-type=\"column\">\n\t\t\t<div class=\"elementor-widget-wrap elementor-element-populated\">\n\t\t\t\t\t\t<div class=\"elementor-element elementor-element-cbd7ef3 elementor-widget elementor-widget-menu-anchor\" data-id=\"cbd7ef3\" data-element_type=\"widget\" data-e-type=\"widget\" data-widget_type=\"menu-anchor.default\">\n\t\t\t\t<div class=\"elementor-widget-container\">\n\t\t\t\t\t\t\t<div class=\"elementor-menu-anchor\" id=\"results\"><\/div>\n\t\t\t\t\t\t<\/div>\n\t\t\t\t<\/div>\n\t\t\t\t<div class=\"elementor-element elementor-element-3d1c9c1 elementor-widget elementor-widget-heading\" data-id=\"3d1c9c1\" data-element_type=\"widget\" data-e-type=\"widget\" data-widget_type=\"heading.default\">\n\t\t\t\t<div class=\"elementor-widget-container\">\n\t\t\t\t\t<h2 class=\"elementor-heading-title elementor-size-default\">Projektresultater<\/h2>\t\t\t\t<\/div>\n\t\t\t\t<\/div>\n\t\t\t\t\t<\/div>\n\t\t<\/div>\n\t\t\t\t\t<\/div>\n\t\t<\/section>\n\t\t\t\t<section class=\"elementor-section elementor-top-section elementor-element elementor-element-b3a9482 elementor-section-boxed elementor-section-height-default elementor-section-height-default\" data-id=\"b3a9482\" data-element_type=\"section\" data-e-type=\"section\">\n\t\t\t\t\t\t<div class=\"elementor-container elementor-column-gap-default\">\n\t\t\t\t\t<div class=\"elementor-column elementor-col-33 elementor-top-column elementor-element elementor-element-7e93f67\" data-id=\"7e93f67\" data-element_type=\"column\" data-e-type=\"column\">\n\t\t\t<div class=\"elementor-widget-wrap elementor-element-populated\">\n\t\t\t\t\t\t<div class=\"elementor-element elementor-element-0362739 elementor-widget elementor-widget-image\" data-id=\"0362739\" data-element_type=\"widget\" data-e-type=\"widget\" data-widget_type=\"image.default\">\n\t\t\t\t<div class=\"elementor-widget-container\">\n\t\t\t\t\t\t\t\t\t\t\t\t\t\t\t<img decoding=\"async\" width=\"150\" height=\"150\" src=\"https:\/\/digitalzwomen.erasmus.site\/wp-content\/uploads\/2023\/12\/pr1.png\" class=\"attachment-thumbnail size-thumbnail wp-image-527\" alt=\"\" \/>\t\t\t\t\t\t\t\t\t\t\t\t\t\t\t<\/div>\n\t\t\t\t<\/div>\n\t\t\t\t<div class=\"elementor-element elementor-element-cf698de elementor-widget elementor-widget-text-editor\" data-id=\"cf698de\" data-element_type=\"widget\" data-e-type=\"widget\" data-widget_type=\"text-editor.default\">\n\t\t\t\t<div class=\"elementor-widget-container\">\n\t\t\t\t\t\t\t\t\t<p>1. en e-samling af inspirerende historier, der pr\u00e6senterer rollemodeller og bedste praksis om digitalt iv\u00e6rks\u00e6tteri blandt Gen-Z kvinder gennem visuel infografik, videoteasere af interviewene og podcast lydfiler;<\/p>\t\t\t\t\t\t\t\t<\/div>\n\t\t\t\t<\/div>\n\t\t\t\t\t<\/div>\n\t\t<\/div>\n\t\t\t\t<div class=\"elementor-column elementor-col-33 elementor-top-column elementor-element elementor-element-7b35246\" data-id=\"7b35246\" data-element_type=\"column\" data-e-type=\"column\">\n\t\t\t<div class=\"elementor-widget-wrap elementor-element-populated\">\n\t\t\t\t\t\t<div class=\"elementor-element elementor-element-3dae011 elementor-widget elementor-widget-image\" data-id=\"3dae011\" data-element_type=\"widget\" data-e-type=\"widget\" data-widget_type=\"image.default\">\n\t\t\t\t<div class=\"elementor-widget-container\">\n\t\t\t\t\t\t\t\t\t\t\t\t\t\t\t<img loading=\"lazy\" decoding=\"async\" width=\"150\" height=\"150\" src=\"https:\/\/digitalzwomen.erasmus.site\/wp-content\/uploads\/2023\/12\/pr2.png\" class=\"attachment-large size-large wp-image-520\" alt=\"\" \/>\t\t\t\t\t\t\t\t\t\t\t\t\t\t\t<\/div>\n\t\t\t\t<\/div>\n\t\t\t\t<div class=\"elementor-element elementor-element-0b2710c elementor-widget elementor-widget-text-editor\" data-id=\"0b2710c\" data-element_type=\"widget\" data-e-type=\"widget\" data-widget_type=\"text-editor.default\">\n\t\t\t\t<div class=\"elementor-widget-container\">\n\t\t\t\t\t\t\t\t\t<p>2. en DIGITAL Z-WOMEN Learning Journey, lavet af h\u00e6fter til Gen-Z kvindelige elever og tutorials for VET-professionelle\/mentorer, der tilbyder et s\u00e6t omfattende l\u00e6ringsmoduler struktureret i to omr\u00e5der:<br \/>a) v\u00e6sentlige ting om digitalt iv\u00e6rks\u00e6tteri (typer af digitale virksomheder, n\u00f8gleplatforme for digitale virksomheder, n\u00f8glekompetencer, balance mellem livsroller)<br \/>b) v\u00e6sentlige ting om digital forretningsudvikling (innovationsledelse, forretningsid\u00e9,<br \/>produkt-\/serviceudvikling, udvikling af forretningsplaner, digital forretningsprototyping og testteknikker, marketingstrategi og digitalt indholdsskabelse, digital forretningsindt\u00e6gtsstrategier og -styring); <\/p>\t\t\t\t\t\t\t\t<\/div>\n\t\t\t\t<\/div>\n\t\t\t\t\t<\/div>\n\t\t<\/div>\n\t\t\t\t<div class=\"elementor-column elementor-col-33 elementor-top-column elementor-element elementor-element-bce8cc6\" data-id=\"bce8cc6\" data-element_type=\"column\" data-e-type=\"column\">\n\t\t\t<div class=\"elementor-widget-wrap elementor-element-populated\">\n\t\t\t\t\t\t<div class=\"elementor-element elementor-element-b92bb8b elementor-widget elementor-widget-image\" data-id=\"b92bb8b\" data-element_type=\"widget\" data-e-type=\"widget\" data-widget_type=\"image.default\">\n\t\t\t\t<div class=\"elementor-widget-container\">\n\t\t\t\t\t\t\t\t\t\t\t\t\t\t\t<img loading=\"lazy\" decoding=\"async\" width=\"150\" height=\"150\" src=\"https:\/\/digitalzwomen.erasmus.site\/wp-content\/uploads\/2022\/03\/Result-3-150x150.png\" class=\"attachment-thumbnail size-thumbnail wp-image-126\" alt=\"\" \/>\t\t\t\t\t\t\t\t\t\t\t\t\t\t\t<\/div>\n\t\t\t\t<\/div>\n\t\t\t\t<div class=\"elementor-element elementor-element-f5c16d7 elementor-widget elementor-widget-text-editor\" data-id=\"f5c16d7\" data-element_type=\"widget\" data-e-type=\"widget\" data-widget_type=\"text-editor.default\">\n\t\t\t\t<div class=\"elementor-widget-container\">\n\t\t\t\t\t\t\t\t\t<p>3. en DIGITAL Z-WOMEN Online Hub og Toolkit, der organiserer l\u00e6ringsrejsen til en omfattende og interaktiv l\u00e6ringsoplevelse, f\u00f8jer interaktive \u00f8velser (f.eks. handlingskort, quizzer), inspireret af legebaserede strategier for l\u00e6ring, til det indhold, der har tidligere blevet oprettet for at facilitere b\u00e5de selvstyret l\u00e6ring og ansigt-til-ansigt, e-learning og b-learning tr\u00e6ningsfacilitering om de n\u00e6vnte emner; digitale v\u00e6rkt\u00f8jer og en online open-access platform vil blive brugt til at bygge v\u00e6rkt\u00f8jskassen.<\/p>\t\t\t\t\t\t\t\t<\/div>\n\t\t\t\t<\/div>\n\t\t\t\t\t<\/div>\n\t\t<\/div>\n\t\t\t\t\t<\/div>\n\t\t<\/section>\n\t\t\t\t<section class=\"elementor-section elementor-top-section elementor-element elementor-element-ab2c2ef elementor-section-content-middle elementor-section-boxed elementor-section-height-default elementor-section-height-default\" data-id=\"ab2c2ef\" data-element_type=\"section\" data-e-type=\"section\">\n\t\t\t\t\t\t<div class=\"elementor-container elementor-column-gap-default\">\n\t\t\t\t\t<div class=\"elementor-column elementor-col-50 elementor-top-column elementor-element elementor-element-bd53005\" data-id=\"bd53005\" data-element_type=\"column\" data-e-type=\"column\">\n\t\t\t<div class=\"elementor-widget-wrap\">\n\t\t\t\t\t\t\t<\/div>\n\t\t<\/div>\n\t\t\t\t<div class=\"elementor-column elementor-col-50 elementor-top-column elementor-element elementor-element-8dd37ee\" data-id=\"8dd37ee\" data-element_type=\"column\" data-e-type=\"column\">\n\t\t\t<div class=\"elementor-widget-wrap\">\n\t\t\t\t\t\t\t<\/div>\n\t\t<\/div>\n\t\t\t\t\t<\/div>\n\t\t<\/section>\n\t\t\t\t<section class=\"elementor-section elementor-top-section elementor-element elementor-element-828626e elementor-section-content-middle elementor-section-boxed elementor-section-height-default elementor-section-height-default\" data-id=\"828626e\" data-element_type=\"section\" data-e-type=\"section\">\n\t\t\t\t\t\t<div class=\"elementor-container elementor-column-gap-default\">\n\t\t\t\t\t<div class=\"elementor-column elementor-col-50 elementor-top-column elementor-element elementor-element-e2710be\" data-id=\"e2710be\" data-element_type=\"column\" data-e-type=\"column\">\n\t\t\t<div class=\"elementor-widget-wrap\">\n\t\t\t\t\t\t\t<\/div>\n\t\t<\/div>\n\t\t\t\t<div class=\"elementor-column elementor-col-50 elementor-top-column elementor-element elementor-element-26b00eb\" data-id=\"26b00eb\" data-element_type=\"column\" data-e-type=\"column\">\n\t\t\t<div class=\"elementor-widget-wrap\">\n\t\t\t\t\t\t\t<\/div>\n\t\t<\/div>\n\t\t\t\t\t<\/div>\n\t\t<\/section>\n\t\t\t\t<\/div>\n\t\t","protected":false},"excerpt":{"rendered":"<p>DIGITAL Z-WOMEN: Empower Gen-Z women with digital entrepreneurship skills Projektnummer: 2021-1-CZ01-KA220-VET-000024882Projektets Varighed: 01.01.2022 &#8211; 01.01.2024 Om projektet DIGITAL Z-WOMEN er designet til at styrke kvinder fra Generation Z med digitale iv\u00e6rks\u00e6tterevner, hj\u00e6lpe dem med at drage fordel af de muligheder, digital transformation giver og trives i en arbejdsverden, der bliver digital ret hurtigt, endnu mere&hellip;&nbsp;<\/p>\n","protected":false},"author":1,"featured_media":0,"parent":0,"menu_order":0,"comment_status":"closed","ping_status":"closed","template":"elementor_header_footer","meta":{"neve_meta_sidebar":"","neve_meta_container":"","neve_meta_enable_content_width":"off","neve_meta_content_width":100,"neve_meta_title_alignment":"","neve_meta_author_avatar":"","neve_post_elements_order":"","neve_meta_disable_header":"","neve_meta_disable_footer":"","neve_meta_disable_title":"","footnotes":""},"class_list":["post-12","page","type-page","status-publish","hentry"],"_links":{"self":[{"href":"https:\/\/digitalzwomen.erasmus.site\/dk\/wp-json\/wp\/v2\/pages\/12","targetHints":{"allow":["GET"]}}],"collection":[{"href":"https:\/\/digitalzwomen.erasmus.site\/dk\/wp-json\/wp\/v2\/pages"}],"about":[{"href":"https:\/\/digitalzwomen.erasmus.site\/dk\/wp-json\/wp\/v2\/types\/page"}],"author":[{"embeddable":true,"href":"https:\/\/digitalzwomen.erasmus.site\/dk\/wp-json\/wp\/v2\/users\/1"}],"replies":[{"embeddable":true,"href":"https:\/\/digitalzwomen.erasmus.site\/dk\/wp-json\/wp\/v2\/comments?post=12"}],"version-history":[{"count":211,"href":"https:\/\/digitalzwomen.erasmus.site\/dk\/wp-json\/wp\/v2\/pages\/12\/revisions"}],"predecessor-version":[{"id":540,"href":"https:\/\/digitalzwomen.erasmus.site\/dk\/wp-json\/wp\/v2\/pages\/12\/revisions\/540"}],"wp:attachment":[{"href":"https:\/\/digitalzwomen.erasmus.site\/dk\/wp-json\/wp\/v2\/media?parent=12"}],"curies":[{"name":"wp","href":"https:\/\/api.w.org\/{rel}","templated":true}]}}