{"id":107,"date":"2022-03-08T09:06:09","date_gmt":"2022-03-08T09:06:09","guid":{"rendered":"https:\/\/digitalzwomen.erasmus.site\/?page_id=107"},"modified":"2022-11-27T19:50:55","modified_gmt":"2022-11-27T19:50:55","slug":"project-partners","status":"publish","type":"page","link":"https:\/\/digitalzwomen.erasmus.site\/fr\/project-partners\/","title":{"rendered":"Partenariat"},"content":{"rendered":"<p><\/p>\n<p style=\"text-align: center;\"><img fetchpriority=\"high\" decoding=\"async\" class=\"alignnone size-medium wp-image-109\" src=\"https:\/\/digitalzwomen.erasmus.site\/wp-content\/uploads\/2022\/03\/EA-300x300.png\" alt=\"\" width=\"300\" height=\"300\" srcset=\"https:\/\/digitalzwomen.erasmus.site\/wp-content\/uploads\/2022\/03\/EA.png 300w, https:\/\/digitalzwomen.erasmus.site\/wp-content\/uploads\/2022\/03\/EA-150x150.png 150w\" sizes=\"(max-width: 300px) 100vw, 300px\" \/><\/p>\n<h3><\/h3>\n<h3 style=\"text-align: center;\">Coordinateur du projet : Educational Association, z. s &#8211; R\u00e9publique tch\u00e8que<\/h3>\n<p>Educational Association, z. s. est une association civique \u00e0 but non lucratif dont l&rsquo;objectif est de d\u00e9velopper la soci\u00e9t\u00e9 \u00e9ducative ouverte, l&rsquo;information, la consultation et les activit\u00e9s d&rsquo;orientation dans le cadre de l&rsquo;apprentissage tout au long de la vie. L&rsquo;objectif est de contribuer \u00e0 une meilleure compr\u00e9hension des pratiques, des politiques et des syst\u00e8mes d&rsquo;\u00e9ducation et de formation dans les diff\u00e9rents pays. Avec plus de 13 ans d&rsquo;exp\u00e9rience de participation \u00e0 des projets financ\u00e9s par l&rsquo;UE, Educational Association, z.s. dans son ensemble a promu ou particip\u00e9 \u00e0 plus de 11 projets, y compris des projets dans le domaine de l&rsquo;EFP. Tous ces projets sont ax\u00e9s sur des activit\u00e9s d&rsquo;\u00e9ducation et de formation et des activit\u00e9s de gestion de la qualit\u00e9. Pour garantir l&rsquo;impact de chaque projet de coop\u00e9ration, nous travaillons notamment en \u00e9troite collaboration avec des partenaires locaux repr\u00e9sentant un \u00e9ventail d&rsquo;\u00e9coles d&rsquo;EFP, d&rsquo;autres prestataires de services \u00e9ducatifs et de partenaires sociaux.<br \/>\nActuellement, les principaux domaines d&rsquo;action de l&rsquo;Educational Association sont l&rsquo;\u00e9valuation des comp\u00e9tences de base et transversales, en particulier l&rsquo;esprit d&rsquo;entreprise, les comp\u00e9tences sociales, civiques et interculturelles, le soutien de l&rsquo;esprit critique, les comp\u00e9tences num\u00e9riques et l&rsquo;\u00e9ducation aux m\u00e9dias.<\/p>\n<p>Site web: <a href=\"http:\/\/educationalassociation.eu\/en\" target=\"_blank\" rel=\"noopener\">www.educationalassociation.eu\/en<\/a><br \/>\nContact: <a href=\"mailto:educational.as@gmail.com\">educational.as@gmail.com<\/a><\/p>\n<hr \/>\n<p style=\"text-align: center;\"><img decoding=\"async\" class=\"size-medium wp-image-113 aligncenter\" src=\"https:\/\/digitalzwomen.erasmus.site\/wp-content\/uploads\/2022\/03\/mindshift-300x300.png\" alt=\"\" width=\"300\" height=\"300\" srcset=\"https:\/\/digitalzwomen.erasmus.site\/wp-content\/uploads\/2022\/03\/mindshift.png 300w, https:\/\/digitalzwomen.erasmus.site\/wp-content\/uploads\/2022\/03\/mindshift-150x150.png 150w\" sizes=\"(max-width: 300px) 100vw, 300px\" \/><\/p>\n<h3 style=\"text-align: center;\">Mindshift Talent Advisory &#8211; Portugal<\/h3>\n<p>Mindshift est une soci\u00e9t\u00e9 de conseil sp\u00e9cialis\u00e9e dans les ressources humaines qui investit dans la performance et l&rsquo;am\u00e9lioration des comp\u00e9tences des personnes, en cherchant \u00e0 stimuler la maturit\u00e9 num\u00e9rique et interpersonnelle des organisations et de la soci\u00e9t\u00e9.<br \/>\nAu niveau national, MINDSHIFT compte parmi ses principaux partenaires The Key Talent Portugal, une soci\u00e9t\u00e9 de conseil en technologie RH sp\u00e9cialis\u00e9e dans l&rsquo;attraction sociale et l&rsquo;\u00e9valuation des talents, qui d\u00e9veloppe des plateformes, telles que Panorama et AplyGo, permettant d&rsquo;optimiser, de mettre en \u0153uvre et de g\u00e9rer des processus RH num\u00e9riques, agiles et attractifs bas\u00e9s sur l&rsquo;analyse de donn\u00e9es.<br \/>\nAu niveau europ\u00e9en, nous sommes un partenaire strat\u00e9gique pour le d\u00e9veloppement de projets de coop\u00e9ration transnationale visant \u00e0 cr\u00e9er des solutions innovantes dans le domaine de la formation des jeunes et des adultes, dans six domaines cl\u00e9s : upskilling &amp; reskilling, inclusion &amp; employabilit\u00e9, d\u00e9veloppement durable, autonomisation des femmes, entrepreneuriat &amp; cr\u00e9ativit\u00e9, et talents num\u00e9riques.<br \/>\nMindshift est fortement engag\u00e9 dans les principes de la responsabilit\u00e9 sociale et de l&rsquo;Agenda 2030 pour le d\u00e9veloppement durable, rassemblant une \u00e9quipe de collaborateurs aux parcours et exp\u00e9riences professionnelles vari\u00e9s.<\/p>\n<p>Site web: <a href=\"https:\/\/www.mindshift.pt\/\" target=\"_blank\" rel=\"noopener\">www.mindshift.pt\/<\/a><br \/>\nContact: <a href=\"mailto:geral@mindshift.pt\">geral@mindshift.pt <\/a><\/p>\n<hr \/>\n<p style=\"text-align: center;\"><img decoding=\"async\" class=\"alignnone wp-image-110 size-medium\" src=\"https:\/\/digitalzwomen.erasmus.site\/wp-content\/uploads\/2022\/03\/silver-300x300.png\" alt=\"\" width=\"300\" height=\"300\" srcset=\"https:\/\/digitalzwomen.erasmus.site\/wp-content\/uploads\/2022\/03\/silver.png 300w, https:\/\/digitalzwomen.erasmus.site\/wp-content\/uploads\/2022\/03\/silver-150x150.png 150w\" sizes=\"(max-width: 300px) 100vw, 300px\" \/><\/p>\n<h3 style=\"text-align: center;\">Coop\u00e9rative d&rsquo;Activit\u00e9 et d&rsquo;Emploi dans les Services A la Personne et la Silver Economie &#8211; France<\/h3>\n<p>SILVER SAP est une CAE (Coop\u00e9rative d&rsquo;Activit\u00e9 et de l&rsquo;Emploi), sp\u00e9cialis\u00e9e dans le secteur des Services \u00e0 la Personne et de la Silver Economie.<br \/>\nL&rsquo;identit\u00e9 coop\u00e9rative de Silversap se d\u00e9finit par : la reconnaissance de la dignit\u00e9 du travail, le droit \u00e0 la formation, la cr\u00e9ativit\u00e9 et l&rsquo;initiative, la responsabilit\u00e9 dans un projet partag\u00e9, la transparence et la l\u00e9gitimit\u00e9 des organes de gestion et de d\u00e9cision.<\/p>\n<p>Que faisons-nous ?<br \/>\nMentorat<br \/>\n&#8211; Le suivi<br \/>\n&#8211; Formations<br \/>\n&#8211; Conseil<br \/>\nGestion<br \/>\n&#8211; Comptabilit\u00e9<br \/>\n&#8211; Outil collaboratif<br \/>\n&#8211; Proc\u00e9dures administratives<br \/>\nR\u00e9seau<br \/>\n&#8211; Dynamique d&rsquo;\u00e9change<br \/>\n&#8211; Partage d&rsquo;exp\u00e9rience<br \/>\n&#8211; Groupes d&rsquo;analyse<\/p>\n<p>Site web: <a href=\"http:\/\/silversap.com\" target=\"_blank\" rel=\"noopener\">www.silversap.com<\/a><\/p>\n<hr \/>\n<p style=\"text-align: center;\"><img loading=\"lazy\" decoding=\"async\" class=\"alignnone wp-image-112 size-medium\" src=\"https:\/\/digitalzwomen.erasmus.site\/wp-content\/uploads\/2022\/03\/cwep-300x300.png\" alt=\"\" width=\"300\" height=\"300\" srcset=\"https:\/\/digitalzwomen.erasmus.site\/wp-content\/uploads\/2022\/03\/cwep.png 300w, https:\/\/digitalzwomen.erasmus.site\/wp-content\/uploads\/2022\/03\/cwep-150x150.png 150w\" sizes=\"(max-width: 300px) 100vw, 300px\" \/><\/p>\n<h3 style=\"text-align: center;\">Stowarzyszenie Centrum Wspierania Edukacji i Przedsi\u0119biorczo\u015bci (CWEP) &#8211; Pologne<\/h3>\n<p>Centrum Wspierania Edukacji i Przedsi\u0119biorczo\u015bci op\u00e8re depuis 2004 en menant des activit\u00e9s li\u00e9es au soutien et \u00e0 la promotion de l&rsquo;\u00e9ducation moderne et de l&rsquo;esprit d&rsquo;entreprise, de la recherche scientifique et du conseil, en menant des activit\u00e9s de formation, d&rsquo;\u00e9dition, de marketing, de conseil et de publicit\u00e9. L&rsquo;association fournit des services de soutien \u00e0 l&rsquo;\u00e9ducation par la mise en \u0153uvre de projets \u00e9ducatifs transnationaux destin\u00e9s aux jeunes et l&rsquo;organisation de formations. Elle g\u00e8re \u00e9galement un service de conseil aux entreprises op\u00e9rant dans la r\u00e9gion des Basses-Carpates et de la Petite Pologne et met en \u0153uvre des projets d&rsquo;investissement visant \u00e0 am\u00e9liorer la qualit\u00e9 des services de soutien aux entreprises. L&rsquo;association est active dans le domaine de la science, ce qui se traduit par l&rsquo;engagement dans des projets de recherche et la r\u00e9alisation de ses propres analyses de la soci\u00e9t\u00e9.<\/p>\n<p>Site web: <a href=\"https:\/\/www.cwep.eu\" target=\"_blank\" rel=\"noopener\">www.cwep.eu<\/a><\/p>\n<hr \/>\n<p style=\"text-align: center;\"><img loading=\"lazy\" decoding=\"async\" class=\"alignnone wp-image-114 size-medium\" src=\"https:\/\/digitalzwomen.erasmus.site\/wp-content\/uploads\/2022\/03\/inthecity-300x300.png\" alt=\"\" width=\"300\" height=\"300\" srcset=\"https:\/\/digitalzwomen.erasmus.site\/wp-content\/uploads\/2022\/03\/inthecity.png 300w, https:\/\/digitalzwomen.erasmus.site\/wp-content\/uploads\/2022\/03\/inthecity-150x150.png 150w\" sizes=\"(max-width: 300px) 100vw, 300px\" \/><\/p>\n<h3 style=\"text-align: center;\">\u00a0\u00bb Inthecity Project Development \u00a0\u00bb &#8211; Pays-Bas<\/h3>\n<p>Inthecity Project Development est une agence cr\u00e9ative multim\u00e9dia. Son \u00e9quipe de \u00ab\u00a0conteurs num\u00e9riques\u00a0\u00bb int\u00e8gre une expertise reconnue et \u00e9prouv\u00e9e dans la r\u00e9alisation de films, l&rsquo;animation, la conception et le d\u00e9veloppement de sites web, la production de vid\u00e9os \u00e9v\u00e9nementielles et les m\u00e9dias sociaux. La soci\u00e9t\u00e9 se sp\u00e9cialise dans la d\u00e9couverte de diverses exp\u00e9riences de la vie r\u00e9elle et dans la mise en sc\u00e8ne de ces histoires afin qu&rsquo;elles puissent atteindre un large public avec le message original et l&rsquo;esprit de l&rsquo;exp\u00e9rience.<br \/>\nPersonne \u00e0 contacter &#8211; <a href=\"mailto:reneta.palova@gmail.com\">reneta.palova@gmail.com<\/a><\/p>\n<p>Site web: <a href=\"http:\/\/www.inthecitystudio.com\" target=\"_blank\" rel=\"noopener\">www.inthecitystudio.com<\/a><\/p>\n<hr \/>\n<p style=\"text-align: center;\"><img loading=\"lazy\" decoding=\"async\" class=\"alignnone wp-image-115 size-medium\" src=\"https:\/\/digitalzwomen.erasmus.site\/wp-content\/uploads\/2022\/03\/coneqt-300x300.png\" alt=\"\" width=\"300\" height=\"300\" srcset=\"https:\/\/digitalzwomen.erasmus.site\/wp-content\/uploads\/2022\/03\/coneqt.png 300w, https:\/\/digitalzwomen.erasmus.site\/wp-content\/uploads\/2022\/03\/coneqt-150x150.png 150w\" sizes=\"(max-width: 300px) 100vw, 300px\" \/><\/p>\n<h3 style=\"text-align: center;\">Coneqt &#8211; Denmark<\/h3>\n<p>Nous ne pouvons pas changer le monde, mais ce que nous pouvons faire, c&rsquo;est changer la fa\u00e7on dont les gens y vivent. Gr\u00e2ce \u00e0 l&rsquo;\u00e9ducation, qu&rsquo;elle soit formelle ou informelle, nous pouvons contribuer \u00e0 cr\u00e9er le changement dont nous avons besoin dans un monde qui se d\u00e9veloppe rapidement, et c&rsquo;est pourquoi l&rsquo;\u00e9ducation doit continuellement se d\u00e9velopper et se renouveler. Coneqt con\u00e7oit des concepts d&rsquo;apprentissage qui apportent de la valeur aux personnes et \u00e0 leur environnement, et qui soutiennent l&rsquo;action sociale.\u00a0\u00bb<\/p>\n<p>Site web: <a href=\"http:\/\/www.coneqt.dk\/\">www.coneqt.dk<\/a><\/p>\n<hr \/>\n<p style=\"text-align: center;\"><img loading=\"lazy\" decoding=\"async\" class=\"alignnone wp-image-116 size-medium\" src=\"https:\/\/digitalzwomen.erasmus.site\/wp-content\/uploads\/2022\/03\/foundation-300x300.png\" alt=\"\" width=\"300\" height=\"300\" srcset=\"https:\/\/digitalzwomen.erasmus.site\/wp-content\/uploads\/2022\/03\/foundation.png 300w, https:\/\/digitalzwomen.erasmus.site\/wp-content\/uploads\/2022\/03\/foundation-150x150.png 150w\" sizes=\"(max-width: 300px) 100vw, 300px\" \/><\/p>\n<h3 style=\"text-align: center;\">\u00ab\u00a0Found.ation\u00a0\u00bb &#8211; Gr\u00e8ce<\/h3>\n<p>Found.ation est une plateforme d&rsquo;aide \u00e0 la cr\u00e9ation d&rsquo;entreprise pour les produits et services technologiques, un acc\u00e9l\u00e9rateur de transformation num\u00e9rique pour les entreprises et un centre d&rsquo;enseignement technologique, qui occupe une position de premier plan dans le domaine de l&rsquo;innovation et de la cr\u00e9ation d&rsquo;entreprise depuis ses d\u00e9buts. Elle a fourni \u00e0 un grand nombre de jeunes entreprises des conseils pr\u00e9cieux et un acc\u00e8s \u00e0 un vaste r\u00e9seau d&rsquo;acteurs cl\u00e9s de l&rsquo;\u00e9cosyst\u00e8me de l&rsquo;innovation, tels que des mentors et des investisseurs. Comptant parmi ses partenaires certaines des plus grandes organisations et entreprises de Gr\u00e8ce, Found.ation a contribu\u00e9 activement et avec succ\u00e8s \u00e0 les aider \u00e0 relever les d\u00e9fis de la transformation num\u00e9rique, en jouant le r\u00f4le de facilitateur et de conseiller par la mise en \u0153uvre d&rsquo;actions concr\u00e8tes qui facilitent l&rsquo;adaptation de la mentalit\u00e9 des employeurs, l&rsquo;am\u00e9lioration de l&rsquo;utilisation de la technologie et des outils num\u00e9riques, et le renforcement des comp\u00e9tences strat\u00e9giques afin d&rsquo;atteindre leurs objectifs professionnels.<br \/>\nInformations de contact :<br \/>\nEvrystheos 2<br \/>\nK. Petralona 118 54 Athens, Greece<br \/>\n+30 210 34 50 606<br \/>\n<a href=\"mailto:info@thefoundation.gr\">info@thefoundation.gr<\/a><br \/>\nSite web: <a href=\"http:\/\/www.thefoundation.gr\/\" target=\"_blank\" rel=\"noopener\">www.thefoundation.gr\/<\/a><\/p>\n<hr \/>\n<p style=\"text-align: center;\"><img loading=\"lazy\" decoding=\"async\" class=\"alignnone wp-image-111 size-medium\" src=\"https:\/\/digitalzwomen.erasmus.site\/wp-content\/uploads\/2022\/03\/idp-300x300.png\" alt=\"\" width=\"300\" height=\"300\" srcset=\"https:\/\/digitalzwomen.erasmus.site\/wp-content\/uploads\/2022\/03\/idp.png 300w, https:\/\/digitalzwomen.erasmus.site\/wp-content\/uploads\/2022\/03\/idp-150x150.png 150w\" sizes=\"(max-width: 300px) 100vw, 300px\" \/><\/p>\n<h3 style=\"text-align: center;\">\u00ab\u00a0IDP &#8211; Italie<\/h3>\n<p>IDP sas est une PME italienne avec plus de 25 ans d&rsquo;exp\u00e9rience internationale. Depuis 1999, IDP sas \u00e9labore et dispense des cours de formation sp\u00e9cialis\u00e9s pour les apprenants de la FEP et les adultes, ax\u00e9s sur les questions li\u00e9es \u00e0 l&rsquo;UE. Elle a form\u00e9 plus de 3 500 (jeunes) professionnels gr\u00e2ce \u00e0 plus de 120 cours et 8 500 heures de formation en face \u00e0 face dispens\u00e9s en anglais, en italien et en fran\u00e7ais. IDP sas a organis\u00e9 43 \u00e9ditions de MasterClass sur le d\u00e9veloppement entrepreneurial dans le cadre des politiques et programmes de l&rsquo;UE et, au cours des 7 derni\u00e8res ann\u00e9es, a d\u00e9velopp\u00e9 plus de 40 cours et modules dans le cadre des projets Erasmus et H2020, valid\u00e9s avec plus de 350 groupes cibles. IDP sas fournit \u00e9galement des services en mati\u00e8re d&rsquo;entrepreneuriat, de gestion, d&rsquo;internationalisation et de financement europ\u00e9en. Elle a fait ses preuves en mati\u00e8re de gestion financi\u00e8re, d&rsquo;assurance qualit\u00e9 et de gestion de projet et jouit d&rsquo;une r\u00e9putation internationale fiable en tant que prestataire de services pour la Commission europ\u00e9enne, les Nations unies et l&rsquo;OIF.<\/p>\n<p>Site web: <a href=\"https:\/\/idpeuropa.com\/\" target=\"_blank\" rel=\"noopener\">www.idpeuropa.com\/<\/a><\/p>","protected":false},"excerpt":{"rendered":"<p>Coordinateur du projet : Educational Association, z. s &#8211; R\u00e9publique tch\u00e8que Educational Association, z. s. est une association civique \u00e0 but non lucratif dont l&rsquo;objectif est de d\u00e9velopper la soci\u00e9t\u00e9 \u00e9ducative ouverte, l&rsquo;information, la consultation et les activit\u00e9s d&rsquo;orientation dans le cadre de l&rsquo;apprentissage tout au long de la vie. L&rsquo;objectif est de contribuer \u00e0&hellip;&nbsp;<\/p>\n","protected":false},"author":1,"featured_media":0,"parent":0,"menu_order":0,"comment_status":"closed","ping_status":"closed","template":"","meta":{"neve_meta_sidebar":"","neve_meta_container":"","neve_meta_enable_content_width":"off","neve_meta_content_width":100,"neve_meta_title_alignment":"","neve_meta_author_avatar":"","neve_post_elements_order":"","neve_meta_disable_header":"","neve_meta_disable_footer":"","neve_meta_disable_title":"","footnotes":""},"class_list":["post-107","page","type-page","status-publish","hentry"],"_links":{"self":[{"href":"https:\/\/digitalzwomen.erasmus.site\/fr\/wp-json\/wp\/v2\/pages\/107","targetHints":{"allow":["GET"]}}],"collection":[{"href":"https:\/\/digitalzwomen.erasmus.site\/fr\/wp-json\/wp\/v2\/pages"}],"about":[{"href":"https:\/\/digitalzwomen.erasmus.site\/fr\/wp-json\/wp\/v2\/types\/page"}],"author":[{"embeddable":true,"href":"https:\/\/digitalzwomen.erasmus.site\/fr\/wp-json\/wp\/v2\/users\/1"}],"replies":[{"embeddable":true,"href":"https:\/\/digitalzwomen.erasmus.site\/fr\/wp-json\/wp\/v2\/comments?post=107"}],"version-history":[{"count":14,"href":"https:\/\/digitalzwomen.erasmus.site\/fr\/wp-json\/wp\/v2\/pages\/107\/revisions"}],"predecessor-version":[{"id":327,"href":"https:\/\/digitalzwomen.erasmus.site\/fr\/wp-json\/wp\/v2\/pages\/107\/revisions\/327"}],"wp:attachment":[{"href":"https:\/\/digitalzwomen.erasmus.site\/fr\/wp-json\/wp\/v2\/media?parent=107"}],"curies":[{"name":"wp","href":"https:\/\/api.w.org\/{rel}","templated":true}]}}