{"id":12,"date":"2022-03-07T20:06:40","date_gmt":"2022-03-07T20:06:40","guid":{"rendered":"https:\/\/digitalzwomen.erasmus.site\/?page_id=12"},"modified":"2024-01-19T14:20:50","modified_gmt":"2024-01-19T14:20:50","slug":"home","status":"publish","type":"page","link":"https:\/\/digitalzwomen.erasmus.site\/fr\/","title":{"rendered":"Accueil"},"content":{"rendered":"\t\t<div data-elementor-type=\"wp-page\" data-elementor-id=\"12\" class=\"elementor elementor-12\">\n\t\t\t\t\t\t<section class=\"elementor-section elementor-top-section elementor-element elementor-element-bd7280f elementor-section-height-full elementor-section-boxed elementor-section-height-default elementor-section-items-middle\" data-id=\"bd7280f\" data-element_type=\"section\" data-e-type=\"section\" data-settings=\"{&quot;background_background&quot;:&quot;classic&quot;}\">\n\t\t\t\t\t\t\t<div class=\"elementor-background-overlay\"><\/div>\n\t\t\t\t\t\t\t<div class=\"elementor-container elementor-column-gap-default\">\n\t\t\t\t\t<div class=\"elementor-column elementor-col-100 elementor-top-column elementor-element elementor-element-2a20ec5\" data-id=\"2a20ec5\" data-element_type=\"column\" data-e-type=\"column\">\n\t\t\t<div class=\"elementor-widget-wrap elementor-element-populated\">\n\t\t\t\t\t\t<div class=\"elementor-element elementor-element-3c49be3 elementor-widget elementor-widget-heading\" data-id=\"3c49be3\" data-element_type=\"widget\" data-e-type=\"widget\" data-widget_type=\"heading.default\">\n\t\t\t\t<div class=\"elementor-widget-container\">\n\t\t\t\t\t<h2 class=\"elementor-heading-title elementor-size-xl\">DIGITAL Z-WOMEN : Donner aux femmes de la g\u00e9n\u00e9ration Z des\ncomp\u00e9tences en mati\u00e8re d'entrepreneuriat num\u00e9rique <\/h2>\t\t\t\t<\/div>\n\t\t\t\t<\/div>\n\t\t\t\t<div class=\"elementor-element elementor-element-9448345 elementor-widget elementor-widget-text-editor\" data-id=\"9448345\" data-element_type=\"widget\" data-e-type=\"widget\" data-widget_type=\"text-editor.default\">\n\t\t\t\t<div class=\"elementor-widget-container\">\n\t\t\t\t\t\t\t\t\t<p><\/p><p><\/p><p><\/p><p><\/p><p><strong>Num\u00e9ro de projet:<\/strong> 2021-1-CZ01-KA220-VET-000024882<br \/><strong>Dates du projet:<\/strong> 01.01.2022 &#8211; 01.01.2024<\/p><p><\/p><p><\/p><p><\/p><p><\/p>\t\t\t\t\t\t\t\t<\/div>\n\t\t\t\t<\/div>\n\t\t\t\t\t<\/div>\n\t\t<\/div>\n\t\t\t\t\t<\/div>\n\t\t<\/section>\n\t\t\t\t<section class=\"elementor-section elementor-top-section elementor-element elementor-element-08e40c5 elementor-section-boxed elementor-section-height-default elementor-section-height-default\" data-id=\"08e40c5\" data-element_type=\"section\" data-e-type=\"section\">\n\t\t\t\t\t\t<div class=\"elementor-container elementor-column-gap-default\">\n\t\t\t\t\t<div class=\"elementor-column elementor-col-50 elementor-top-column elementor-element elementor-element-42ba57d\" data-id=\"42ba57d\" data-element_type=\"column\" data-e-type=\"column\">\n\t\t\t<div class=\"elementor-widget-wrap elementor-element-populated\">\n\t\t\t\t\t\t<div class=\"elementor-element elementor-element-2c56e32 elementor-widget elementor-widget-menu-anchor\" data-id=\"2c56e32\" data-element_type=\"widget\" data-e-type=\"widget\" data-widget_type=\"menu-anchor.default\">\n\t\t\t\t<div class=\"elementor-widget-container\">\n\t\t\t\t\t\t\t<div class=\"elementor-menu-anchor\" id=\"about\"><\/div>\n\t\t\t\t\t\t<\/div>\n\t\t\t\t<\/div>\n\t\t\t\t<div class=\"elementor-element elementor-element-7f728e8 elementor-widget elementor-widget-heading\" data-id=\"7f728e8\" data-element_type=\"widget\" data-e-type=\"widget\" data-widget_type=\"heading.default\">\n\t\t\t\t<div class=\"elementor-widget-container\">\n\t\t\t\t\t<h2 class=\"elementor-heading-title elementor-size-default\">\u00c0 propos du projet <\/h2>\t\t\t\t<\/div>\n\t\t\t\t<\/div>\n\t\t\t\t<div class=\"elementor-element elementor-element-c4b4077 elementor-widget elementor-widget-text-editor\" data-id=\"c4b4077\" data-element_type=\"widget\" data-e-type=\"widget\" data-widget_type=\"text-editor.default\">\n\t\t\t\t<div class=\"elementor-widget-container\">\n\t\t\t\t\t\t\t\t\t<p><\/p><p><\/p><p><\/p><p><\/p><p>DIGITAL Z-WOMEN est con\u00e7u pour donner aux femmes de la g\u00e9n\u00e9ration Z des comp\u00e9tences en mati\u00e8re d&rsquo;entrepreneuriat num\u00e9rique, afin de les aider \u00e0 tirer parti des possibilit\u00e9s offertes par la transformation num\u00e9rique et \u00e0 prosp\u00e9rer dans un monde du travail qui se num\u00e9rise assez rapidement, encore plus dans l&rsquo;urgence pand\u00e9mique \u00e0 laquelle nous sommes confront\u00e9s.<\/p><p><\/p><p><\/p><p><\/p><p><\/p>\t\t\t\t\t\t\t\t<\/div>\n\t\t\t\t<\/div>\n\t\t\t\t\t<\/div>\n\t\t<\/div>\n\t\t\t\t<div class=\"elementor-column elementor-col-50 elementor-top-column elementor-element elementor-element-29eac65\" data-id=\"29eac65\" data-element_type=\"column\" data-e-type=\"column\">\n\t\t\t<div class=\"elementor-widget-wrap elementor-element-populated\">\n\t\t\t\t\t\t<div class=\"elementor-element elementor-element-2b12a6d elementor-widget elementor-widget-image\" data-id=\"2b12a6d\" data-element_type=\"widget\" data-e-type=\"widget\" data-widget_type=\"image.default\">\n\t\t\t\t<div class=\"elementor-widget-container\">\n\t\t\t\t\t\t\t\t\t\t\t\t\t\t\t<img fetchpriority=\"high\" decoding=\"async\" width=\"1024\" height=\"683\" src=\"https:\/\/digitalzwomen.erasmus.site\/wp-content\/uploads\/2022\/03\/concentrated-young-lady-working-with-laptop-home-1024x683.jpg\" class=\"attachment-large size-large wp-image-59\" alt=\"\" srcset=\"https:\/\/digitalzwomen.erasmus.site\/wp-content\/uploads\/2022\/03\/concentrated-young-lady-working-with-laptop-home-1024x683.jpg 1024w, https:\/\/digitalzwomen.erasmus.site\/wp-content\/uploads\/2022\/03\/concentrated-young-lady-working-with-laptop-home-300x200.jpg 300w, https:\/\/digitalzwomen.erasmus.site\/wp-content\/uploads\/2022\/03\/concentrated-young-lady-working-with-laptop-home-768x513.jpg 768w, https:\/\/digitalzwomen.erasmus.site\/wp-content\/uploads\/2022\/03\/concentrated-young-lady-working-with-laptop-home-1536x1025.jpg 1536w, https:\/\/digitalzwomen.erasmus.site\/wp-content\/uploads\/2022\/03\/concentrated-young-lady-working-with-laptop-home-2048x1367.jpg 2048w\" sizes=\"(max-width: 1024px) 100vw, 1024px\" \/>\t\t\t\t\t\t\t\t\t\t\t\t\t\t\t<\/div>\n\t\t\t\t<\/div>\n\t\t\t\t\t<\/div>\n\t\t<\/div>\n\t\t\t\t\t<\/div>\n\t\t<\/section>\n\t\t\t\t<section class=\"elementor-section elementor-top-section elementor-element elementor-element-989c373 elementor-section-boxed elementor-section-height-default elementor-section-height-default\" data-id=\"989c373\" data-element_type=\"section\" data-e-type=\"section\">\n\t\t\t\t\t\t<div class=\"elementor-container elementor-column-gap-default\">\n\t\t\t\t\t<div class=\"elementor-column elementor-col-50 elementor-top-column elementor-element elementor-element-8f489f1\" data-id=\"8f489f1\" data-element_type=\"column\" data-e-type=\"column\">\n\t\t\t<div class=\"elementor-widget-wrap elementor-element-populated\">\n\t\t\t\t\t\t<div class=\"elementor-element elementor-element-ac3f60b elementor-widget elementor-widget-image\" data-id=\"ac3f60b\" data-element_type=\"widget\" data-e-type=\"widget\" data-widget_type=\"image.default\">\n\t\t\t\t<div class=\"elementor-widget-container\">\n\t\t\t\t\t\t\t\t\t\t\t\t\t\t\t<img decoding=\"async\" width=\"1024\" height=\"713\" src=\"https:\/\/digitalzwomen.erasmus.site\/wp-content\/uploads\/2022\/03\/happy-woman-with-phone-1024x713.jpg\" class=\"attachment-large size-large wp-image-82\" alt=\"\" srcset=\"https:\/\/digitalzwomen.erasmus.site\/wp-content\/uploads\/2022\/03\/happy-woman-with-phone-1024x713.jpg 1024w, https:\/\/digitalzwomen.erasmus.site\/wp-content\/uploads\/2022\/03\/happy-woman-with-phone-300x209.jpg 300w, https:\/\/digitalzwomen.erasmus.site\/wp-content\/uploads\/2022\/03\/happy-woman-with-phone-768x535.jpg 768w, https:\/\/digitalzwomen.erasmus.site\/wp-content\/uploads\/2022\/03\/happy-woman-with-phone-1536x1069.jpg 1536w, https:\/\/digitalzwomen.erasmus.site\/wp-content\/uploads\/2022\/03\/happy-woman-with-phone-2048x1425.jpg 2048w\" sizes=\"(max-width: 1024px) 100vw, 1024px\" \/>\t\t\t\t\t\t\t\t\t\t\t\t\t\t\t<\/div>\n\t\t\t\t<\/div>\n\t\t\t\t\t<\/div>\n\t\t<\/div>\n\t\t\t\t<div class=\"elementor-column elementor-col-50 elementor-top-column elementor-element elementor-element-9921ee5\" data-id=\"9921ee5\" data-element_type=\"column\" data-e-type=\"column\">\n\t\t\t<div class=\"elementor-widget-wrap elementor-element-populated\">\n\t\t\t\t\t\t<div class=\"elementor-element elementor-element-5a2fa10 elementor-widget elementor-widget-heading\" data-id=\"5a2fa10\" data-element_type=\"widget\" data-e-type=\"widget\" data-widget_type=\"heading.default\">\n\t\t\t\t<div class=\"elementor-widget-container\">\n\t\t\t\t\t<h2 class=\"elementor-heading-title elementor-size-default\">Objectifs<\/h2>\t\t\t\t<\/div>\n\t\t\t\t<\/div>\n\t\t\t\t<div class=\"elementor-element elementor-element-7bb62d5 elementor-widget elementor-widget-text-editor\" data-id=\"7bb62d5\" data-element_type=\"widget\" data-e-type=\"widget\" data-widget_type=\"text-editor.default\">\n\t\t\t\t<div class=\"elementor-widget-container\">\n\t\t\t\t\t\t\t\t\t<p>\u00ab\u00a0Les objectifs du projet DIGITAL Z-WOMEN et de son partenariat sont les suivants :<\/p><ul><li>dentifier des mod\u00e8les \u00e0 suivre pour servir d&rsquo;exemples bons, \u00e9thiques et fiables d&rsquo;entrepreneurs num\u00e9riques et du travail qu&rsquo;ils font ;<\/li><li>D\u00e9velopper et tester un parcours de formation sur mesure sur l&rsquo;entrepreneuriat num\u00e9rique pour les femmes de la g\u00e9n\u00e9ration Z, ainsi que des lignes directrices et des conseils pour aider les professionnels de l&rsquo;EFP \u00e0 faciliter la formation sur les sujets mentionn\u00e9s ;<\/li><li>d\u00e9velopper un centre d&rsquo;apprentissage qui offre aux femmes de la g\u00e9n\u00e9ration Z et aux professionnels de l&rsquo;EFP qui travaillent avec elles des possibilit\u00e9s d&rsquo;apprentissage interactives, compl\u00e8tes et en libre acc\u00e8s.\u00a0\u00bb<\/li><\/ul>\t\t\t\t\t\t\t\t<\/div>\n\t\t\t\t<\/div>\n\t\t\t\t\t<\/div>\n\t\t<\/div>\n\t\t\t\t\t<\/div>\n\t\t<\/section>\n\t\t\t\t<section class=\"elementor-section elementor-top-section elementor-element elementor-element-b362a30 elementor-section-boxed elementor-section-height-default elementor-section-height-default\" data-id=\"b362a30\" data-element_type=\"section\" data-e-type=\"section\">\n\t\t\t\t\t\t<div class=\"elementor-container elementor-column-gap-default\">\n\t\t\t\t\t<div class=\"elementor-column elementor-col-100 elementor-top-column elementor-element elementor-element-361a7b1\" data-id=\"361a7b1\" data-element_type=\"column\" data-e-type=\"column\">\n\t\t\t<div class=\"elementor-widget-wrap elementor-element-populated\">\n\t\t\t\t\t\t<div class=\"elementor-element elementor-element-cbd7ef3 elementor-widget elementor-widget-menu-anchor\" data-id=\"cbd7ef3\" data-element_type=\"widget\" data-e-type=\"widget\" data-widget_type=\"menu-anchor.default\">\n\t\t\t\t<div class=\"elementor-widget-container\">\n\t\t\t\t\t\t\t<div class=\"elementor-menu-anchor\" id=\"results\"><\/div>\n\t\t\t\t\t\t<\/div>\n\t\t\t\t<\/div>\n\t\t\t\t<div class=\"elementor-element elementor-element-3d1c9c1 elementor-widget elementor-widget-heading\" data-id=\"3d1c9c1\" data-element_type=\"widget\" data-e-type=\"widget\" data-widget_type=\"heading.default\">\n\t\t\t\t<div class=\"elementor-widget-container\">\n\t\t\t\t\t<h2 class=\"elementor-heading-title elementor-size-default\">R\u00e9sultats du projet<\/h2>\t\t\t\t<\/div>\n\t\t\t\t<\/div>\n\t\t\t\t\t<\/div>\n\t\t<\/div>\n\t\t\t\t\t<\/div>\n\t\t<\/section>\n\t\t\t\t<section class=\"elementor-section elementor-top-section elementor-element elementor-element-b3a9482 elementor-section-boxed elementor-section-height-default elementor-section-height-default\" data-id=\"b3a9482\" data-element_type=\"section\" data-e-type=\"section\">\n\t\t\t\t\t\t<div class=\"elementor-container elementor-column-gap-default\">\n\t\t\t\t\t<div class=\"elementor-column elementor-col-33 elementor-top-column elementor-element elementor-element-7e93f67\" data-id=\"7e93f67\" data-element_type=\"column\" data-e-type=\"column\">\n\t\t\t<div class=\"elementor-widget-wrap elementor-element-populated\">\n\t\t\t\t\t\t<div class=\"elementor-element elementor-element-0362739 elementor-widget elementor-widget-image\" data-id=\"0362739\" data-element_type=\"widget\" data-e-type=\"widget\" data-widget_type=\"image.default\">\n\t\t\t\t<div class=\"elementor-widget-container\">\n\t\t\t\t\t\t\t\t\t\t\t\t\t\t\t<img decoding=\"async\" width=\"150\" height=\"150\" src=\"https:\/\/digitalzwomen.erasmus.site\/wp-content\/uploads\/2023\/12\/pr1.png\" class=\"attachment-thumbnail size-thumbnail wp-image-527\" alt=\"\" \/>\t\t\t\t\t\t\t\t\t\t\t\t\t\t\t<\/div>\n\t\t\t\t<\/div>\n\t\t\t\t<div class=\"elementor-element elementor-element-cf698de elementor-widget elementor-widget-text-editor\" data-id=\"cf698de\" data-element_type=\"widget\" data-e-type=\"widget\" data-widget_type=\"text-editor.default\">\n\t\t\t\t<div class=\"elementor-widget-container\">\n\t\t\t\t\t\t\t\t\t<p>1. un recueil \u00e9lectronique d&rsquo;histoires inspirantes pr\u00e9sentant des mod\u00e8les et des bonnes pratiques en mati\u00e8re d&rsquo;entrepreneuriat num\u00e9rique chez les femmes de la g\u00e9n\u00e9ration Z, par le biais d&rsquo;infographies, d&rsquo;extraits vid\u00e9o des interviews et de fichiers audio podcast\u00e9s ;<\/p>\t\t\t\t\t\t\t\t<\/div>\n\t\t\t\t<\/div>\n\t\t\t\t\t<\/div>\n\t\t<\/div>\n\t\t\t\t<div class=\"elementor-column elementor-col-33 elementor-top-column elementor-element elementor-element-7b35246\" data-id=\"7b35246\" data-element_type=\"column\" data-e-type=\"column\">\n\t\t\t<div class=\"elementor-widget-wrap elementor-element-populated\">\n\t\t\t\t\t\t<div class=\"elementor-element elementor-element-3dae011 elementor-widget elementor-widget-image\" data-id=\"3dae011\" data-element_type=\"widget\" data-e-type=\"widget\" data-widget_type=\"image.default\">\n\t\t\t\t<div class=\"elementor-widget-container\">\n\t\t\t\t\t\t\t\t\t\t\t\t\t\t\t<img loading=\"lazy\" decoding=\"async\" width=\"150\" height=\"150\" src=\"https:\/\/digitalzwomen.erasmus.site\/wp-content\/uploads\/2023\/12\/pr2.png\" class=\"attachment-large size-large wp-image-520\" alt=\"\" \/>\t\t\t\t\t\t\t\t\t\t\t\t\t\t\t<\/div>\n\t\t\t\t<\/div>\n\t\t\t\t<div class=\"elementor-element elementor-element-0b2710c elementor-widget elementor-widget-text-editor\" data-id=\"0b2710c\" data-element_type=\"widget\" data-e-type=\"widget\" data-widget_type=\"text-editor.default\">\n\t\t\t\t<div class=\"elementor-widget-container\">\n\t\t\t\t\t\t\t\t\t<p>\u00a0\u00bb 2. un parcours d&rsquo;apprentissage DIGITAL Z-WOMEN, compos\u00e9 de livrets pour les apprenantes de la g\u00e9n\u00e9ration Z et de tutoriels pour les professionnels\/mentors de l&rsquo;EFP, offrant un ensemble de modules d&rsquo;apprentissage complets structur\u00e9s en deux domaines :<br \/>a) les \u00e9l\u00e9ments essentiels de l&rsquo;entrepreneuriat num\u00e9rique (types d&rsquo;entreprises num\u00e9riques, plateformes cl\u00e9s pour les entreprises num\u00e9riques, comp\u00e9tences cl\u00e9s, \u00e9quilibre entre les r\u00f4les dans la vie) ;<br \/>b) les \u00e9l\u00e9ments essentiels du d\u00e9veloppement des entreprises num\u00e9riques (gestion de l&rsquo;innovation, id\u00e9ation commerciale,<br \/>d\u00e9veloppement de produits\/services, d\u00e9veloppement de plans d&rsquo;affaires, prototypage d&rsquo;entreprises num\u00e9riques et techniques de test, strat\u00e9gie marketing et cr\u00e9ation de contenu num\u00e9rique, strat\u00e9gies de mon\u00e9tisation des entreprises num\u00e9riques et gestion) ; \u00ab\u00a0<\/p>\t\t\t\t\t\t\t\t<\/div>\n\t\t\t\t<\/div>\n\t\t\t\t\t<\/div>\n\t\t<\/div>\n\t\t\t\t<div class=\"elementor-column elementor-col-33 elementor-top-column elementor-element elementor-element-bce8cc6\" data-id=\"bce8cc6\" data-element_type=\"column\" data-e-type=\"column\">\n\t\t\t<div class=\"elementor-widget-wrap elementor-element-populated\">\n\t\t\t\t\t\t<div class=\"elementor-element elementor-element-b92bb8b elementor-widget elementor-widget-image\" data-id=\"b92bb8b\" data-element_type=\"widget\" data-e-type=\"widget\" data-widget_type=\"image.default\">\n\t\t\t\t<div class=\"elementor-widget-container\">\n\t\t\t\t\t\t\t\t\t\t\t\t\t\t\t<img loading=\"lazy\" decoding=\"async\" width=\"150\" height=\"150\" src=\"https:\/\/digitalzwomen.erasmus.site\/wp-content\/uploads\/2022\/03\/Result-3-150x150.png\" class=\"attachment-thumbnail size-thumbnail wp-image-126\" alt=\"\" \/>\t\t\t\t\t\t\t\t\t\t\t\t\t\t\t<\/div>\n\t\t\t\t<\/div>\n\t\t\t\t<div class=\"elementor-element elementor-element-f5c16d7 elementor-widget elementor-widget-text-editor\" data-id=\"f5c16d7\" data-element_type=\"widget\" data-e-type=\"widget\" data-widget_type=\"text-editor.default\">\n\t\t\t\t<div class=\"elementor-widget-container\">\n\t\t\t\t\t\t\t\t\t<p>3. une plateforme et une bo\u00eete \u00e0 outils num\u00e9riques Z-WOMEN en ligne qui organisent le parcours d&rsquo;apprentissage en une exp\u00e9rience d&rsquo;apprentissage compl\u00e8te et interactive, en ajoutant des exercices interactifs (par exemple, des cartes d&rsquo;action, des quiz), inspir\u00e9s de strat\u00e9gies d&rsquo;apprentissage bas\u00e9es sur le jeu, au contenu qui a \u00e9t\u00e9 cr\u00e9\u00e9 pr\u00e9c\u00e9demment pour faciliter \u00e0 la fois l&rsquo;apprentissage autodirig\u00e9 et la facilitation de la formation en face \u00e0 face, en e-learning et en b-learning sur les sujets mentionn\u00e9s ; des outils num\u00e9riques et une plateforme en ligne \u00e0 acc\u00e8s libre seront utilis\u00e9s pour construire la bo\u00eete \u00e0 outils.<\/p>\t\t\t\t\t\t\t\t<\/div>\n\t\t\t\t<\/div>\n\t\t\t\t\t<\/div>\n\t\t<\/div>\n\t\t\t\t\t<\/div>\n\t\t<\/section>\n\t\t\t\t<section class=\"elementor-section elementor-top-section elementor-element elementor-element-ab2c2ef elementor-section-content-middle elementor-section-boxed elementor-section-height-default elementor-section-height-default\" data-id=\"ab2c2ef\" data-element_type=\"section\" data-e-type=\"section\">\n\t\t\t\t\t\t<div class=\"elementor-container elementor-column-gap-default\">\n\t\t\t\t\t<div class=\"elementor-column elementor-col-50 elementor-top-column elementor-element elementor-element-bd53005\" data-id=\"bd53005\" data-element_type=\"column\" data-e-type=\"column\">\n\t\t\t<div class=\"elementor-widget-wrap\">\n\t\t\t\t\t\t\t<\/div>\n\t\t<\/div>\n\t\t\t\t<div class=\"elementor-column elementor-col-50 elementor-top-column elementor-element elementor-element-8dd37ee\" data-id=\"8dd37ee\" data-element_type=\"column\" data-e-type=\"column\">\n\t\t\t<div class=\"elementor-widget-wrap\">\n\t\t\t\t\t\t\t<\/div>\n\t\t<\/div>\n\t\t\t\t\t<\/div>\n\t\t<\/section>\n\t\t\t\t<section class=\"elementor-section elementor-top-section elementor-element elementor-element-828626e elementor-section-content-middle elementor-section-boxed elementor-section-height-default elementor-section-height-default\" data-id=\"828626e\" data-element_type=\"section\" data-e-type=\"section\">\n\t\t\t\t\t\t<div class=\"elementor-container elementor-column-gap-default\">\n\t\t\t\t\t<div class=\"elementor-column elementor-col-50 elementor-top-column elementor-element elementor-element-e2710be\" data-id=\"e2710be\" data-element_type=\"column\" data-e-type=\"column\">\n\t\t\t<div class=\"elementor-widget-wrap\">\n\t\t\t\t\t\t\t<\/div>\n\t\t<\/div>\n\t\t\t\t<div class=\"elementor-column elementor-col-50 elementor-top-column elementor-element elementor-element-26b00eb\" data-id=\"26b00eb\" data-element_type=\"column\" data-e-type=\"column\">\n\t\t\t<div class=\"elementor-widget-wrap\">\n\t\t\t\t\t\t\t<\/div>\n\t\t<\/div>\n\t\t\t\t\t<\/div>\n\t\t<\/section>\n\t\t\t\t<\/div>\n\t\t","protected":false},"excerpt":{"rendered":"<p>DIGITAL Z-WOMEN : Donner aux femmes de la g\u00e9n\u00e9ration Z des comp\u00e9tences en mati\u00e8re d&rsquo;entrepreneuriat num\u00e9rique Num\u00e9ro de projet: 2021-1-CZ01-KA220-VET-000024882Dates du projet: 01.01.2022 &#8211; 01.01.2024 \u00c0 propos du projet DIGITAL Z-WOMEN est con\u00e7u pour donner aux femmes de la g\u00e9n\u00e9ration Z des comp\u00e9tences en mati\u00e8re d&rsquo;entrepreneuriat num\u00e9rique, afin de les aider \u00e0 tirer parti des&hellip;&nbsp;<\/p>\n","protected":false},"author":1,"featured_media":0,"parent":0,"menu_order":0,"comment_status":"closed","ping_status":"closed","template":"elementor_header_footer","meta":{"neve_meta_sidebar":"","neve_meta_container":"","neve_meta_enable_content_width":"off","neve_meta_content_width":100,"neve_meta_title_alignment":"","neve_meta_author_avatar":"","neve_post_elements_order":"","neve_meta_disable_header":"","neve_meta_disable_footer":"","neve_meta_disable_title":"","footnotes":""},"class_list":["post-12","page","type-page","status-publish","hentry"],"_links":{"self":[{"href":"https:\/\/digitalzwomen.erasmus.site\/fr\/wp-json\/wp\/v2\/pages\/12","targetHints":{"allow":["GET"]}}],"collection":[{"href":"https:\/\/digitalzwomen.erasmus.site\/fr\/wp-json\/wp\/v2\/pages"}],"about":[{"href":"https:\/\/digitalzwomen.erasmus.site\/fr\/wp-json\/wp\/v2\/types\/page"}],"author":[{"embeddable":true,"href":"https:\/\/digitalzwomen.erasmus.site\/fr\/wp-json\/wp\/v2\/users\/1"}],"replies":[{"embeddable":true,"href":"https:\/\/digitalzwomen.erasmus.site\/fr\/wp-json\/wp\/v2\/comments?post=12"}],"version-history":[{"count":211,"href":"https:\/\/digitalzwomen.erasmus.site\/fr\/wp-json\/wp\/v2\/pages\/12\/revisions"}],"predecessor-version":[{"id":540,"href":"https:\/\/digitalzwomen.erasmus.site\/fr\/wp-json\/wp\/v2\/pages\/12\/revisions\/540"}],"wp:attachment":[{"href":"https:\/\/digitalzwomen.erasmus.site\/fr\/wp-json\/wp\/v2\/media?parent=12"}],"curies":[{"name":"wp","href":"https:\/\/api.w.org\/{rel}","templated":true}]}}