{"id":107,"date":"2022-03-08T09:06:09","date_gmt":"2022-03-08T09:06:09","guid":{"rendered":"https:\/\/digitalzwomen.erasmus.site\/?page_id=107"},"modified":"2022-11-27T19:50:55","modified_gmt":"2022-11-27T19:50:55","slug":"project-partners","status":"publish","type":"page","link":"https:\/\/digitalzwomen.erasmus.site\/it\/project-partners\/","title":{"rendered":"Partnership"},"content":{"rendered":"<p><\/p>\n<p style=\"text-align: center;\"><img fetchpriority=\"high\" decoding=\"async\" class=\"alignnone size-medium wp-image-109\" src=\"https:\/\/digitalzwomen.erasmus.site\/wp-content\/uploads\/2022\/03\/EA-300x300.png\" alt=\"\" width=\"300\" height=\"300\" srcset=\"https:\/\/digitalzwomen.erasmus.site\/wp-content\/uploads\/2022\/03\/EA.png 300w, https:\/\/digitalzwomen.erasmus.site\/wp-content\/uploads\/2022\/03\/EA-150x150.png 150w\" sizes=\"(max-width: 300px) 100vw, 300px\" \/><\/p>\n<h3><\/h3>\n<h3 style=\"text-align: center;\">Project coordinator: Educational Association, z. s &#8211; Czech Republic<\/h3>\n<p>Educational Association, z.s. \u00e8 un&#8217;associazione civica il cui scopo \u00e8 quello di sviluppare una societ\u00e0 aperta dell&#8217;istruzione, fornendo informazioni, consulenza e attivit\u00e0 nel framework dell&#8217;apprendimento permanente. Lo scopo \u00e8 quello di aiutare a comprendere, in modo trasversale ai vari Paesi Europei, best practices, policies e sistemi di educazione e formazione. Con pi\u00f9 di 13 anni di esperienza nella partecipazione ai progetti co-finanziati dall&#8217;UE, Educational Association, z.s \u00e8 stata promotrice, o ha partecipato come partner, a pi\u00f9 di 11 progetti, inclusi quelli in ambito IFS. Tutti i progetti si sono focalizzati sulle attivit\u00e0 di formazione, istruzione e gestione di qualit\u00e0 delle attivit\u00e0. Per assicurare l&#8217;adeguato impatto dei progetti, lavoriamo a stretto contatto con scuole IFP locali, altri centri di formazione e partner impegnati a livello sociale.<br \/>\nAttualmente, siamo molto impegnati nello sviluppo di progetti che promuovano lo sviluppo di competenze trasverasli, come ad esempio l&#8217;imprenditorialit\u00e0, le competenze sociali, civiche ed interculturali, lo sviluppo del pensiero critico e delle digital skills.<\/p>\n<p>Website: <a href=\"http:\/\/educationalassociation.eu\/en\" target=\"_blank\" rel=\"noopener\">www.educationalassociation.eu\/en<\/a><br \/>\nContact: <a href=\"mailto:educational.as@gmail.com\">educational.as@gmail.com<\/a><\/p>\n<hr \/>\n<p style=\"text-align: center;\"><img decoding=\"async\" class=\"size-medium wp-image-113 aligncenter\" src=\"https:\/\/digitalzwomen.erasmus.site\/wp-content\/uploads\/2022\/03\/mindshift-300x300.png\" alt=\"\" width=\"300\" height=\"300\" srcset=\"https:\/\/digitalzwomen.erasmus.site\/wp-content\/uploads\/2022\/03\/mindshift.png 300w, https:\/\/digitalzwomen.erasmus.site\/wp-content\/uploads\/2022\/03\/mindshift-150x150.png 150w\" sizes=\"(max-width: 300px) 100vw, 300px\" \/><\/p>\n<h3 style=\"text-align: center;\">Mindshift Talent Advisory &#8211; Portogallo<\/h3>\n<p>Mindshift \u00e8 una societ\u00e0 di consulenza specializzata in Risorse Umane che investe nelle performance e nella valorizzazione delle competenze delle persone, cercando di promuovere la maturit\u00e0 digitale e interpersonale nelle organizzazioni e nella societ\u00e0 in generale.<br \/>\nA livello nazionale, MINDSHIFT ha come partner principali The Key Talent Portugal, una HR Tech Consulting specializzata in Social Attraction e Talent Assessment, che sviluppa piattaforme come Panorama e Aplygo, le quali consentono di ottimizzare, implementare e gestire processi HR digitali, agili e smart, basati sull&#8217;analisi dei dati.<br \/>\nA livello europeo, siamo un partner strategico per lo sviluppo di progetti di cooperazione a livello transnazionale, volti a creare soluzioni innovative nel settore della formazione dei giovani e degli adulti in sei aree chiave: upskilling e reskilling, inclusione e occupabilit\u00e0, sviluppo sostenibile, l&#8217;empowerment delle donne, l&#8217;imprenditorialit\u00e0 e la creativit\u00e0 e il talento digitale.<br \/>\nMindshift si impegna fortemente per rispettare i principi della Responsabilit\u00e0 Sociale e dell&#8217;Agenda 2030 per lo Sviluppo Sostenibile, riunendo un team con diversi background ed esperienze professionali.<\/p>\n<p>Website: <a href=\"https:\/\/www.mindshift.pt\/\" target=\"_blank\" rel=\"noopener\">www.mindshift.pt\/<\/a><br \/>\nContact: <a href=\"mailto:geral@mindshift.pt\">geral@mindshift.pt <\/a><\/p>\n<hr \/>\n<p style=\"text-align: center;\"><img decoding=\"async\" class=\"alignnone wp-image-110 size-medium\" src=\"https:\/\/digitalzwomen.erasmus.site\/wp-content\/uploads\/2022\/03\/silver-300x300.png\" alt=\"\" width=\"300\" height=\"300\" srcset=\"https:\/\/digitalzwomen.erasmus.site\/wp-content\/uploads\/2022\/03\/silver.png 300w, https:\/\/digitalzwomen.erasmus.site\/wp-content\/uploads\/2022\/03\/silver-150x150.png 150w\" sizes=\"(max-width: 300px) 100vw, 300px\" \/><\/p>\n<h3 style=\"text-align: center;\">Coop\u00e9rative d&#8217;Activit\u00e9 et d&#8217;Emploi dans les Services A la Personne et la Silver Economie &#8211; Francia<\/h3>\n<p>SILVER SAP \u00e8 una CAE (Coop\u00e9rative d&#8217;Activit\u00e9 et del&#8217;Emploi) specializzata nel settore dei servizi umani e della Silver Economy.<br \/>\nLa nostra identit\u00e0 \u00e8 caratterizzata dai seguenti valori: il riconoscimento della dignit\u00e0 del lavoro, il diritto alla formazione, alla creativit\u00e0 e all&#8217;iniziativa, la responsabilizzazione di tutti nei confronti di un progetto condiviso, la trasparenza e la legittimit\u00e0 degli organi direttivi e decisionali.<br \/>\nChe cosa facciamo?<br \/>\n\u2022 Mentoring<br \/>\n\u2022 Follow-up<br \/>\n\u2022 Formazione<br \/>\n\u2022 Consulenza<br \/>\n\u2022 Management<br \/>\n\u2022 Contabilit\u00e0<br \/>\n\u2022 Strumenti collaborativi<br \/>\n\u2022 Procedure amministrative<br \/>\n\u2022 Network<br \/>\n\u2022 Scambio di dinamiche<br \/>\n\u2022 Condivisione di esperienze<br \/>\n\u2022 Analisi di gruppo<\/p>\n<p>Website : <a href=\"http:\/\/silversap.com\" target=\"_blank\" rel=\"noopener\">www.silversap.com<\/a><\/p>\n<hr \/>\n<p style=\"text-align: center;\"><img loading=\"lazy\" decoding=\"async\" class=\"alignnone wp-image-112 size-medium\" src=\"https:\/\/digitalzwomen.erasmus.site\/wp-content\/uploads\/2022\/03\/cwep-300x300.png\" alt=\"\" width=\"300\" height=\"300\" srcset=\"https:\/\/digitalzwomen.erasmus.site\/wp-content\/uploads\/2022\/03\/cwep.png 300w, https:\/\/digitalzwomen.erasmus.site\/wp-content\/uploads\/2022\/03\/cwep-150x150.png 150w\" sizes=\"(max-width: 300px) 100vw, 300px\" \/><\/p>\n<h3 style=\"text-align: center;\">Stowarzyszenie Centrum Wspierania Edukacji i Przedsi\u0119biorczo\u015bci (CWEP) &#8211; Polonia<\/h3>\n<p>Centrum Wspierania Edukacji i Przedsi\u0119biorczo\u015bci \u00e8 operativa dal 2004 e svolge attivit\u00e0 relative al sostegno e alla promozione dell&#8217;istruzione e dell&#8217;imprenditorialit\u00e0 moderna, alla ricerca scientifica e alla consulenza, alla formazione, all&#8217;editoria, al marketing, e alla pubblicit\u00e0. L&#8217;Associazione fornisce servizi di supporto all&#8217;istruzione attraverso l&#8217;attuazione di progetti educativi transnazionali rivolti ai giovani e alle organizzazioni che si occupano di formazione. Inoltre, offre consulenza alle aziende che operano nella regione subcarpatica e nella regione della Piccola Polonia e attua progetti di investimento volti a migliorare la qualit\u00e0 dei servizi di supporto alle imprese. Infine, la societ\u00e0 \u00e8 attiva in campo scientifico, offrendo supporto a progetti di ricerca e conducendo analisi in proprio.<\/p>\n<p>Website: <a href=\"https:\/\/www.cwep.eu\" target=\"_blank\" rel=\"noopener\">www.cwep.eu<\/a><\/p>\n<hr \/>\n<p style=\"text-align: center;\"><img loading=\"lazy\" decoding=\"async\" class=\"alignnone wp-image-114 size-medium\" src=\"https:\/\/digitalzwomen.erasmus.site\/wp-content\/uploads\/2022\/03\/inthecity-300x300.png\" alt=\"\" width=\"300\" height=\"300\" srcset=\"https:\/\/digitalzwomen.erasmus.site\/wp-content\/uploads\/2022\/03\/inthecity.png 300w, https:\/\/digitalzwomen.erasmus.site\/wp-content\/uploads\/2022\/03\/inthecity-150x150.png 150w\" sizes=\"(max-width: 300px) 100vw, 300px\" \/><\/p>\n<h3 style=\"text-align: center;\">Inthecity Project Development &#8211; Netherlands<\/h3>\n<p>Inthecity Project Development \u00e8 un&#8217;agenzia multimediale creativa. Il suo team di &#8220;digital storytellers&#8221; incorpora competenze riconosciute e comprovate nel cinema, animazione, web design e sviluppo, produzioni video di eventi e social media. La mission dell&#8217;azienda \u00e8 identificare diverse esperienze di vita reale, raccontarle e diffonderle al pubblico, assicurandosi che non venga meno la loro originalit\u00e0 e specificit\u00e0.<\/p>\n<p>Contact person: Reneta Palova &#8211; <a href=\"mailto:reneta.palova@gmail.com\">reneta.palova@gmail.com<\/a><br \/>\nWebsite: <a href=\"http:\/\/www.inthecitystudio.com\" target=\"_blank\" rel=\"noopener\">www.inthecitystudio.com<\/a><\/p>\n<hr \/>\n<p style=\"text-align: center;\"><img loading=\"lazy\" decoding=\"async\" class=\"alignnone wp-image-115 size-medium\" src=\"https:\/\/digitalzwomen.erasmus.site\/wp-content\/uploads\/2022\/03\/coneqt-300x300.png\" alt=\"\" width=\"300\" height=\"300\" srcset=\"https:\/\/digitalzwomen.erasmus.site\/wp-content\/uploads\/2022\/03\/coneqt.png 300w, https:\/\/digitalzwomen.erasmus.site\/wp-content\/uploads\/2022\/03\/coneqt-150x150.png 150w\" sizes=\"(max-width: 300px) 100vw, 300px\" \/><\/p>\n<h3 style=\"text-align: center;\">Coneqt &#8211; Denmark<\/h3>\n<p>Non possiamo cambiare il mondo, ma quello che possiamo fare \u00e8 cambiare il modo in cui le persone ci vivono. Attraverso l&#8217;istruzione, sia formale che informale, possiamo contribuire a creare il cambiamento che abbiamo bisogno di vedere in un mondo in rapido sviluppo, per questo \u00e8 importante che l\u2019istruzione si aggiorni in continuazione. Coneqt progetta concetti di apprendimento, che forniscono valore alle persone e ai loro ambienti e supportano l&#8217;azione sociale.<\/p>\n<p>Website: <a href=\"http:\/\/www.coneqt.dk\/\">www.coneqt.dk<\/a><\/p>\n<hr \/>\n<p style=\"text-align: center;\"><img loading=\"lazy\" decoding=\"async\" class=\"alignnone wp-image-116 size-medium\" src=\"https:\/\/digitalzwomen.erasmus.site\/wp-content\/uploads\/2022\/03\/foundation-300x300.png\" alt=\"\" width=\"300\" height=\"300\" srcset=\"https:\/\/digitalzwomen.erasmus.site\/wp-content\/uploads\/2022\/03\/foundation.png 300w, https:\/\/digitalzwomen.erasmus.site\/wp-content\/uploads\/2022\/03\/foundation-150x150.png 150w\" sizes=\"(max-width: 300px) 100vw, 300px\" \/><\/p>\n<h3 style=\"text-align: center;\">Found.ation &#8211; Greece<\/h3>\n<p>Found.ation \u00e8 una start-up innovativa, che offre prodotti e servizi tecnologici e si propone alle aziende come acceleratore nella transizione digitale e come hub per l&#8217;istruzione tecnologica. \u00c8 stata consulente di un numero significativo di start-up, dando loro preziosi consigli e fornendogli accesso ad una grande rete di attori chiave nell&#8217;ecosistema dell&#8217;innovazione, come mentori e investitori. Inoltre, avendo tra i suoi partner alcune delle pi\u00f9 grandi organizzazioni e societ\u00e0 della Grecia, ha contribuito attivamente e con successo ad aiutarle ad affrontare le sfide della trasformazione digitale. Ad esempio, ha aiutato i datori di lavoro a riadattarsi al nuovo contesto digitale, potenziandone le competenze strategiche e migliorando l&#8217;uso della tecnologia e degli strumenti digitali all\u2019interno delle loro infrastrutture.<br \/>\nContact info:<br \/>\nEvrystheos 2<br \/>\nK. Petralona 118 54 Athens, Greece<br \/>\n+30 210 34 50 606<br \/>\n<a href=\"mailto:info@thefoundation.gr\">info@thefoundation.gr<\/a><br \/>\nWebsite <a href=\"http:\/\/www.thefoundation.gr\/\" target=\"_blank\" rel=\"noopener\">www.thefoundation.gr\/<\/a><\/p>\n<hr \/>\n<p style=\"text-align: center;\"><img loading=\"lazy\" decoding=\"async\" class=\"alignnone wp-image-111 size-medium\" src=\"https:\/\/digitalzwomen.erasmus.site\/wp-content\/uploads\/2022\/03\/idp-300x300.png\" alt=\"\" width=\"300\" height=\"300\" srcset=\"https:\/\/digitalzwomen.erasmus.site\/wp-content\/uploads\/2022\/03\/idp.png 300w, https:\/\/digitalzwomen.erasmus.site\/wp-content\/uploads\/2022\/03\/idp-150x150.png 150w\" sizes=\"(max-width: 300px) 100vw, 300px\" \/><\/p>\n<h3 style=\"text-align: center;\">IDP &#8211; Italy<\/h3>\n<p>IDP sas \u00e8 una PMI italiana con pi\u00f9 di 25 anni di esperienza internazionale. Dal 1999, IDP sas sviluppa e conduce corsi di formazione specializzati per IFS e per l&#8217;apprendimento permanente focalizzati su tematiche di carattere europeo. Ha formato pi\u00f9 di 3500 (giovani) professionisti con pi\u00f9 di 120 corsi e 8500 ore di lezioni frontali erogate in inglese, italiano e francese. Inoltre, IDP sas ha tenuto pi\u00f9 di 43 edizioni di MasterClass sullo sviluppo imprenditoriale nel contesto delle policies europee e dei programmi e, negli ultimi 7 anni, si \u00e8 specializzata nello sviluppo di pi\u00f9 di 40 corsi e moduli in riferimento ai progetti Erasmus e H2020, validati da pi\u00f9 di 350 target group. Infine, IDP sas fornisce anche servici di impreditoria, gestione, internazionalizzazione e finanziamenti europei. Ha una comprovata esperienza in gestione finanziaria, quality assurance, project management e un&#8217;affidabili reputazione internazionale come fornitore di servizi per la Commissione Europea, le Nazioni UNite e l&#8217;OIF.<\/p>\n<p>Website: <a href=\"https:\/\/idpeuropa.com\/\" target=\"_blank\" rel=\"noopener\">www.idpeuropa.com\/<\/a><\/p>","protected":false},"excerpt":{"rendered":"<p>Project coordinator: Educational Association, z. s &#8211; Czech Republic Educational Association, z.s. \u00e8 un&#8217;associazione civica il cui scopo \u00e8 quello di sviluppare una societ\u00e0 aperta dell&#8217;istruzione, fornendo informazioni, consulenza e attivit\u00e0 nel framework dell&#8217;apprendimento permanente. Lo scopo \u00e8 quello di aiutare a comprendere, in modo trasversale ai vari Paesi Europei, best practices, policies e sistemi&hellip;&nbsp;<\/p>\n","protected":false},"author":1,"featured_media":0,"parent":0,"menu_order":0,"comment_status":"closed","ping_status":"closed","template":"","meta":{"neve_meta_sidebar":"","neve_meta_container":"","neve_meta_enable_content_width":"off","neve_meta_content_width":100,"neve_meta_title_alignment":"","neve_meta_author_avatar":"","neve_post_elements_order":"","neve_meta_disable_header":"","neve_meta_disable_footer":"","neve_meta_disable_title":"","footnotes":""},"class_list":["post-107","page","type-page","status-publish","hentry"],"_links":{"self":[{"href":"https:\/\/digitalzwomen.erasmus.site\/it\/wp-json\/wp\/v2\/pages\/107","targetHints":{"allow":["GET"]}}],"collection":[{"href":"https:\/\/digitalzwomen.erasmus.site\/it\/wp-json\/wp\/v2\/pages"}],"about":[{"href":"https:\/\/digitalzwomen.erasmus.site\/it\/wp-json\/wp\/v2\/types\/page"}],"author":[{"embeddable":true,"href":"https:\/\/digitalzwomen.erasmus.site\/it\/wp-json\/wp\/v2\/users\/1"}],"replies":[{"embeddable":true,"href":"https:\/\/digitalzwomen.erasmus.site\/it\/wp-json\/wp\/v2\/comments?post=107"}],"version-history":[{"count":14,"href":"https:\/\/digitalzwomen.erasmus.site\/it\/wp-json\/wp\/v2\/pages\/107\/revisions"}],"predecessor-version":[{"id":327,"href":"https:\/\/digitalzwomen.erasmus.site\/it\/wp-json\/wp\/v2\/pages\/107\/revisions\/327"}],"wp:attachment":[{"href":"https:\/\/digitalzwomen.erasmus.site\/it\/wp-json\/wp\/v2\/media?parent=107"}],"curies":[{"name":"wp","href":"https:\/\/api.w.org\/{rel}","templated":true}]}}