{"id":107,"date":"2022-03-08T09:06:09","date_gmt":"2022-03-08T09:06:09","guid":{"rendered":"https:\/\/digitalzwomen.erasmus.site\/?page_id=107"},"modified":"2022-11-27T19:50:55","modified_gmt":"2022-11-27T19:50:55","slug":"project-partners","status":"publish","type":"page","link":"https:\/\/digitalzwomen.erasmus.site\/pl\/project-partners\/","title":{"rendered":"Partnerzy"},"content":{"rendered":"<p><\/p>\n<p style=\"text-align: center;\"><img fetchpriority=\"high\" decoding=\"async\" class=\"alignnone size-medium wp-image-109\" src=\"https:\/\/digitalzwomen.erasmus.site\/wp-content\/uploads\/2022\/03\/EA-300x300.png\" alt=\"\" width=\"300\" height=\"300\" srcset=\"https:\/\/digitalzwomen.erasmus.site\/wp-content\/uploads\/2022\/03\/EA.png 300w, https:\/\/digitalzwomen.erasmus.site\/wp-content\/uploads\/2022\/03\/EA-150x150.png 150w\" sizes=\"(max-width: 300px) 100vw, 300px\" \/><\/p>\n<h3><\/h3>\n<h3 style=\"text-align: center;\">Koordynator projektu: Educational Association, z. s &#8211; Czechy<\/h3>\n<p>Stowarzyszenie Edukacyjne, z. s. jest stowarzyszeniem obywatelskim non-profit, kt\u00f3rego celem jest rozw\u00f3j otwartego spo\u0142ecze\u0144stwa edukacyjnego, dzia\u0142ania informacyjne, konsultacyjne i doradcze w ramach uczenia si\u0119 przez ca\u0142e \u017cycie. Celem jest pomoc w lepszym zrozumieniu praktyk, polityki i system\u00f3w w edukacji i szkoleniach w r\u00f3\u017cnych krajach. Z ponad 13-letnim do\u015bwiadczeniem w uczestnictwie w projektach finansowanych przez UE, Stowarzyszenie Edukacyjne, z.s. jako ca\u0142o\u015b\u0107 promowa\u0142o lub uczestniczy\u0142o w ponad 11 projektach, w tym w projektach w dziedzinie VET. Wszystkie te projekty koncentruj\u0105 si\u0119 na dzia\u0142aniach edukacyjnych i szkoleniowych oraz dzia\u0142aniach zwi\u0105zanych z zarz\u0105dzaniem jako\u015bci\u0105. Aby zapewni\u0107 wp\u0142yw ka\u017cdego projektu wsp\u00f3\u0142pracy, pracujemy szczeg\u00f3lnie w \u015bcis\u0142ej wsp\u00f3\u0142pracy z lokalnymi partnerami reprezentuj\u0105cymi szereg szk\u00f3\u0142 VET, innych dostawc\u00f3w us\u0142ug edukacyjnych i partner\u00f3w spo\u0142ecznych.<br \/>\nObecnie kluczowe obszary dzia\u0142ania Stowarzyszenia Edukacyjnego to realizacja projekt\u00f3w w zakresie oceny umiej\u0119tno\u015bci podstawowych i przekrojowych, w szczeg\u00f3lno\u015bci przedsi\u0119biorczo\u015bci, kompetencji spo\u0142ecznych, obywatelskich, mi\u0119dzykulturowych, wspierania krytycznego my\u015blenia, umiej\u0119tno\u015bci cyfrowych i umiej\u0119tno\u015bci korzystania z medi\u00f3w.<\/p>\n<p>Strona internetowa: <a href=\"http:\/\/educationalassociation.eu\/en\" target=\"_blank\" rel=\"noopener\">www.educationalassociation.eu\/en<\/a><br \/>\nKontakt: <a href=\"mailto:educational.as@gmail.com\">educational.as@gmail.com<\/a><\/p>\n<hr \/>\n<p style=\"text-align: center;\"><img decoding=\"async\" class=\"size-medium wp-image-113 aligncenter\" src=\"https:\/\/digitalzwomen.erasmus.site\/wp-content\/uploads\/2022\/03\/mindshift-300x300.png\" alt=\"\" width=\"300\" height=\"300\" srcset=\"https:\/\/digitalzwomen.erasmus.site\/wp-content\/uploads\/2022\/03\/mindshift.png 300w, https:\/\/digitalzwomen.erasmus.site\/wp-content\/uploads\/2022\/03\/mindshift-150x150.png 150w\" sizes=\"(max-width: 300px) 100vw, 300px\" \/><\/p>\n<h3 style=\"text-align: center;\">Mindshift Talent Advisory &#8211; Portugalia<\/h3>\n<p>Mindshift jest firm\u0105 konsultingow\u0105 specjalizuj\u0105c\u0105 si\u0119 w Human Resources, kt\u00f3ra inwestuje w wydajno\u015b\u0107 i podnoszenie kompetencji ludzi, d\u0105\u017c\u0105c do zwi\u0119kszenia dojrza\u0142o\u015bci cyfrowej i interpersonalnej w organizacjach i spo\u0142ecze\u0144stwie.<br \/>\nNa poziomie krajowym MINDSHIFT ma jako jednego ze swoich g\u0142\u00f3wnych partner\u00f3w The Key Talent Portugal, HR Tech Consulting specjalizuj\u0105cy si\u0119 w Social Attraction i Talent Assessment, kt\u00f3ry rozwija platformy, takie jak Panorama i AplyGo, kt\u00f3re pozwalaj\u0105 na optymalizacj\u0119, wdro\u017cenie i zarz\u0105dzanie cyfrowymi, zwinnymi i atrakcyjnymi procesami HR opartymi na analizie danych.<br \/>\nNa poziomie europejskim jeste\u015bmy partnerem strategicznym w rozwoju projekt\u00f3w wsp\u00f3\u0142pracy ponadnarodowej, kt\u00f3rych celem jest tworzenie innowacyjnych rozwi\u0105za\u0144 w obszarze szkolenia m\u0142odzie\u017cy i doros\u0142ych, w sze\u015bciu kluczowych obszarach: upskilling &amp; reskilling, inclusion &amp; employability, sustainable development, women empowerment, entrepreneurship &amp; creativity, and digital talent.<br \/>\nMindshift jest silnie zaanga\u017cowany w zasady odpowiedzialno\u015bci spo\u0142ecznej i Agendy 2030 na rzecz zr\u00f3wnowa\u017conego rozwoju, skupiaj\u0105c zesp\u00f3\u0142 pracownik\u00f3w o r\u00f3\u017cnym pochodzeniu i do\u015bwiadczeniu zawodowym.<\/p>\n<p>Strona internetowa: <a href=\"https:\/\/www.mindshift.pt\/\" target=\"_blank\" rel=\"noopener\">www.mindshift.pt\/<\/a><br \/>\nKontakt: <a href=\"mailto:geral@mindshift.pt\">geral@mindshift.pt <\/a><\/p>\n<hr \/>\n<p style=\"text-align: center;\"><img decoding=\"async\" class=\"alignnone wp-image-110 size-medium\" src=\"https:\/\/digitalzwomen.erasmus.site\/wp-content\/uploads\/2022\/03\/silver-300x300.png\" alt=\"\" width=\"300\" height=\"300\" srcset=\"https:\/\/digitalzwomen.erasmus.site\/wp-content\/uploads\/2022\/03\/silver.png 300w, https:\/\/digitalzwomen.erasmus.site\/wp-content\/uploads\/2022\/03\/silver-150x150.png 150w\" sizes=\"(max-width: 300px) 100vw, 300px\" \/><\/p>\n<h3 style=\"text-align: center;\">Coop\u00e9rative d&#8217;Activit\u00e9 et d&#8217;Emploi dans les Services A la Personne et la Silver Economie &#8211; Francja<\/h3>\n<p>SILVER SAP (Coop\u00e9rative d&#8217;Activit\u00e9 et de l&#8217;Emploi), specjalizuje si\u0119 w sektorze us\u0142ug dla ludzi i Srebrnej Gospodarki.<br \/>\nTo\u017csamo\u015b\u0107 sp\u00f3\u0142dzielni Silversap definiuj\u0105: uznanie godno\u015bci pracy, prawo do szkolenia, kreatywno\u015b\u0107 i inicjatywa, odpowiedzialno\u015b\u0107 w ramach wsp\u00f3lnego projektu, przejrzysto\u015b\u0107 i legitymizacja organ\u00f3w zarz\u0105dzaj\u0105cych i decyzyjnych.<\/p>\n<p>Czym si\u0119 zajmujemy?<br \/>\nMentoring<br \/>\n&#8211; Dzia\u0142ania uzupe\u0142niaj\u0105ce<br \/>\n&#8211; Szkolenia<br \/>\n&#8211; Rada<br \/>\nZarz\u0105dzanie<br \/>\n&#8211; Ksi\u0119gowo\u015b\u0107<br \/>\n&#8211; Narz\u0119dzie wsp\u00f3\u0142pracy<br \/>\n&#8211; Procedury administracyjne<br \/>\nSie\u0107<br \/>\n&#8211; Dynamika wymiany<br \/>\n&#8211; Wsp\u00f3\u0142dzielenie do\u015bwiadcze\u0144<br \/>\n&#8211; Grupy analityczne<\/p>\n<p>Strona internetowa: <a href=\"http:\/\/silversap.com\" target=\"_blank\" rel=\"noopener\">www.silversap.com<\/a><\/p>\n<hr \/>\n<p style=\"text-align: center;\"><img loading=\"lazy\" decoding=\"async\" class=\"alignnone wp-image-112 size-medium\" src=\"https:\/\/digitalzwomen.erasmus.site\/wp-content\/uploads\/2022\/03\/cwep-300x300.png\" alt=\"\" width=\"300\" height=\"300\" srcset=\"https:\/\/digitalzwomen.erasmus.site\/wp-content\/uploads\/2022\/03\/cwep.png 300w, https:\/\/digitalzwomen.erasmus.site\/wp-content\/uploads\/2022\/03\/cwep-150x150.png 150w\" sizes=\"(max-width: 300px) 100vw, 300px\" \/><\/p>\n<h3 style=\"text-align: center;\">SStowarzyszenie Centrum Wspierania Edukacji i Przedsi\u0119biorczo\u015bci (CWEP) &#8211; Polska<\/h3>\n<p>Centrum Wspierania Edukacji i Przedsi\u0119biorczo\u015bci dzia\u0142a od 2004 roku prowadz\u0105c dzia\u0142alno\u015b\u0107 zwi\u0105zan\u0105 ze wspieraniem i promocj\u0105 nowoczesnej edukacji i przedsi\u0119biorczo\u015bci, badaniami naukowymi i doradztwem, prowadzeniem szkole\u0144, dzia\u0142alno\u015bci\u0105 wydawnicz\u0105, marketingow\u0105, doradcz\u0105 i reklamow\u0105. Stowarzyszenie \u015bwiadczy us\u0142ugi w zakresie wspierania edukacji poprzez realizacj\u0119 ponadnarodowych projekt\u00f3w edukacyjnych skierowanych do m\u0142odzie\u017cy oraz organizacj\u0119 szkole\u0144. Prowadzi r\u00f3wnie\u017c wsparcie doradcze dla firm dzia\u0142aj\u0105cych na terenie Podkarpacia i Ma\u0142opolski oraz realizuje projekty inwestycyjne maj\u0105ce na celu podniesienie jako\u015bci us\u0142ug wsparcia biznesu. Stowarzyszenie prowadzi dzia\u0142alno\u015b\u0107 naukow\u0105, wyra\u017caj\u0105c\u0105 si\u0119 w zaanga\u017cowaniu w projekty badawcze oraz prowadzeniu w\u0142asnych analiz spo\u0142ecznych.<\/p>\n<p>Strona internetowa: <a href=\"https:\/\/www.cwep.eu\" target=\"_blank\" rel=\"noopener\">www.cwep.eu<\/a><\/p>\n<hr \/>\n<p style=\"text-align: center;\"><img loading=\"lazy\" decoding=\"async\" class=\"alignnone wp-image-114 size-medium\" src=\"https:\/\/digitalzwomen.erasmus.site\/wp-content\/uploads\/2022\/03\/inthecity-300x300.png\" alt=\"\" width=\"300\" height=\"300\" srcset=\"https:\/\/digitalzwomen.erasmus.site\/wp-content\/uploads\/2022\/03\/inthecity.png 300w, https:\/\/digitalzwomen.erasmus.site\/wp-content\/uploads\/2022\/03\/inthecity-150x150.png 150w\" sizes=\"(max-width: 300px) 100vw, 300px\" \/><\/p>\n<h3 style=\"text-align: center;\">Inthecity Project Development &#8211; Holandia<\/h3>\n<p>Inthecity Project Development to kreatywna agencja multimedialna. Zesp\u00f3\u0142 &#8222;cyfrowych opowiadaczy historii&#8221; \u0142\u0105czy w sobie uznane i sprawdzone do\u015bwiadczenie w dziedzinie filmowania, animacji, projektowania i tworzenia stron internetowych, produkcji wideo na potrzeby imprez oraz medi\u00f3w spo\u0142eczno\u015bciowych. Specjalizacj\u0105 firmy jest odkrywanie r\u00f3\u017cnorodnych do\u015bwiadcze\u0144 z \u017cycia wzi\u0119tych i o\u017cywianie ich w taki spos\u00f3b, aby mog\u0142y dotrze\u0107 do szerokiego grona odbiorc\u00f3w z oryginalnym przes\u0142aniem i duchem tych do\u015bwiadcze\u0144.<\/p>\n<p>Kontakt: Reneta Palova &#8211; <a href=\"mailto:reneta.palova@gmail.com\">reneta.palova@gmail.com<\/a><br \/>\nStrona internetowa: <a href=\"http:\/\/www.inthecitystudio.com\" target=\"_blank\" rel=\"noopener\">www.inthecitystudio.com<\/a><\/p>\n<hr \/>\n<p style=\"text-align: center;\"><img loading=\"lazy\" decoding=\"async\" class=\"alignnone wp-image-115 size-medium\" src=\"https:\/\/digitalzwomen.erasmus.site\/wp-content\/uploads\/2022\/03\/coneqt-300x300.png\" alt=\"\" width=\"300\" height=\"300\" srcset=\"https:\/\/digitalzwomen.erasmus.site\/wp-content\/uploads\/2022\/03\/coneqt.png 300w, https:\/\/digitalzwomen.erasmus.site\/wp-content\/uploads\/2022\/03\/coneqt-150x150.png 150w\" sizes=\"(max-width: 300px) 100vw, 300px\" \/><\/p>\n<h3 style=\"text-align: center;\">Coneqt &#8211; Dania<\/h3>\n<p>Nie mo\u017cemy zmieni\u0107 \u015bwiata, ale to, co mo\u017cemy zrobi\u0107, to zmieni\u0107 spos\u00f3b, w jaki ludzie w nim \u017cyj\u0105. Poprzez edukacj\u0119, czy to formaln\u0105 czy nieformaln\u0105, mo\u017cemy pom\u00f3c w tworzeniu zmian, kt\u00f3re musimy zobaczy\u0107 w szybko rozwijaj\u0105cym si\u0119 \u015bwiecie, dlatego te\u017c edukacja musi stale si\u0119 rozwija\u0107 i odnawia\u0107. Coneqt projektuje koncepcje edukacyjne, kt\u00f3re dostarczaj\u0105 warto\u015bci ludziom i ich \u015brodowiskom oraz wspieraj\u0105 dzia\u0142ania spo\u0142eczne.<\/p>\n<p>Strona internetowa: <a href=\"http:\/\/www.coneqt.dk\/\">www.coneqt.dk<\/a><\/p>\n<hr \/>\n<p style=\"text-align: center;\"><img loading=\"lazy\" decoding=\"async\" class=\"alignnone wp-image-116 size-medium\" src=\"https:\/\/digitalzwomen.erasmus.site\/wp-content\/uploads\/2022\/03\/foundation-300x300.png\" alt=\"\" width=\"300\" height=\"300\" srcset=\"https:\/\/digitalzwomen.erasmus.site\/wp-content\/uploads\/2022\/03\/foundation.png 300w, https:\/\/digitalzwomen.erasmus.site\/wp-content\/uploads\/2022\/03\/foundation-150x150.png 150w\" sizes=\"(max-width: 300px) 100vw, 300px\" \/><\/p>\n<h3 style=\"text-align: center;\">Found.ation &#8211; Grecja<\/h3>\n<p>ound.ation to wiod\u0105ca platforma startowa dla produkt\u00f3w i us\u0142ug zorientowanych na technologi\u0119, akcelerator transformacji cyfrowej dla korporacji oraz centrum edukacji technologicznej, kt\u00f3re od pocz\u0105tku swojej dzia\u0142alno\u015bci zajmuje czo\u0142ow\u0105 pozycj\u0119 w dziedzinie innowacji i start-up\u00f3w. Zapewni\u0142a ona znacznej liczbie start-up\u00f3w cenne porady i dost\u0119p do du\u017cej sieci kluczowych graczy w ekosystemie innowacji, takich jak mentorzy i inwestorzy. Maj\u0105c w\u015br\u00f3d swoich partner\u00f3w niekt\u00f3re z najwi\u0119kszych greckich organizacji i firm, Found.ation aktywnie i z powodzeniem przyczyni\u0142 si\u0119 do pomocy im w radzeniu sobie z wyzwaniami zwi\u0105zanymi z transformacj\u0105 cyfrow\u0105, dzia\u0142aj\u0105c jako enabler i doradca poprzez wdro\u017cenie konkretnych dzia\u0142a\u0144, kt\u00f3re u\u0142atwiaj\u0105 adaptacj\u0119 mentalno\u015bci pracodawc\u00f3w, popraw\u0119 wykorzystania technologii i narz\u0119dzi cyfrowych oraz zwi\u0119kszenie umiej\u0119tno\u015bci strategicznych w celu osi\u0105gni\u0119cia ich cel\u00f3w zawodowych.<\/p>\n<p>Dane kontaktowe:<br \/>\nEvrystheos 2<br \/>\nK. Petralona 118 54 Athens, Greece<br \/>\n+30 210 34 50 606<br \/>\n<a href=\"mailto:info@thefoundation.gr\">info@thefoundation.gr<\/a><br \/>\nStrona internetowa: <a href=\"http:\/\/www.thefoundation.gr\/\" target=\"_blank\" rel=\"noopener\">www.thefoundation.gr\/<\/a><\/p>\n<hr \/>\n<p style=\"text-align: center;\"><img loading=\"lazy\" decoding=\"async\" class=\"alignnone wp-image-111 size-medium\" src=\"https:\/\/digitalzwomen.erasmus.site\/wp-content\/uploads\/2022\/03\/idp-300x300.png\" alt=\"\" width=\"300\" height=\"300\" srcset=\"https:\/\/digitalzwomen.erasmus.site\/wp-content\/uploads\/2022\/03\/idp.png 300w, https:\/\/digitalzwomen.erasmus.site\/wp-content\/uploads\/2022\/03\/idp-150x150.png 150w\" sizes=\"(max-width: 300px) 100vw, 300px\" \/><\/p>\n<h3 style=\"text-align: center;\">IDP &#8211; W\u0142ochy<\/h3>\n<p>IDP sas jest w\u0142oskim M\u015aP z 25+ letnim do\u015bwiadczeniem mi\u0119dzynarodowym. Od 1999 roku, IDP sas opracowuje i przeprowadza specjalistyczne kursy szkoleniowe dla VET i doros\u0142ych, koncentruj\u0105ce si\u0119 na kwestiach zwi\u0105zanych z UE. Przeszkoli\u0142 ponad 3.500 (m\u0142odych) profesjonalist\u00f3w na ponad 120 kursach i 8.500 godzinach szkole\u0144 bezpo\u015brednich prowadzonych w j\u0119zyku angielskim, w\u0142oskim i francuskim. IDP sas przeprowadzi\u0142 43 edycje MasterClass na temat rozwoju przedsi\u0119biorczo\u015bci w ramach polityki i program\u00f3w UE, a w ci\u0105gu ostatnich 7 lat opracowa\u0142 ponad 40 kurs\u00f3w i modu\u0142\u00f3w w ramach projekt\u00f3w Erasmus i H2020, zatwierdzonych przez ponad 350 grup docelowych. IDP sas \u015bwiadczy r\u00f3wnie\u017c us\u0142ugi w zakresie przedsi\u0119biorczo\u015bci, zarz\u0105dzania, internacjonalizacji i finansowania UE. Posiada udokumentowane do\u015bwiadczenie w zarz\u0105dzaniu finansami, zapewnianiu jako\u015bci i zarz\u0105dzaniu projektami oraz wiarygodn\u0105 pozycj\u0119 mi\u0119dzynarodow\u0105 jako dostawca us\u0142ug dla Komisji Europejskiej, Organizacji Narod\u00f3w Zjednoczonych i OIF.<\/p>\n<p>Strona internetowa: <a href=\"https:\/\/idpeuropa.com\/\" target=\"_blank\" rel=\"noopener\">www.idpeuropa.com\/<\/a><\/p>","protected":false},"excerpt":{"rendered":"<p>Koordynator projektu: Educational Association, z. s &#8211; Czechy Stowarzyszenie Edukacyjne, z. s. jest stowarzyszeniem obywatelskim non-profit, kt\u00f3rego celem jest rozw\u00f3j otwartego spo\u0142ecze\u0144stwa edukacyjnego, dzia\u0142ania informacyjne, konsultacyjne i doradcze w ramach uczenia si\u0119 przez ca\u0142e \u017cycie. Celem jest pomoc w lepszym zrozumieniu praktyk, polityki i system\u00f3w w edukacji i szkoleniach w r\u00f3\u017cnych krajach. Z ponad 13-letnim&hellip;&nbsp;<\/p>\n","protected":false},"author":1,"featured_media":0,"parent":0,"menu_order":0,"comment_status":"closed","ping_status":"closed","template":"","meta":{"neve_meta_sidebar":"","neve_meta_container":"","neve_meta_enable_content_width":"off","neve_meta_content_width":100,"neve_meta_title_alignment":"","neve_meta_author_avatar":"","neve_post_elements_order":"","neve_meta_disable_header":"","neve_meta_disable_footer":"","neve_meta_disable_title":"","footnotes":""},"class_list":["post-107","page","type-page","status-publish","hentry"],"_links":{"self":[{"href":"https:\/\/digitalzwomen.erasmus.site\/pl\/wp-json\/wp\/v2\/pages\/107","targetHints":{"allow":["GET"]}}],"collection":[{"href":"https:\/\/digitalzwomen.erasmus.site\/pl\/wp-json\/wp\/v2\/pages"}],"about":[{"href":"https:\/\/digitalzwomen.erasmus.site\/pl\/wp-json\/wp\/v2\/types\/page"}],"author":[{"embeddable":true,"href":"https:\/\/digitalzwomen.erasmus.site\/pl\/wp-json\/wp\/v2\/users\/1"}],"replies":[{"embeddable":true,"href":"https:\/\/digitalzwomen.erasmus.site\/pl\/wp-json\/wp\/v2\/comments?post=107"}],"version-history":[{"count":14,"href":"https:\/\/digitalzwomen.erasmus.site\/pl\/wp-json\/wp\/v2\/pages\/107\/revisions"}],"predecessor-version":[{"id":327,"href":"https:\/\/digitalzwomen.erasmus.site\/pl\/wp-json\/wp\/v2\/pages\/107\/revisions\/327"}],"wp:attachment":[{"href":"https:\/\/digitalzwomen.erasmus.site\/pl\/wp-json\/wp\/v2\/media?parent=107"}],"curies":[{"name":"wp","href":"https:\/\/api.w.org\/{rel}","templated":true}]}}