{"id":107,"date":"2022-03-08T09:06:09","date_gmt":"2022-03-08T09:06:09","guid":{"rendered":"https:\/\/digitalzwomen.erasmus.site\/?page_id=107"},"modified":"2022-11-27T19:50:55","modified_gmt":"2022-11-27T19:50:55","slug":"project-partners","status":"publish","type":"page","link":"https:\/\/digitalzwomen.erasmus.site\/pt\/project-partners\/","title":{"rendered":"Parceria"},"content":{"rendered":"<p><\/p>\n<p style=\"text-align: center;\"><img fetchpriority=\"high\" decoding=\"async\" class=\"alignnone size-medium wp-image-109\" src=\"https:\/\/digitalzwomen.erasmus.site\/wp-content\/uploads\/2022\/03\/EA-300x300.png\" alt=\"\" width=\"300\" height=\"300\" srcset=\"https:\/\/digitalzwomen.erasmus.site\/wp-content\/uploads\/2022\/03\/EA.png 300w, https:\/\/digitalzwomen.erasmus.site\/wp-content\/uploads\/2022\/03\/EA-150x150.png 150w\" sizes=\"(max-width: 300px) 100vw, 300px\" \/><\/p>\n<h3><\/h3>\n<h3 style=\"text-align: center;\">Coordenador do projeto: Educational Association, z. s &#8211; Rep\u00fablica Checa<\/h3>\n<p>A Educational Association, z.s. \u00e9 uma associa\u00e7\u00e3o sem fins lucrativos que tem como principal objetivo desenvolver uma sociedade educativa aberta, assim como atividades de informa\u00e7\u00e3o, consultoria e orienta\u00e7\u00e3o no \u00e2mbito da aprendizagem ao longo da vida. Pretende, assim, ajudar a uma melhor compreens\u00e3o das pr\u00e1ticas, pol\u00edticas e sistemas de educa\u00e7\u00e3o e forma\u00e7\u00e3o nos v\u00e1rios pa\u00edses. Com mais de 10 anos de experi\u00eancia na participa\u00e7\u00e3o em projetos financiados pela Uni\u00e3o Europeia (UE), a Educational Association, z.s. j\u00e1 promoveu ou participou em mais de 10 projetos, incluindo no \u00e2mbito da EFP. Todos estes projetos tiveram como principal foco atividades de educa\u00e7\u00e3o e forma\u00e7\u00e3o e de gest\u00e3o de qualidade. Para assegurar o impacte de todos os projetos de coopera\u00e7\u00e3o, trabalha em estreita colabora\u00e7\u00e3o com parceiros locais que representam entidades de EFP, outros prestadores de forma\u00e7\u00e3o e parceiros sociais.<br \/>\nAtualmente, as suas principais \u00e1reas de atua\u00e7\u00e3o s\u00e3o o desenvolvimento de projetos na \u00e1rea de avalia\u00e7\u00e3o de compet\u00eancias b\u00e1sicas e transversais no \u00e2mbito do empreendedorismo social, c\u00edvico, intercultural e de compet\u00eancias e apoio ao pensamento cr\u00edtico, compet\u00eancias digitais e literacia para os media.<\/p>\n<p>Website: <a href=\"http:\/\/educationalassociation.eu\/en\" target=\"_blank\" rel=\"noopener\">www.educationalassociation.eu\/en<\/a><br \/>\nContact: <a href=\"mailto:educational.as@gmail.com\">educational.as@gmail.com<\/a><\/p>\n<hr \/>\n<p style=\"text-align: center;\"><img decoding=\"async\" class=\"size-medium wp-image-113 aligncenter\" src=\"https:\/\/digitalzwomen.erasmus.site\/wp-content\/uploads\/2022\/03\/mindshift-300x300.png\" alt=\"\" width=\"300\" height=\"300\" srcset=\"https:\/\/digitalzwomen.erasmus.site\/wp-content\/uploads\/2022\/03\/mindshift.png 300w, https:\/\/digitalzwomen.erasmus.site\/wp-content\/uploads\/2022\/03\/mindshift-150x150.png 150w\" sizes=\"(max-width: 300px) 100vw, 300px\" \/><\/p>\n<h3 style=\"text-align: center;\">Mindshift Talent Advisory &#8211; Portugal<\/h3>\n<p>A Mindshift \u00e9 uma empresa de consultoria especialista em Recursos Humanos que aposta na performance e atualiza\u00e7\u00e3o das compet\u00eancias das pessoas, procurando favorecer a maturidade digital e interpessoal nas organiza\u00e7\u00f5es e sociedade.<br \/>\nAo n\u00edvel nacional, a MINDSHIFT tem como um dos seus principais parceiros a The Key Talent Portugal, uma Consulting HR Tech especializada em Social Atraction e Talent Assessment que desenvolve plataformas, como o Panorama e o AplyGo, que permitem otimizar, implementar e gerir processos de RH digitais, \u00e1geis e atrativos baseados em an\u00e1lise de dados.<br \/>\nAo n\u00edvel europeu, \u00e9 um parceiro de refer\u00eancia no desenvolvimento de projetos de coopera\u00e7\u00e3o estrat\u00e9gica transnacional para a cria\u00e7\u00e3o de solu\u00e7\u00f5es inovadoras na \u00e1rea da forma\u00e7\u00e3o de jovens e adultos, em seis \u00e1reas estrat\u00e9gicas: transforma\u00e7\u00e3o digital; upskiling &amp; reskilling; capacita\u00e7\u00e3o de mulheres; empreendedorismo &amp; criatividade; desenvolvimento sustent\u00e1vel; inclus\u00e3o &amp; empregabilidade.<br \/>\nA Mindshift est\u00e1 fortemente comprometida com os princ\u00edpios de Responsabilidade Social e com a Agenda 2030 para o Desenvolvimento Sustent\u00e1vel, reunindo uma equipa de colaboradores com diversas forma\u00e7\u00f5es e experi\u00eancia profissional.<\/p>\n<p>Website: <a href=\"https:\/\/www.mindshift.pt\/\" target=\"_blank\" rel=\"noopener\">www.mindshift.pt\/<\/a><br \/>\nContact: <a href=\"mailto:geral@mindshift.pt\">geral@mindshift.pt <\/a><\/p>\n<hr \/>\n<p style=\"text-align: center;\"><img decoding=\"async\" class=\"alignnone wp-image-110 size-medium\" src=\"https:\/\/digitalzwomen.erasmus.site\/wp-content\/uploads\/2022\/03\/silver-300x300.png\" alt=\"\" width=\"300\" height=\"300\" srcset=\"https:\/\/digitalzwomen.erasmus.site\/wp-content\/uploads\/2022\/03\/silver.png 300w, https:\/\/digitalzwomen.erasmus.site\/wp-content\/uploads\/2022\/03\/silver-150x150.png 150w\" sizes=\"(max-width: 300px) 100vw, 300px\" \/><\/p>\n<h3 style=\"text-align: center;\">Coop\u00e9rative d&#8217;Activit\u00e9 et d&#8217;Emploi dans les Services A la Personne et la Silver Economie &#8211; Fran\u00e7a<\/h3>\n<p>A SILVER SAP \u00e9 uma Cooperativa de Atividade e Emprego especializada no setor dos recursos humanos e na economia de prata, i.e., todas as atividades, produtos e servi\u00e7os que pretendem satisfazer as necessidades das pessoas com idade \u2265 a 50 anos.<br \/>\nEsta Cooperativa \u00e9 definida pelo seu reconhecimento da dignidade do trabalho; o direito \u00e0 forma\u00e7\u00e3o, criatividade e iniciativa; responsabilidade em projetos partilhados; transpar\u00eancia e legitimidade dos seus \u00f3rg\u00e3os de gest\u00e3o e de decis\u00e3o.<br \/>\nAs suas principais atividades s\u00e3o a mentoria (seguimento, forma\u00e7\u00e3o e aconselhamento), gest\u00e3o (contabilidade, ferramentas colaborativas e procedimentos administrativos) e redes (din\u00e2mica de troca, partilha de experi\u00eancias e grupos de an\u00e1lise).<\/p>\n<p>Website : <a href=\"http:\/\/silversap.com\" target=\"_blank\" rel=\"noopener\">www.silversap.com<\/a><\/p>\n<hr \/>\n<p style=\"text-align: center;\"><img loading=\"lazy\" decoding=\"async\" class=\"alignnone wp-image-112 size-medium\" src=\"https:\/\/digitalzwomen.erasmus.site\/wp-content\/uploads\/2022\/03\/cwep-300x300.png\" alt=\"\" width=\"300\" height=\"300\" srcset=\"https:\/\/digitalzwomen.erasmus.site\/wp-content\/uploads\/2022\/03\/cwep.png 300w, https:\/\/digitalzwomen.erasmus.site\/wp-content\/uploads\/2022\/03\/cwep-150x150.png 150w\" sizes=\"(max-width: 300px) 100vw, 300px\" \/><\/p>\n<h3 style=\"text-align: center;\">Stowarzyszenie Centrum Wspierania Edukacji i Przedsi\u0119biorczo\u015bci (CWEP) &#8211; Pol\u00f3nia<\/h3>\n<p>O Centrum Wspierania Edukacji i Przedsi\u0119biorczo\u015bci opera desde 2004, desenvolvendo atividades relacionadas com o apoio e a promo\u00e7\u00e3o da educa\u00e7\u00e3o e do empreendedorismo, investiga\u00e7\u00e3o cient\u00edfica e consultoria, atrav\u00e9s de atividades de forma\u00e7\u00e3o, publica\u00e7\u00e3o, marketing, consultoria e publicidade. Disponibiliza servi\u00e7os de apoio \u00e0 educa\u00e7\u00e3o atrav\u00e9s da implementa\u00e7\u00e3o de projetos educativos transnacionais destinados aos jovens e \u00e0s entidades de forma\u00e7\u00e3o. Adicionalmente, presta consultoria a empresas que operam na regi\u00e3o da Subc\u00e1rpia e implementa projetos de investimento destinados a melhorar a qualidade dos servi\u00e7os de apoio \u00e0s empresas. A associa\u00e7\u00e3o \u00e9 ainda ativa no campo da ci\u00eancia, expressa no empenho em projetos de investiga\u00e7\u00e3o e realiza\u00e7\u00e3o de estudos societais.<\/p>\n<p>Website: <a href=\"https:\/\/www.cwep.eu\" target=\"_blank\" rel=\"noopener\">www.cwep.eu<\/a><\/p>\n<hr \/>\n<p style=\"text-align: center;\"><img loading=\"lazy\" decoding=\"async\" class=\"alignnone wp-image-114 size-medium\" src=\"https:\/\/digitalzwomen.erasmus.site\/wp-content\/uploads\/2022\/03\/inthecity-300x300.png\" alt=\"\" width=\"300\" height=\"300\" srcset=\"https:\/\/digitalzwomen.erasmus.site\/wp-content\/uploads\/2022\/03\/inthecity.png 300w, https:\/\/digitalzwomen.erasmus.site\/wp-content\/uploads\/2022\/03\/inthecity-150x150.png 150w\" sizes=\"(max-width: 300px) 100vw, 300px\" \/><\/p>\n<h3 style=\"text-align: center;\">Inthecity Project Development &#8211; Pa\u00edses Baixos<\/h3>\n<p>A Inthecity Project Development \u00e9 uma ag\u00eancia de multim\u00e9dia. A sua equipa de contadores de hist\u00f3rias digitais incorpora conhecimentos reconhecidos e aprovados em produ\u00e7\u00e3o de filmes, anima\u00e7\u00e3o, web design e desenvolvimento, produ\u00e7\u00e3o de v\u00eddeos de eventos e redes sociais. A especializa\u00e7\u00e3o da empresa consiste em dar vida a hist\u00f3rias e a experi\u00eancias da vida real para que possam alcan\u00e7ar uma vasta audi\u00eancia.<\/p>\n<p>Contacto: Reneta Palova &#8211; <a href=\"mailto:reneta.palova@gmail.com\">reneta.palova@gmail.com<\/a><br \/>\nWebsite: <a href=\"http:\/\/www.inthecitystudio.com\" target=\"_blank\" rel=\"noopener\">www.inthecitystudio.com<\/a><\/p>\n<hr \/>\n<p style=\"text-align: center;\"><img loading=\"lazy\" decoding=\"async\" class=\"alignnone wp-image-115 size-medium\" src=\"https:\/\/digitalzwomen.erasmus.site\/wp-content\/uploads\/2022\/03\/coneqt-300x300.png\" alt=\"\" width=\"300\" height=\"300\" srcset=\"https:\/\/digitalzwomen.erasmus.site\/wp-content\/uploads\/2022\/03\/coneqt.png 300w, https:\/\/digitalzwomen.erasmus.site\/wp-content\/uploads\/2022\/03\/coneqt-150x150.png 150w\" sizes=\"(max-width: 300px) 100vw, 300px\" \/><\/p>\n<h3 style=\"text-align: center;\">Coneqt &#8211; Dinamarca<\/h3>\n<p>A Coneqt concebe conceitos de aprendizagem que fornecem valor \u00e0s pessoas e ao ambiente que as rodeia e apoiam a a\u00e7\u00e3o social. A empresa acredita que \u00e9 atrav\u00e9s da educa\u00e7\u00e3o, seja formal ou informal, que se ajuda \u00e0 mudan\u00e7a que se quer ver num mundo em r\u00e1pido desenvolvimento e que, por conseguinte, a educa\u00e7\u00e3o precisa de se desenvolver e revonar continuamente.<\/p>\n<p>Website: <a href=\"http:\/\/www.coneqt.dk\/\">www.coneqt.dk<\/a><\/p>\n<hr \/>\n<p style=\"text-align: center;\"><img loading=\"lazy\" decoding=\"async\" class=\"alignnone wp-image-116 size-medium\" src=\"https:\/\/digitalzwomen.erasmus.site\/wp-content\/uploads\/2022\/03\/foundation-300x300.png\" alt=\"\" width=\"300\" height=\"300\" srcset=\"https:\/\/digitalzwomen.erasmus.site\/wp-content\/uploads\/2022\/03\/foundation.png 300w, https:\/\/digitalzwomen.erasmus.site\/wp-content\/uploads\/2022\/03\/foundation-150x150.png 150w\" sizes=\"(max-width: 300px) 100vw, 300px\" \/><\/p>\n<h3 style=\"text-align: center;\">Found.ation &#8211; Gr\u00e9cia<\/h3>\n<p>A Found.ation \u00e9 uma start-up l\u00edder no apoio a produtos e a servi\u00e7os de base tecnol\u00f3gica, constituindo-se tamb\u00e9m como um acelerador de transforma\u00e7\u00e3o digital para as grandes empresas e uma plataforma de educa\u00e7\u00e3o tecnol\u00f3gica. Atrav\u00e9s destas atividades, estabelece uma posi\u00e7\u00e3o de lideran\u00e7a no apoio \u00e0 inova\u00e7\u00e3o e ao crescimento de start-ups. Consequentemente, tem apoiado um n\u00famero significativo de start-ups, dando-lhes acesso a uma rede de mentores, incluindo investidores do ecossistema de inova\u00e7\u00e3o. Adicionalmente, tem apoiado algumas das maiores organiza\u00e7\u00f5es e empresas da Gr\u00e9cia a enfrentarem os desafios da transforma\u00e7\u00e3o digital, atuando como facilitadora e mentora atrav\u00e9s da implementa\u00e7\u00e3o de a\u00e7\u00f5es concretas que para a adapta\u00e7\u00e3o da mentalidade dos empregadores, a melhoria da utiliza\u00e7\u00e3o da tecnologia e das ferramentas digitais e o refor\u00e7o das compet\u00eancias estrat\u00e9gias visando alcan\u00e7arem os seus objetivos profissionais.<br \/>\nContacto:<br \/>\nEvrystheos 2<br \/>\nK. Petralona 118 54 Athens, Greece<br \/>\n+30 210 34 50 606<br \/>\n<a href=\"mailto:info@thefoundation.gr\">info@thefoundation.gr<\/a><br \/>\nWebsite <a href=\"http:\/\/www.thefoundation.gr\/\" target=\"_blank\" rel=\"noopener\">www.thefoundation.gr\/<\/a><\/p>\n<hr \/>\n<p style=\"text-align: center;\"><img loading=\"lazy\" decoding=\"async\" class=\"alignnone wp-image-111 size-medium\" src=\"https:\/\/digitalzwomen.erasmus.site\/wp-content\/uploads\/2022\/03\/idp-300x300.png\" alt=\"\" width=\"300\" height=\"300\" srcset=\"https:\/\/digitalzwomen.erasmus.site\/wp-content\/uploads\/2022\/03\/idp.png 300w, https:\/\/digitalzwomen.erasmus.site\/wp-content\/uploads\/2022\/03\/idp-150x150.png 150w\" sizes=\"(max-width: 300px) 100vw, 300px\" \/><\/p>\n<h3 style=\"text-align: center;\">IDP sas &#8211; It\u00e1lia<\/h3>\n<p>O IDP sas \u00e9 uma PME italiana com mais de 25 anos de experi\u00eancia internacional. Desde 1999 que o IDP sas desenvolve e realiza cursos de forma\u00e7\u00e3o especializados para o EFP e forma\u00e7\u00e3o de adultos com foco em assuntos europeus. Formou mais de 3.500 jovens profissionais atrav\u00e9s da realiza\u00e7\u00e3o de mais de 1.200 cursos de 8.500 horas de forma\u00e7\u00e3o presencial ministrada em ingl\u00eas, italiano e franc\u00eas. Adicionalmente, realizou 43 edi\u00e7\u00f5es da MasterClass &#8220;Desenvolvimento empresarial no contexto das pol\u00edticas e programas da UE&#8221; e, nos \u00faltimos anos, desenvolveu mais de 40 cursos e m\u00f3dulos no \u00e2mbito dos projetos Erasmus+ e H2020, validados por mais de 350 representantes dos respetivos grupos-alvo. Presta tamb\u00e9m servi\u00e7os sobre empreendedorismo, gest\u00e3o, internacionaliza\u00e7\u00e3o e financiamento da UE e tem um historial comprovado em gest\u00e3o financeira, garantia de qualidade e gest\u00e3o de projetos e uma posi\u00e7\u00e3o internacional fi\u00e1vel como prestador de servi\u00e7os para a Comiss\u00e3o Europeia, Na\u00e7\u00f5es Unidas e Organiza\u00e7\u00e3o Internacional da Francofonia (OIF).<\/p>\n<p>Website: <a href=\"https:\/\/idpeuropa.com\/\" target=\"_blank\" rel=\"noopener\">www.idpeuropa.com\/<\/a><\/p>","protected":false},"excerpt":{"rendered":"<p>Coordenador do projeto: Educational Association, z. s &#8211; Rep\u00fablica Checa A Educational Association, z.s. \u00e9 uma associa\u00e7\u00e3o sem fins lucrativos que tem como principal objetivo desenvolver uma sociedade educativa aberta, assim como atividades de informa\u00e7\u00e3o, consultoria e orienta\u00e7\u00e3o no \u00e2mbito da aprendizagem ao longo da vida. Pretende, assim, ajudar a uma melhor compreens\u00e3o das pr\u00e1ticas,&hellip;&nbsp;<\/p>\n","protected":false},"author":1,"featured_media":0,"parent":0,"menu_order":0,"comment_status":"closed","ping_status":"closed","template":"","meta":{"neve_meta_sidebar":"","neve_meta_container":"","neve_meta_enable_content_width":"off","neve_meta_content_width":100,"neve_meta_title_alignment":"","neve_meta_author_avatar":"","neve_post_elements_order":"","neve_meta_disable_header":"","neve_meta_disable_footer":"","neve_meta_disable_title":"","footnotes":""},"class_list":["post-107","page","type-page","status-publish","hentry"],"_links":{"self":[{"href":"https:\/\/digitalzwomen.erasmus.site\/pt\/wp-json\/wp\/v2\/pages\/107","targetHints":{"allow":["GET"]}}],"collection":[{"href":"https:\/\/digitalzwomen.erasmus.site\/pt\/wp-json\/wp\/v2\/pages"}],"about":[{"href":"https:\/\/digitalzwomen.erasmus.site\/pt\/wp-json\/wp\/v2\/types\/page"}],"author":[{"embeddable":true,"href":"https:\/\/digitalzwomen.erasmus.site\/pt\/wp-json\/wp\/v2\/users\/1"}],"replies":[{"embeddable":true,"href":"https:\/\/digitalzwomen.erasmus.site\/pt\/wp-json\/wp\/v2\/comments?post=107"}],"version-history":[{"count":14,"href":"https:\/\/digitalzwomen.erasmus.site\/pt\/wp-json\/wp\/v2\/pages\/107\/revisions"}],"predecessor-version":[{"id":327,"href":"https:\/\/digitalzwomen.erasmus.site\/pt\/wp-json\/wp\/v2\/pages\/107\/revisions\/327"}],"wp:attachment":[{"href":"https:\/\/digitalzwomen.erasmus.site\/pt\/wp-json\/wp\/v2\/media?parent=107"}],"curies":[{"name":"wp","href":"https:\/\/api.w.org\/{rel}","templated":true}]}}