{"id":12,"date":"2022-03-07T20:06:40","date_gmt":"2022-03-07T20:06:40","guid":{"rendered":"https:\/\/digitalzwomen.erasmus.site\/?page_id=12"},"modified":"2024-01-19T14:20:50","modified_gmt":"2024-01-19T14:20:50","slug":"home","status":"publish","type":"page","link":"https:\/\/digitalzwomen.erasmus.site\/pt\/","title":{"rendered":"In\u00edcio"},"content":{"rendered":"\t\t<div data-elementor-type=\"wp-page\" data-elementor-id=\"12\" class=\"elementor elementor-12\">\n\t\t\t\t\t\t<section class=\"elementor-section elementor-top-section elementor-element elementor-element-bd7280f elementor-section-height-full elementor-section-boxed elementor-section-height-default elementor-section-items-middle\" data-id=\"bd7280f\" data-element_type=\"section\" data-e-type=\"section\" data-settings=\"{&quot;background_background&quot;:&quot;classic&quot;}\">\n\t\t\t\t\t\t\t<div class=\"elementor-background-overlay\"><\/div>\n\t\t\t\t\t\t\t<div class=\"elementor-container elementor-column-gap-default\">\n\t\t\t\t\t<div class=\"elementor-column elementor-col-100 elementor-top-column elementor-element elementor-element-2a20ec5\" data-id=\"2a20ec5\" data-element_type=\"column\" data-e-type=\"column\">\n\t\t\t<div class=\"elementor-widget-wrap elementor-element-populated\">\n\t\t\t\t\t\t<div class=\"elementor-element elementor-element-3c49be3 elementor-widget elementor-widget-heading\" data-id=\"3c49be3\" data-element_type=\"widget\" data-e-type=\"widget\" data-widget_type=\"heading.default\">\n\t\t\t\t<div class=\"elementor-widget-container\">\n\t\t\t\t\t<h2 class=\"elementor-heading-title elementor-size-xl\">DIGITAL Z-WOMEN: Empower Gen-Z women with digital entrepreneurship skills<\/h2>\t\t\t\t<\/div>\n\t\t\t\t<\/div>\n\t\t\t\t<div class=\"elementor-element elementor-element-9448345 elementor-widget elementor-widget-text-editor\" data-id=\"9448345\" data-element_type=\"widget\" data-e-type=\"widget\" data-widget_type=\"text-editor.default\">\n\t\t\t\t<div class=\"elementor-widget-container\">\n\t\t\t\t\t\t\t\t\t<p><\/p><p><\/p><p><\/p><p><strong>Projeto n.\u00ba:<\/strong> 2021-1-CZ01-KA220-VET-000024882<br \/><strong>Dura\u00e7\u00e3o do projeto:<\/strong> 01.01.2022 &#8211; 31.12.2023<\/p><p><\/p><p><\/p><p><\/p><p><\/p><p><\/p>\t\t\t\t\t\t\t\t<\/div>\n\t\t\t\t<\/div>\n\t\t\t\t\t<\/div>\n\t\t<\/div>\n\t\t\t\t\t<\/div>\n\t\t<\/section>\n\t\t\t\t<section class=\"elementor-section elementor-top-section elementor-element elementor-element-08e40c5 elementor-section-boxed elementor-section-height-default elementor-section-height-default\" data-id=\"08e40c5\" data-element_type=\"section\" data-e-type=\"section\">\n\t\t\t\t\t\t<div class=\"elementor-container elementor-column-gap-default\">\n\t\t\t\t\t<div class=\"elementor-column elementor-col-50 elementor-top-column elementor-element elementor-element-42ba57d\" data-id=\"42ba57d\" data-element_type=\"column\" data-e-type=\"column\">\n\t\t\t<div class=\"elementor-widget-wrap elementor-element-populated\">\n\t\t\t\t\t\t<div class=\"elementor-element elementor-element-2c56e32 elementor-widget elementor-widget-menu-anchor\" data-id=\"2c56e32\" data-element_type=\"widget\" data-e-type=\"widget\" data-widget_type=\"menu-anchor.default\">\n\t\t\t\t<div class=\"elementor-widget-container\">\n\t\t\t\t\t\t\t<div class=\"elementor-menu-anchor\" id=\"about\"><\/div>\n\t\t\t\t\t\t<\/div>\n\t\t\t\t<\/div>\n\t\t\t\t<div class=\"elementor-element elementor-element-7f728e8 elementor-widget elementor-widget-heading\" data-id=\"7f728e8\" data-element_type=\"widget\" data-e-type=\"widget\" data-widget_type=\"heading.default\">\n\t\t\t\t<div class=\"elementor-widget-container\">\n\t\t\t\t\t<h2 class=\"elementor-heading-title elementor-size-default\">Sobre o projeto<\/h2>\t\t\t\t<\/div>\n\t\t\t\t<\/div>\n\t\t\t\t<div class=\"elementor-element elementor-element-c4b4077 elementor-widget elementor-widget-text-editor\" data-id=\"c4b4077\" data-element_type=\"widget\" data-e-type=\"widget\" data-widget_type=\"text-editor.default\">\n\t\t\t\t<div class=\"elementor-widget-container\">\n\t\t\t\t\t\t\t\t\t<p><\/p><p><\/p><p><\/p><p>O projeto DIGITAL Z-WOMEN pretende capacitar as mulheres da gera\u00e7\u00e3o Z &#8211; nascidas entre 1995 e 2010 &#8211; com compet\u00eancias de inova\u00e7\u00e3o e empreendedorismo digital, para que tirem partido das oportunidades trazidas pela transforma\u00e7\u00e3o digital da sociedade.<\/p><p><\/p><p><\/p><p><\/p><p><\/p><p><\/p>\t\t\t\t\t\t\t\t<\/div>\n\t\t\t\t<\/div>\n\t\t\t\t\t<\/div>\n\t\t<\/div>\n\t\t\t\t<div class=\"elementor-column elementor-col-50 elementor-top-column elementor-element elementor-element-29eac65\" data-id=\"29eac65\" data-element_type=\"column\" data-e-type=\"column\">\n\t\t\t<div class=\"elementor-widget-wrap elementor-element-populated\">\n\t\t\t\t\t\t<div class=\"elementor-element elementor-element-2b12a6d elementor-widget elementor-widget-image\" data-id=\"2b12a6d\" data-element_type=\"widget\" data-e-type=\"widget\" data-widget_type=\"image.default\">\n\t\t\t\t<div class=\"elementor-widget-container\">\n\t\t\t\t\t\t\t\t\t\t\t\t\t\t\t<img fetchpriority=\"high\" decoding=\"async\" width=\"1024\" height=\"683\" src=\"https:\/\/digitalzwomen.erasmus.site\/wp-content\/uploads\/2022\/03\/concentrated-young-lady-working-with-laptop-home-1024x683.jpg\" class=\"attachment-large size-large wp-image-59\" alt=\"\" srcset=\"https:\/\/digitalzwomen.erasmus.site\/wp-content\/uploads\/2022\/03\/concentrated-young-lady-working-with-laptop-home-1024x683.jpg 1024w, https:\/\/digitalzwomen.erasmus.site\/wp-content\/uploads\/2022\/03\/concentrated-young-lady-working-with-laptop-home-300x200.jpg 300w, https:\/\/digitalzwomen.erasmus.site\/wp-content\/uploads\/2022\/03\/concentrated-young-lady-working-with-laptop-home-768x513.jpg 768w, https:\/\/digitalzwomen.erasmus.site\/wp-content\/uploads\/2022\/03\/concentrated-young-lady-working-with-laptop-home-1536x1025.jpg 1536w, https:\/\/digitalzwomen.erasmus.site\/wp-content\/uploads\/2022\/03\/concentrated-young-lady-working-with-laptop-home-2048x1367.jpg 2048w\" sizes=\"(max-width: 1024px) 100vw, 1024px\" \/>\t\t\t\t\t\t\t\t\t\t\t\t\t\t\t<\/div>\n\t\t\t\t<\/div>\n\t\t\t\t\t<\/div>\n\t\t<\/div>\n\t\t\t\t\t<\/div>\n\t\t<\/section>\n\t\t\t\t<section class=\"elementor-section elementor-top-section elementor-element elementor-element-989c373 elementor-section-boxed elementor-section-height-default elementor-section-height-default\" data-id=\"989c373\" data-element_type=\"section\" data-e-type=\"section\">\n\t\t\t\t\t\t<div class=\"elementor-container elementor-column-gap-default\">\n\t\t\t\t\t<div class=\"elementor-column elementor-col-50 elementor-top-column elementor-element elementor-element-8f489f1\" data-id=\"8f489f1\" data-element_type=\"column\" data-e-type=\"column\">\n\t\t\t<div class=\"elementor-widget-wrap elementor-element-populated\">\n\t\t\t\t\t\t<div class=\"elementor-element elementor-element-ac3f60b elementor-widget elementor-widget-image\" data-id=\"ac3f60b\" data-element_type=\"widget\" data-e-type=\"widget\" data-widget_type=\"image.default\">\n\t\t\t\t<div class=\"elementor-widget-container\">\n\t\t\t\t\t\t\t\t\t\t\t\t\t\t\t<img decoding=\"async\" width=\"1024\" height=\"713\" src=\"https:\/\/digitalzwomen.erasmus.site\/wp-content\/uploads\/2022\/03\/happy-woman-with-phone-1024x713.jpg\" class=\"attachment-large size-large wp-image-82\" alt=\"\" srcset=\"https:\/\/digitalzwomen.erasmus.site\/wp-content\/uploads\/2022\/03\/happy-woman-with-phone-1024x713.jpg 1024w, https:\/\/digitalzwomen.erasmus.site\/wp-content\/uploads\/2022\/03\/happy-woman-with-phone-300x209.jpg 300w, https:\/\/digitalzwomen.erasmus.site\/wp-content\/uploads\/2022\/03\/happy-woman-with-phone-768x535.jpg 768w, https:\/\/digitalzwomen.erasmus.site\/wp-content\/uploads\/2022\/03\/happy-woman-with-phone-1536x1069.jpg 1536w, https:\/\/digitalzwomen.erasmus.site\/wp-content\/uploads\/2022\/03\/happy-woman-with-phone-2048x1425.jpg 2048w\" sizes=\"(max-width: 1024px) 100vw, 1024px\" \/>\t\t\t\t\t\t\t\t\t\t\t\t\t\t\t<\/div>\n\t\t\t\t<\/div>\n\t\t\t\t\t<\/div>\n\t\t<\/div>\n\t\t\t\t<div class=\"elementor-column elementor-col-50 elementor-top-column elementor-element elementor-element-9921ee5\" data-id=\"9921ee5\" data-element_type=\"column\" data-e-type=\"column\">\n\t\t\t<div class=\"elementor-widget-wrap elementor-element-populated\">\n\t\t\t\t\t\t<div class=\"elementor-element elementor-element-5a2fa10 elementor-widget elementor-widget-heading\" data-id=\"5a2fa10\" data-element_type=\"widget\" data-e-type=\"widget\" data-widget_type=\"heading.default\">\n\t\t\t\t<div class=\"elementor-widget-container\">\n\t\t\t\t\t<h2 class=\"elementor-heading-title elementor-size-default\">Objetivos<\/h2>\t\t\t\t<\/div>\n\t\t\t\t<\/div>\n\t\t\t\t<div class=\"elementor-element elementor-element-7bb62d5 elementor-widget elementor-widget-text-editor\" data-id=\"7bb62d5\" data-element_type=\"widget\" data-e-type=\"widget\" data-widget_type=\"text-editor.default\">\n\t\t\t\t<div class=\"elementor-widget-container\">\n\t\t\t\t\t\t\t\t\t<p>Os principais objetivos do projeto DIGITAL Z-WOMEN s\u00e3o os seguintes:<\/p><ul><li>identificar exemplos inspiradores de empreendedoras digitais;<\/li><li>desenvolver e testar um percurso formativo com foco no empreendedorismo digital e desenvolvimento de neg\u00f3cios digitais para mulheres da gera\u00e7\u00e3o Z;<\/li><li>criar uma plataforma para aprendizagem digital que permita \u00e0s mulheres da gera\u00e7\u00e3o Z e formadores de Ensino e Forma\u00e7\u00e3o Profissional (EFP) que com elas trabalhem, aceder a recursos formativos interativos, abertos e ajustados \u00e0s suas necessidades.<\/li><\/ul>\t\t\t\t\t\t\t\t<\/div>\n\t\t\t\t<\/div>\n\t\t\t\t\t<\/div>\n\t\t<\/div>\n\t\t\t\t\t<\/div>\n\t\t<\/section>\n\t\t\t\t<section class=\"elementor-section elementor-top-section elementor-element elementor-element-b362a30 elementor-section-boxed elementor-section-height-default elementor-section-height-default\" data-id=\"b362a30\" data-element_type=\"section\" data-e-type=\"section\">\n\t\t\t\t\t\t<div class=\"elementor-container elementor-column-gap-default\">\n\t\t\t\t\t<div class=\"elementor-column elementor-col-100 elementor-top-column elementor-element elementor-element-361a7b1\" data-id=\"361a7b1\" data-element_type=\"column\" data-e-type=\"column\">\n\t\t\t<div class=\"elementor-widget-wrap elementor-element-populated\">\n\t\t\t\t\t\t<div class=\"elementor-element elementor-element-cbd7ef3 elementor-widget elementor-widget-menu-anchor\" data-id=\"cbd7ef3\" data-element_type=\"widget\" data-e-type=\"widget\" data-widget_type=\"menu-anchor.default\">\n\t\t\t\t<div class=\"elementor-widget-container\">\n\t\t\t\t\t\t\t<div class=\"elementor-menu-anchor\" id=\"results\"><\/div>\n\t\t\t\t\t\t<\/div>\n\t\t\t\t<\/div>\n\t\t\t\t<div class=\"elementor-element elementor-element-3d1c9c1 elementor-widget elementor-widget-heading\" data-id=\"3d1c9c1\" data-element_type=\"widget\" data-e-type=\"widget\" data-widget_type=\"heading.default\">\n\t\t\t\t<div class=\"elementor-widget-container\">\n\t\t\t\t\t<h2 class=\"elementor-heading-title elementor-size-default\">Resultados do projeto<\/h2>\t\t\t\t<\/div>\n\t\t\t\t<\/div>\n\t\t\t\t\t<\/div>\n\t\t<\/div>\n\t\t\t\t\t<\/div>\n\t\t<\/section>\n\t\t\t\t<section class=\"elementor-section elementor-top-section elementor-element elementor-element-b3a9482 elementor-section-boxed elementor-section-height-default elementor-section-height-default\" data-id=\"b3a9482\" data-element_type=\"section\" data-e-type=\"section\">\n\t\t\t\t\t\t<div class=\"elementor-container elementor-column-gap-default\">\n\t\t\t\t\t<div class=\"elementor-column elementor-col-33 elementor-top-column elementor-element elementor-element-7e93f67\" data-id=\"7e93f67\" data-element_type=\"column\" data-e-type=\"column\">\n\t\t\t<div class=\"elementor-widget-wrap elementor-element-populated\">\n\t\t\t\t\t\t<div class=\"elementor-element elementor-element-0362739 elementor-widget elementor-widget-image\" data-id=\"0362739\" data-element_type=\"widget\" data-e-type=\"widget\" data-widget_type=\"image.default\">\n\t\t\t\t<div class=\"elementor-widget-container\">\n\t\t\t\t\t\t\t\t\t\t\t\t\t\t\t<img decoding=\"async\" width=\"150\" height=\"150\" src=\"https:\/\/digitalzwomen.erasmus.site\/wp-content\/uploads\/2023\/12\/pr1.png\" class=\"attachment-thumbnail size-thumbnail wp-image-527\" alt=\"\" \/>\t\t\t\t\t\t\t\t\t\t\t\t\t\t\t<\/div>\n\t\t\t\t<\/div>\n\t\t\t\t<div class=\"elementor-element elementor-element-cf698de elementor-widget elementor-widget-text-editor\" data-id=\"cf698de\" data-element_type=\"widget\" data-e-type=\"widget\" data-widget_type=\"text-editor.default\">\n\t\t\t\t<div class=\"elementor-widget-container\">\n\t\t\t\t\t\t\t\t\t<p>1. e-Portef\u00f3lio com hist\u00f3rias inspiradoras, representando exemplos e boas pr\u00e1ticas do mundo real de empreendedoras digitais da gera\u00e7\u00e3o Z, atrav\u00e9s de infogr\u00e1ficos, v\u00eddeos e \u00e1udios das suas entrevistas. <\/p>\t\t\t\t\t\t\t\t<\/div>\n\t\t\t\t<\/div>\n\t\t\t\t\t<\/div>\n\t\t<\/div>\n\t\t\t\t<div class=\"elementor-column elementor-col-33 elementor-top-column elementor-element elementor-element-7b35246\" data-id=\"7b35246\" data-element_type=\"column\" data-e-type=\"column\">\n\t\t\t<div class=\"elementor-widget-wrap elementor-element-populated\">\n\t\t\t\t\t\t<div class=\"elementor-element elementor-element-3dae011 elementor-widget elementor-widget-image\" data-id=\"3dae011\" data-element_type=\"widget\" data-e-type=\"widget\" data-widget_type=\"image.default\">\n\t\t\t\t<div class=\"elementor-widget-container\">\n\t\t\t\t\t\t\t\t\t\t\t\t\t\t\t<img loading=\"lazy\" decoding=\"async\" width=\"150\" height=\"150\" src=\"https:\/\/digitalzwomen.erasmus.site\/wp-content\/uploads\/2023\/12\/pr2.png\" class=\"attachment-large size-large wp-image-520\" alt=\"\" \/>\t\t\t\t\t\t\t\t\t\t\t\t\t\t\t<\/div>\n\t\t\t\t<\/div>\n\t\t\t\t<div class=\"elementor-element elementor-element-0b2710c elementor-widget elementor-widget-text-editor\" data-id=\"0b2710c\" data-element_type=\"widget\" data-e-type=\"widget\" data-widget_type=\"text-editor.default\">\n\t\t\t\t<div class=\"elementor-widget-container\">\n\t\t\t\t\t\t\t\t\t<p>2. Percurso formativo, composto por cadernos did\u00e1ticos para mulheres da gera\u00e7\u00e3o Z e recomenda\u00e7\u00f5es para profissionais\/mentores de EFP, com foco em dois conjuntos de m\u00f3dulos estruturados nas seguintes \u00e1reas:<br \/>a) empreendedorismo digital (tipologia de neg\u00f3cios digitais, principais plataformas de neg\u00f3cios digitais, perfil da empreendedora digital, principais compet\u00eancias da empreendedora digital e equil\u00edbrio entre a vida profissional e pessoal);<br \/>b) cria\u00e7\u00e3o e desenvolvimento de um neg\u00f3cio digital (gest\u00e3o da inova\u00e7\u00e3o e cria\u00e7\u00e3o do neg\u00f3cio, desenvolvimento do produto\/servi\u00e7o e plano de neg\u00f3cio, prot\u00f3tipo do neg\u00f3cio digital e t\u00e9cnicas de testagem, estrat\u00e9gias de marketing e cria\u00e7\u00e3o de conte\u00fado digital e estrat\u00e9gias de financiamento e gest\u00e3o de neg\u00f3cios digitais).<\/p>\t\t\t\t\t\t\t\t<\/div>\n\t\t\t\t<\/div>\n\t\t\t\t\t<\/div>\n\t\t<\/div>\n\t\t\t\t<div class=\"elementor-column elementor-col-33 elementor-top-column elementor-element elementor-element-bce8cc6\" data-id=\"bce8cc6\" data-element_type=\"column\" data-e-type=\"column\">\n\t\t\t<div class=\"elementor-widget-wrap elementor-element-populated\">\n\t\t\t\t\t\t<div class=\"elementor-element elementor-element-b92bb8b elementor-widget elementor-widget-image\" data-id=\"b92bb8b\" data-element_type=\"widget\" data-e-type=\"widget\" data-widget_type=\"image.default\">\n\t\t\t\t<div class=\"elementor-widget-container\">\n\t\t\t\t\t\t\t\t\t\t\t\t\t\t\t<img loading=\"lazy\" decoding=\"async\" width=\"150\" height=\"150\" src=\"https:\/\/digitalzwomen.erasmus.site\/wp-content\/uploads\/2022\/03\/Result-3-150x150.png\" class=\"attachment-thumbnail size-thumbnail wp-image-126\" alt=\"\" \/>\t\t\t\t\t\t\t\t\t\t\t\t\t\t\t<\/div>\n\t\t\t\t<\/div>\n\t\t\t\t<div class=\"elementor-element elementor-element-f5c16d7 elementor-widget elementor-widget-text-editor\" data-id=\"f5c16d7\" data-element_type=\"widget\" data-e-type=\"widget\" data-widget_type=\"text-editor.default\">\n\t\t\t\t<div class=\"elementor-widget-container\">\n\t\t\t\t\t\t\t\t\t<p>3. Plataforma abrangente, interativa e aberta para aprendizagem digital, agregadora dos diversos recursos desenvolvidos e de exerc\u00edcios interativos (e.g., cart\u00f5es de a\u00e7\u00e3o, quizzes).<\/p>\t\t\t\t\t\t\t\t<\/div>\n\t\t\t\t<\/div>\n\t\t\t\t\t<\/div>\n\t\t<\/div>\n\t\t\t\t\t<\/div>\n\t\t<\/section>\n\t\t\t\t<section class=\"elementor-section elementor-top-section elementor-element elementor-element-ab2c2ef elementor-section-content-middle elementor-section-boxed elementor-section-height-default elementor-section-height-default\" data-id=\"ab2c2ef\" data-element_type=\"section\" data-e-type=\"section\">\n\t\t\t\t\t\t<div class=\"elementor-container elementor-column-gap-default\">\n\t\t\t\t\t<div class=\"elementor-column elementor-col-50 elementor-top-column elementor-element elementor-element-bd53005\" data-id=\"bd53005\" data-element_type=\"column\" data-e-type=\"column\">\n\t\t\t<div class=\"elementor-widget-wrap\">\n\t\t\t\t\t\t\t<\/div>\n\t\t<\/div>\n\t\t\t\t<div class=\"elementor-column elementor-col-50 elementor-top-column elementor-element elementor-element-8dd37ee\" data-id=\"8dd37ee\" data-element_type=\"column\" data-e-type=\"column\">\n\t\t\t<div class=\"elementor-widget-wrap\">\n\t\t\t\t\t\t\t<\/div>\n\t\t<\/div>\n\t\t\t\t\t<\/div>\n\t\t<\/section>\n\t\t\t\t<section class=\"elementor-section elementor-top-section elementor-element elementor-element-828626e elementor-section-content-middle elementor-section-boxed elementor-section-height-default elementor-section-height-default\" data-id=\"828626e\" data-element_type=\"section\" data-e-type=\"section\">\n\t\t\t\t\t\t<div class=\"elementor-container elementor-column-gap-default\">\n\t\t\t\t\t<div class=\"elementor-column elementor-col-50 elementor-top-column elementor-element elementor-element-e2710be\" data-id=\"e2710be\" data-element_type=\"column\" data-e-type=\"column\">\n\t\t\t<div class=\"elementor-widget-wrap\">\n\t\t\t\t\t\t\t<\/div>\n\t\t<\/div>\n\t\t\t\t<div class=\"elementor-column elementor-col-50 elementor-top-column elementor-element elementor-element-26b00eb\" data-id=\"26b00eb\" data-element_type=\"column\" data-e-type=\"column\">\n\t\t\t<div class=\"elementor-widget-wrap\">\n\t\t\t\t\t\t\t<\/div>\n\t\t<\/div>\n\t\t\t\t\t<\/div>\n\t\t<\/section>\n\t\t\t\t<\/div>\n\t\t","protected":false},"excerpt":{"rendered":"<p>DIGITAL Z-WOMEN: Empower Gen-Z women with digital entrepreneurship skills Projeto n.\u00ba: 2021-1-CZ01-KA220-VET-000024882Dura\u00e7\u00e3o do projeto: 01.01.2022 &#8211; 31.12.2023 Sobre o projeto O projeto DIGITAL Z-WOMEN pretende capacitar as mulheres da gera\u00e7\u00e3o Z &#8211; nascidas entre 1995 e 2010 &#8211; com compet\u00eancias de inova\u00e7\u00e3o e empreendedorismo digital, para que tirem partido das oportunidades trazidas pela transforma\u00e7\u00e3o digital&hellip;&nbsp;<\/p>\n","protected":false},"author":1,"featured_media":0,"parent":0,"menu_order":0,"comment_status":"closed","ping_status":"closed","template":"elementor_header_footer","meta":{"neve_meta_sidebar":"","neve_meta_container":"","neve_meta_enable_content_width":"off","neve_meta_content_width":100,"neve_meta_title_alignment":"","neve_meta_author_avatar":"","neve_post_elements_order":"","neve_meta_disable_header":"","neve_meta_disable_footer":"","neve_meta_disable_title":"","footnotes":""},"class_list":["post-12","page","type-page","status-publish","hentry"],"_links":{"self":[{"href":"https:\/\/digitalzwomen.erasmus.site\/pt\/wp-json\/wp\/v2\/pages\/12","targetHints":{"allow":["GET"]}}],"collection":[{"href":"https:\/\/digitalzwomen.erasmus.site\/pt\/wp-json\/wp\/v2\/pages"}],"about":[{"href":"https:\/\/digitalzwomen.erasmus.site\/pt\/wp-json\/wp\/v2\/types\/page"}],"author":[{"embeddable":true,"href":"https:\/\/digitalzwomen.erasmus.site\/pt\/wp-json\/wp\/v2\/users\/1"}],"replies":[{"embeddable":true,"href":"https:\/\/digitalzwomen.erasmus.site\/pt\/wp-json\/wp\/v2\/comments?post=12"}],"version-history":[{"count":211,"href":"https:\/\/digitalzwomen.erasmus.site\/pt\/wp-json\/wp\/v2\/pages\/12\/revisions"}],"predecessor-version":[{"id":540,"href":"https:\/\/digitalzwomen.erasmus.site\/pt\/wp-json\/wp\/v2\/pages\/12\/revisions\/540"}],"wp:attachment":[{"href":"https:\/\/digitalzwomen.erasmus.site\/pt\/wp-json\/wp\/v2\/media?parent=12"}],"curies":[{"name":"wp","href":"https:\/\/api.w.org\/{rel}","templated":true}]}}